{"id":423556,"date":"2026-04-23T11:34:01","date_gmt":"2026-04-23T09:34:01","guid":{"rendered":"https:\/\/cipokellekek.hu\/?post_type=product&#038;p=423556"},"modified":"2026-04-23T11:35:27","modified_gmt":"2026-04-23T09:35:27","slug":"mikrogumi-d663-akcio","status":"publish","type":"product","link":"https:\/\/cipokellekek.hu\/en\/uzlet\/cipotalp-anyagok\/mikrogumi-muparafa\/mikrogumi-d663-akcio\/","title":{"rendered":"Mikrogumi (D663) AKCI\u00d3"},"content":{"rendered":"<div class=\"note note-1\">\u00daj \u00f6sszet\u00e9tel\u0171 SVIG mikrogumi. \u2022 Nagy teljes\u00edtm\u00e9ny \u2022 Extr\u00e9m k\u00f6nnyeds\u00e9g \u2022 Szuper rugalmass\u00e1g \u2022 Nagyfok\u00fa cs\u00fasz\u00e1sg\u00e1tl\u00f3 hat\u00e1s \u2022 Magas kop\u00e1s\u00e1ll\u00f3s\u00e1g T\u00e1blam\u00e9ret: 100 x 84 cm<\/div>\n<div class=\"note note-2\"><\/div>\n<div class=\"note note-3\"><\/div>","protected":false},"excerpt":{"rendered":"<p>\u00daj \u00f6sszet\u00e9tel\u0171 SVIG mikrogumi. \u2022 Nagy teljes\u00edtm\u00e9ny \u2022 Extr\u00e9m k\u00f6nnyeds\u00e9g \u2022 Szuper rugalmass\u00e1g \u2022 Nagyfok\u00fa cs\u00fasz\u00e1sg\u00e1tl\u00f3 hat\u00e1s \u2022 Magas kop\u00e1s\u00e1ll\u00f3s\u00e1g T\u00e1blam\u00e9ret: 100 x 84 cm<\/p>","protected":false},"featured_media":373113,"comment_status":"closed","ping_status":"closed","template":"","meta":{"_seopress_robots_primary_cat":"none","_seopress_titles_title":"Mikrogumi (D663)","_seopress_titles_desc":"\u00daj \u00f6sszet\u00e9tel\u0171 SVIG mikrogumi. \u2022 Nagy teljes\u00edtm\u00e9ny \u2022 Extr\u00e9m k\u00f6nnyeds\u00e9g \u2022 Szuper rugalmass\u00e1g \u2022 Nagyfok\u00fa cs\u00fasz\u00e1sg\u00e1tl\u00f3 hat\u00e1s \u2022 Magas kop\u00e1s\u00e1ll\u00f3s\u00e1g T\u00e1blam\u00e9ret: 100 x 84 cm","_seopress_robots_index":""},"product_brand":[],"product_cat":[2210,2269],"product_tag":[2363],"class_list":{"0":"post-423556","1":"product","2":"type-product","3":"status-publish","4":"has-post-thumbnail","6":"product_cat-cipotalp-anyagok","7":"product_cat-mikrogumi-muparafa","8":"product_tag-cipogyartas-es-cipojavitas","9":"pa_meret-10-mm","10":"pa_szin-bezs","11":"pa_szin-feher","12":"pa_szin-fekete","13":"pa_szin-sotet-barna","15":"first","16":"instock","17":"featured","18":"purchasable","19":"product-type-variable"},"_links":{"self":[{"href":"https:\/\/cipokellekek.hu\/en\/wp-json\/wp\/v2\/product\/423556","targetHints":{"allow":["GET"]}}],"collection":[{"href":"https:\/\/cipokellekek.hu\/en\/wp-json\/wp\/v2\/product"}],"about":[{"href":"https:\/\/cipokellekek.hu\/en\/wp-json\/wp\/v2\/types\/product"}],"replies":[{"embeddable":true,"href":"https:\/\/cipokellekek.hu\/en\/wp-json\/wp\/v2\/comments?post=423556"}],"wp:featuredmedia":[{"embeddable":true,"href":"https:\/\/cipokellekek.hu\/en\/wp-json\/wp\/v2\/media\/373113"}],"wp:attachment":[{"href":"https:\/\/cipokellekek.hu\/en\/wp-json\/wp\/v2\/media?parent=423556"}],"wp:term":[{"taxonomy":"product_brand","embeddable":true,"href":"https:\/\/cipokellekek.hu\/en\/wp-json\/wp\/v2\/product_brand?post=423556"},{"taxonomy":"product_cat","embeddable":true,"href":"https:\/\/cipokellekek.hu\/en\/wp-json\/wp\/v2\/product_cat?post=423556"},{"taxonomy":"product_tag","embeddable":true,"href":"https:\/\/cipokellekek.hu\/en\/wp-json\/wp\/v2\/product_tag?post=423556"}],"curies":[{"name":"wp","href":"https:\/\/api.w.org\/{rel}","templated":true}]}}