{"id":403740,"date":"2026-03-17T13:42:25","date_gmt":"2026-03-17T11:42:25","guid":{"rendered":"https:\/\/cipokellekek.hu\/?post_type=product&#038;p=403740"},"modified":"2026-03-17T14:14:50","modified_gmt":"2026-03-17T12:14:50","slug":"formatalp-d200ns","status":"publish","type":"product","link":"https:\/\/cipokellekek.hu\/en\/uzlet\/cipotalp-anyagok\/formatalpak\/formatalp-d200ns\/","title":{"rendered":"Formatalp parafa granul\u00e1tummal (D200NS)"},"content":{"rendered":"<div class=\"note note-1\">L\u00e1bujj vastags\u00e1g: 11 mm, Sarok vastags\u00e1g: 25 mm<\/div>\n<div class=\"note note-2\"><\/div>\n<div class=\"note note-3\"><\/div>","protected":false},"excerpt":{"rendered":"<p>L\u00e1bujj vastags\u00e1g: 11 mm, Sarok vastags\u00e1g: 25 mm<\/p>","protected":false},"featured_media":403749,"comment_status":"closed","ping_status":"closed","template":"","meta":{"_seopress_robots_primary_cat":"none","_seopress_titles_title":"Formatalp (D200NS)","_seopress_titles_desc":"L\u00e1bujj vastags\u00e1g: 11 mm, Sarok vastags\u00e1g: 25 mm","_seopress_robots_index":""},"product_brand":[],"product_cat":[2210,2225],"product_tag":[2363],"class_list":{"0":"post-403740","1":"product","2":"type-product","3":"status-publish","4":"has-post-thumbnail","6":"product_cat-cipotalp-anyagok","7":"product_cat-formatalpak","8":"product_tag-cipogyartas-es-cipojavitas","9":"pa_meret-41_42","10":"pa_meret-43_44","11":"pa_szin-fekete","13":"first","14":"instock","15":"purchasable","16":"product-type-variable"},"_links":{"self":[{"href":"https:\/\/cipokellekek.hu\/en\/wp-json\/wp\/v2\/product\/403740","targetHints":{"allow":["GET"]}}],"collection":[{"href":"https:\/\/cipokellekek.hu\/en\/wp-json\/wp\/v2\/product"}],"about":[{"href":"https:\/\/cipokellekek.hu\/en\/wp-json\/wp\/v2\/types\/product"}],"replies":[{"embeddable":true,"href":"https:\/\/cipokellekek.hu\/en\/wp-json\/wp\/v2\/comments?post=403740"}],"wp:featuredmedia":[{"embeddable":true,"href":"https:\/\/cipokellekek.hu\/en\/wp-json\/wp\/v2\/media\/403749"}],"wp:attachment":[{"href":"https:\/\/cipokellekek.hu\/en\/wp-json\/wp\/v2\/media?parent=403740"}],"wp:term":[{"taxonomy":"product_brand","embeddable":true,"href":"https:\/\/cipokellekek.hu\/en\/wp-json\/wp\/v2\/product_brand?post=403740"},{"taxonomy":"product_cat","embeddable":true,"href":"https:\/\/cipokellekek.hu\/en\/wp-json\/wp\/v2\/product_cat?post=403740"},{"taxonomy":"product_tag","embeddable":true,"href":"https:\/\/cipokellekek.hu\/en\/wp-json\/wp\/v2\/product_tag?post=403740"}],"curies":[{"name":"wp","href":"https:\/\/api.w.org\/{rel}","templated":true}]}}