{"id":403725,"date":"2026-03-17T12:38:22","date_gmt":"2026-03-17T10:38:22","guid":{"rendered":"https:\/\/cipokellekek.hu\/?post_type=product&#038;p=403725"},"modified":"2026-03-17T13:02:20","modified_gmt":"2026-03-17T11:02:20","slug":"feltalp-d237","status":"publish","type":"product","link":"https:\/\/cipokellekek.hu\/en\/uzlet\/cipotalp-anyagok\/feltalpak-sarkak-sarokflekkek\/feltalp-d237\/","title":{"rendered":"F\u00e9ltalp (D237)"},"content":{"rendered":"<div class=\"note note-1\">F\u00e9ltalp, amely a D236 cikksz\u00e1m\u00fa sarokkal alkot egy p\u00e1rt. Vastags\u00e1ga 5 mm. A talp \u00e1tm\u00e9r\u0151je nr. 5<\/div>\n<div class=\"note note-3\"><\/div>","protected":false},"excerpt":{"rendered":"<p>F\u00e9ltalp, amely a D236 cikksz\u00e1m\u00fa sarokkal alkot egy p\u00e1rt. Vastags\u00e1ga 5 mm. A talp \u00e1tm\u00e9r\u0151je nr. 5<\/p>","protected":false},"featured_media":403727,"comment_status":"closed","ping_status":"closed","template":"","meta":{"_seopress_robots_primary_cat":"none","_seopress_titles_title":"F\u00e9ltalp (D237)","_seopress_titles_desc":"F\u00e9ltalp, amely a D236 cikksz\u00e1m\u00fa sarokkal alkot egy p\u00e1rt. Vastags\u00e1ga 5 mm. A talp \u00e1tm\u00e9r\u0151je fekete sz\u00ednben nr. 5","_seopress_robots_index":""},"product_brand":[],"product_cat":[2210,2214],"product_tag":[2363],"class_list":{"0":"post-403725","1":"product","2":"type-product","3":"status-publish","4":"has-post-thumbnail","6":"product_cat-cipotalp-anyagok","7":"product_cat-feltalpak-sarkak-sarokflekkek","8":"product_tag-cipogyartas-es-cipojavitas","9":"pa_szin-fekete","11":"first","12":"instock","13":"purchasable","14":"product-type-variable"},"_links":{"self":[{"href":"https:\/\/cipokellekek.hu\/en\/wp-json\/wp\/v2\/product\/403725","targetHints":{"allow":["GET"]}}],"collection":[{"href":"https:\/\/cipokellekek.hu\/en\/wp-json\/wp\/v2\/product"}],"about":[{"href":"https:\/\/cipokellekek.hu\/en\/wp-json\/wp\/v2\/types\/product"}],"replies":[{"embeddable":true,"href":"https:\/\/cipokellekek.hu\/en\/wp-json\/wp\/v2\/comments?post=403725"}],"wp:featuredmedia":[{"embeddable":true,"href":"https:\/\/cipokellekek.hu\/en\/wp-json\/wp\/v2\/media\/403727"}],"wp:attachment":[{"href":"https:\/\/cipokellekek.hu\/en\/wp-json\/wp\/v2\/media?parent=403725"}],"wp:term":[{"taxonomy":"product_brand","embeddable":true,"href":"https:\/\/cipokellekek.hu\/en\/wp-json\/wp\/v2\/product_brand?post=403725"},{"taxonomy":"product_cat","embeddable":true,"href":"https:\/\/cipokellekek.hu\/en\/wp-json\/wp\/v2\/product_cat?post=403725"},{"taxonomy":"product_tag","embeddable":true,"href":"https:\/\/cipokellekek.hu\/en\/wp-json\/wp\/v2\/product_tag?post=403725"}],"curies":[{"name":"wp","href":"https:\/\/api.w.org\/{rel}","templated":true}]}}