{"id":378183,"date":"2025-11-18T14:58:10","date_gmt":"2025-11-18T12:58:10","guid":{"rendered":"https:\/\/cipokellekek.hu\/?post_type=product&#038;p=378183"},"modified":"2026-03-17T15:12:38","modified_gmt":"2026-03-17T13:12:38","slug":"cseszetalp-d555","status":"publish","type":"product","link":"https:\/\/cipokellekek.hu\/en\/uzlet\/cipotalp-anyagok\/formatalpak\/cseszetalp-d555\/","title":{"rendered":"Cs\u00e9szetalp (D555)"},"content":{"rendered":"<div class=\"note note-1\">\u00daj fejleszt\u00e9s\u0171, cs\u00e9szetalp, rugalmas, k\u00f6nny\u0171, j\u00f3l tapad \u00e9s egyszer\u0171en ragaszthat\u00f3. Ide\u00e1lis v\u00e1laszt\u00e1s t\u00e9li cip\u0151kh\u00f6z.<\/div>\n<div class=\"note note-2\">\n<p id=\"tw-target-text\" class=\"tw-data-text tw-text-large tw-ta\" dir=\"ltr\" tabindex=\"-1\" role=\"text\" data-placeholder=\"Ford\u00edt\u00e1s\" data-ved=\"2ahUKEwiou6274_uQAxW34wIHHQ9FHMAQ3ewLegQIDBAV\" aria-label=\"Leford\u00edtott sz\u00f6veg: A hegyvid\u00e9ki vil\u00e1g ihlette, robusztus, m\u00e9gis rugalmas kialak\u00edt\u00e1s\u00e1val t\u0171nik ki, t\u00f6k\u00e9letes k\u00fclt\u00e9ri l\u00e1bbeliknek, valamint er\u0151s karakter\u0171 v\u00e1rosi st\u00edlushoz.\"><span class=\"Y2IQFc\" lang=\"hu\">A hegyvid\u00e9ki vil\u00e1g ihlette, robusztus, m\u00e9gis rugalmas kialak\u00edt\u00e1s\u00e1val t\u0171nik ki, t\u00f6k\u00e9letes k\u00fclt\u00e9ri l\u00e1bbelire, valamint er\u0151s karakter\u0171 v\u00e1rosi st\u00edlushoz. \u00a0Peremmagass\u00e1g a l\u00e1bujjn\u00e1l: 33 mm Peremmagass\u00e1g a sarokn\u00e1l: 47 mm<\/span><\/p>\n<\/div>\n<div class=\"note note-3\"><\/div>","protected":false},"excerpt":{"rendered":"<p>\u00daj fejleszt\u00e9s\u0171, cs\u00e9szetalp, rugalmas, k\u00f6nny\u0171, j\u00f3l tapad \u00e9s egyszer\u0171en ragaszthat\u00f3. Ide\u00e1lis v\u00e1laszt\u00e1s t\u00e9li cip\u0151kh\u00f6z. A t\u00f6k\u00e9letes r\u00f6gz\u00edt\u00e9s \u00e9rdek\u00e9ben haszn\u00e1lja a speci\u00e1lis <a href=\"https:\/\/cipokellekek.hu\/en\/uzlet\/szerszamok\/talpfelerosito-pres-presbl2\/\">pr\u00e9sg\u00e9pet<\/a>.<\/p>","protected":false},"featured_media":378182,"comment_status":"closed","ping_status":"closed","template":"","meta":{"_seopress_robots_primary_cat":"none","_seopress_titles_title":"Cs\u00e9szetalp (D555)","_seopress_titles_desc":"\u00daj fejleszt\u00e9s\u0171, cs\u00e9szetalp, rugalmas, k\u00f6nny\u0171, j\u00f3l tapad \u00e9s egyszer\u0171en ragaszthat\u00f3. Ide\u00e1lis v\u00e1laszt\u00e1s t\u00e9li cip\u0151kh\u00f6z.","_seopress_robots_index":""},"product_brand":[],"product_cat":[2210,2225],"product_tag":[2363],"class_list":{"0":"post-378183","1":"product","2":"type-product","3":"status-publish","4":"has-post-thumbnail","6":"product_cat-cipotalp-anyagok","7":"product_cat-formatalpak","8":"product_tag-cipogyartas-es-cipojavitas","9":"pa_meret-2249","10":"pa_meret-2060","11":"pa_meret-2061","12":"pa_meret-2062","13":"pa_meret-2063","14":"pa_meret-2250","15":"pa_szin-fekete","17":"first","18":"instock","19":"purchasable","20":"product-type-variable"},"_links":{"self":[{"href":"https:\/\/cipokellekek.hu\/en\/wp-json\/wp\/v2\/product\/378183","targetHints":{"allow":["GET"]}}],"collection":[{"href":"https:\/\/cipokellekek.hu\/en\/wp-json\/wp\/v2\/product"}],"about":[{"href":"https:\/\/cipokellekek.hu\/en\/wp-json\/wp\/v2\/types\/product"}],"replies":[{"embeddable":true,"href":"https:\/\/cipokellekek.hu\/en\/wp-json\/wp\/v2\/comments?post=378183"}],"wp:featuredmedia":[{"embeddable":true,"href":"https:\/\/cipokellekek.hu\/en\/wp-json\/wp\/v2\/media\/378182"}],"wp:attachment":[{"href":"https:\/\/cipokellekek.hu\/en\/wp-json\/wp\/v2\/media?parent=378183"}],"wp:term":[{"taxonomy":"product_brand","embeddable":true,"href":"https:\/\/cipokellekek.hu\/en\/wp-json\/wp\/v2\/product_brand?post=378183"},{"taxonomy":"product_cat","embeddable":true,"href":"https:\/\/cipokellekek.hu\/en\/wp-json\/wp\/v2\/product_cat?post=378183"},{"taxonomy":"product_tag","embeddable":true,"href":"https:\/\/cipokellekek.hu\/en\/wp-json\/wp\/v2\/product_tag?post=378183"}],"curies":[{"name":"wp","href":"https:\/\/api.w.org\/{rel}","templated":true}]}}