{"id":378179,"date":"2025-11-18T13:17:40","date_gmt":"2025-11-18T11:17:40","guid":{"rendered":"https:\/\/cipokellekek.hu\/?post_type=product&#038;p=378179"},"modified":"2025-11-18T13:37:18","modified_gmt":"2025-11-18T11:37:18","slug":"csat-rogzito-szegecs-50227","status":"publish","type":"product","link":"https:\/\/cipokellekek.hu\/en\/uzlet\/szegecsek\/dupla-szegecsek\/csat-rogzito-szegecs-50227\/","title":{"rendered":"Csat r\u00f6gz\u00edt\u0151 szegecs (50227)"},"content":{"rendered":"<div class=\"note note-1\">R\u00f6gz\u00edt\u0151 szegecs bels\u0151, fix r\u00f6gz\u00edt\u0151vel rendelkez\u0151 csatokhoz. (KCP)<\/div>\n<div class=\"note note-2\">A minim\u00e1lisan rendelhet\u0151 mennyis\u00e9g bizonyos sz\u00edn vagy m\u00e9ret eset\u00e9n, a gy\u00e1rt\u00e1si minimum figyelembev\u00e9tele miatt v\u00e1ltozhat.<\/div>\n<div class=\"note note-3\"><\/div>","protected":false},"excerpt":{"rendered":"<div class=\"note note-1\">R\u00f6gz\u00edt\u0151 szegecs bels\u0151, fix r\u00f6gz\u00edt\u0151vel rendelkez\u0151 csatokhoz. (KCP)<\/div>\n<div class=\"note note-2\"><\/div>","protected":false},"featured_media":378178,"comment_status":"closed","ping_status":"closed","template":"","meta":{"_seopress_robots_primary_cat":"none","_seopress_titles_title":"Csat r\u00f6gz\u00edt\u0151 szegecs (50227)","_seopress_titles_desc":"R\u00f6gz\u00edt\u0151 szegecs bels\u0151, fix r\u00f6gz\u00edt\u0151vel rendelkez\u0151 csatokhoz.\u00a0(KCP)","_seopress_robots_index":""},"product_brand":[],"product_cat":[2179,2178],"product_tag":[2364,2363,2295],"class_list":{"0":"post-378179","1":"product","2":"type-product","3":"status-publish","4":"has-post-thumbnail","6":"product_cat-dupla-szegecsek","7":"product_cat-szegecsek","8":"product_tag-bordiszmu-es-ruhagyartas","9":"product_tag-cipogyartas-es-cipojavitas","10":"product_tag-nyomdaipar","11":"pa_anyag-rez","12":"pa_anyag-vas","13":"pa_szin-arany","14":"pa_szin-bronz-antik","15":"pa_szin-bronzex","16":"pa_szin-ezust-antik","17":"pa_szin-fekete-nikkel","18":"pa_szin-fenyes-sargarez","19":"pa_szin-matt-nikkel","20":"pa_szin-nikkel","21":"pa_szin-nikkelmentes-nikkel","22":"pa_szin-rozsaszin-arany","23":"pa_szin-sargarez-antik","25":"first","26":"instock","27":"purchasable","28":"product-type-variable"},"_links":{"self":[{"href":"https:\/\/cipokellekek.hu\/en\/wp-json\/wp\/v2\/product\/378179","targetHints":{"allow":["GET"]}}],"collection":[{"href":"https:\/\/cipokellekek.hu\/en\/wp-json\/wp\/v2\/product"}],"about":[{"href":"https:\/\/cipokellekek.hu\/en\/wp-json\/wp\/v2\/types\/product"}],"replies":[{"embeddable":true,"href":"https:\/\/cipokellekek.hu\/en\/wp-json\/wp\/v2\/comments?post=378179"}],"wp:featuredmedia":[{"embeddable":true,"href":"https:\/\/cipokellekek.hu\/en\/wp-json\/wp\/v2\/media\/378178"}],"wp:attachment":[{"href":"https:\/\/cipokellekek.hu\/en\/wp-json\/wp\/v2\/media?parent=378179"}],"wp:term":[{"taxonomy":"product_brand","embeddable":true,"href":"https:\/\/cipokellekek.hu\/en\/wp-json\/wp\/v2\/product_brand?post=378179"},{"taxonomy":"product_cat","embeddable":true,"href":"https:\/\/cipokellekek.hu\/en\/wp-json\/wp\/v2\/product_cat?post=378179"},{"taxonomy":"product_tag","embeddable":true,"href":"https:\/\/cipokellekek.hu\/en\/wp-json\/wp\/v2\/product_tag?post=378179"}],"curies":[{"name":"wp","href":"https:\/\/api.w.org\/{rel}","templated":true}]}}