{"id":377754,"date":"2025-11-03T12:09:53","date_gmt":"2025-11-03T10:09:53","guid":{"rendered":"https:\/\/cipokellekek.hu\/?post_type=product&#038;p=377754"},"modified":"2026-03-17T12:14:11","modified_gmt":"2026-03-17T10:14:11","slug":"bakancs-sarok-d236","status":"publish","type":"product","link":"https:\/\/cipokellekek.hu\/en\/uzlet\/cipotalp-anyagok\/feltalpak-sarkak-sarokflekkek\/bakancs-sarok-d236\/","title":{"rendered":"Bakancs sarok (D236)"},"content":{"rendered":"<div class=\"note note-2\"><\/div>\n<div class=\"note note-2\">\n<p data-start=\"221\" data-end=\"618\">A kompakt gumikever\u00e9k kiv\u00e1l\u00f3 kop\u00e1s\u00e1ll\u00f3s\u00e1got \u00e9s biztons\u00e1gos tapad\u00e1st biztos\u00edt, a jellegzetes \u201eTrapper\u201d mint\u00e1zat pedig stabil j\u00e1r\u00e1st ad m\u00e9g cs\u00fasz\u00f3s fel\u00fcleten is.<br data-start=\"494\" data-end=\"497\" \/>Egyszer\u0171en ragaszthat\u00f3, pontosan illeszkedik, \u00e9s hossz\u00fa \u00e9lettartam\u00e1val megb\u00edzhat\u00f3 megold\u00e1s a cip\u0151jav\u00edt\u00e1sban.<\/p>\n<p data-start=\"221\" data-end=\"618\">Vastags\u00e1g: 8 mm<\/p>\n<p data-start=\"221\" data-end=\"618\">A pontos m\u00e9retez\u00e9s a k\u00e9pen l\u00e1that\u00f3.<\/p>\n<\/div>\n<div class=\"note note-3\"><\/div>","protected":false},"excerpt":{"rendered":"<div class=\"note note-2\">\n<p data-start=\"221\" data-end=\"618\">Strapab\u00edr\u00f3, nagy tapad\u00e1s\u00fa sarok, bakancsok \u00e9s munkacip\u0151k jav\u00edt\u00e1s\u00e1hoz. Egyszer\u0171en ragaszthat\u00f3, pontosan illeszkedik, \u00e9s hossz\u00fa \u00e9lettartam\u00fa.<\/p>\n<\/div>","protected":false},"featured_media":377757,"comment_status":"closed","ping_status":"closed","template":"","meta":{"_seopress_robots_primary_cat":"none","_seopress_titles_title":"Bakancs sarok (D236)","_seopress_titles_desc":"Strapab\u00edr\u00f3, nagy tapad\u00e1s\u00fa sarok, bakancsok \u00e9s munkacip\u0151k jav\u00edt\u00e1s\u00e1hoz. Egyszer\u0171en ragaszthat\u00f3, pontosan illeszkedik, \u00e9s hossz\u00fa \u00e9lettartam\u00fa.","_seopress_robots_index":""},"product_brand":[],"product_cat":[2210,2214],"product_tag":[2363],"class_list":{"0":"post-377754","1":"product","2":"type-product","3":"status-publish","4":"has-post-thumbnail","6":"product_cat-cipotalp-anyagok","7":"product_cat-feltalpak-sarkak-sarokflekkek","8":"product_tag-cipogyartas-es-cipojavitas","9":"pa_meret-2408","10":"pa_meret-2182","11":"pa_szin-fekete","12":"pa_szin-sotet-barna","14":"first","15":"instock","16":"purchasable","17":"product-type-variable"},"_links":{"self":[{"href":"https:\/\/cipokellekek.hu\/en\/wp-json\/wp\/v2\/product\/377754","targetHints":{"allow":["GET"]}}],"collection":[{"href":"https:\/\/cipokellekek.hu\/en\/wp-json\/wp\/v2\/product"}],"about":[{"href":"https:\/\/cipokellekek.hu\/en\/wp-json\/wp\/v2\/types\/product"}],"replies":[{"embeddable":true,"href":"https:\/\/cipokellekek.hu\/en\/wp-json\/wp\/v2\/comments?post=377754"}],"wp:featuredmedia":[{"embeddable":true,"href":"https:\/\/cipokellekek.hu\/en\/wp-json\/wp\/v2\/media\/377757"}],"wp:attachment":[{"href":"https:\/\/cipokellekek.hu\/en\/wp-json\/wp\/v2\/media?parent=377754"}],"wp:term":[{"taxonomy":"product_brand","embeddable":true,"href":"https:\/\/cipokellekek.hu\/en\/wp-json\/wp\/v2\/product_brand?post=377754"},{"taxonomy":"product_cat","embeddable":true,"href":"https:\/\/cipokellekek.hu\/en\/wp-json\/wp\/v2\/product_cat?post=377754"},{"taxonomy":"product_tag","embeddable":true,"href":"https:\/\/cipokellekek.hu\/en\/wp-json\/wp\/v2\/product_tag?post=377754"}],"curies":[{"name":"wp","href":"https:\/\/api.w.org\/{rel}","templated":true}]}}