{"id":377234,"date":"2025-10-13T10:55:07","date_gmt":"2025-10-13T08:55:07","guid":{"rendered":"https:\/\/cipokellekek.hu\/?post_type=product&#038;p=377234"},"modified":"2025-10-13T13:54:37","modified_gmt":"2025-10-13T11:54:37","slug":"formatalp-d520-urban","status":"publish","type":"product","link":"https:\/\/cipokellekek.hu\/en\/uzlet\/cipotalp-anyagok\/formatalpak\/formatalp-d520-urban\/","title":{"rendered":"Formatalp (D520 URBAN)"},"content":{"rendered":"<div class=\"note note-1\">Lapos \u00e9s sokoldal\u00fa formatalp, k\u00f6nnyen megmunk\u00e1lhat\u00f3 \u00e9s ragaszthat\u00f3, k\u00edv\u00e1l\u00f3an tapad, sz\u00e9les form\u00e1j\u00e1nak k\u00f6sz\u00f6nhet\u0151en kiv\u00e1l\u00f3an alkalmas ortop\u00e9di\u00e1ra is. Egym\u00e9ret. Talpvastags\u00e1g: 4,5 mm L\u00e1bujj vastags\u00e1g: 2,0 mm Hossz\u00fas\u00e1g: kb 38 cm; 35,5 a talp, plusz 2,5 cm a l\u00e1bujj.<\/div>\n<div class=\"note note-2\"><\/div>\n<div class=\"note note-3\"><\/div>","protected":false},"excerpt":{"rendered":"<p>Lapos \u00e9s sokoldal\u00fa formatalp, k\u00f6nnyen megmunk\u00e1lhat\u00f3 \u00e9s ragaszthat\u00f3, k\u00edv\u00e1l\u00f3an tapad, sz\u00e9les form\u00e1j\u00e1nak k\u00f6sz\u00f6nhet\u0151en kiv\u00e1l\u00f3an alkalmas ortop\u00e9di\u00e1ra is. Egym\u00e9ret. Talpvastags\u00e1g: 4,5 mm L\u00e1bujj vastags\u00e1g: 2,0 mm Hossz\u00fas\u00e1g: kb 38 cm; 35,5 a talp, plusz 2,5 cm a l\u00e1bujj.<\/p>","protected":false},"featured_media":377237,"comment_status":"closed","ping_status":"closed","template":"","meta":{"_seopress_robots_primary_cat":"none","_seopress_titles_title":"","_seopress_titles_desc":"","_seopress_robots_index":""},"product_brand":[],"product_cat":[2210,2225],"product_tag":[2363],"class_list":{"0":"post-377234","1":"product","2":"type-product","3":"status-publish","4":"has-post-thumbnail","6":"product_cat-cipotalp-anyagok","7":"product_cat-formatalpak","8":"product_tag-cipogyartas-es-cipojavitas","9":"pa_szin-feher-fekete","10":"pa_szin-kek-sarga","11":"pa_szin-sarga-zold","12":"pa_szin-szurke-piros","13":"pa_szin-szurke-sarga","14":"pa_szin-zold-szurke","16":"first","17":"instock","18":"purchasable","19":"product-type-variable"},"_links":{"self":[{"href":"https:\/\/cipokellekek.hu\/en\/wp-json\/wp\/v2\/product\/377234","targetHints":{"allow":["GET"]}}],"collection":[{"href":"https:\/\/cipokellekek.hu\/en\/wp-json\/wp\/v2\/product"}],"about":[{"href":"https:\/\/cipokellekek.hu\/en\/wp-json\/wp\/v2\/types\/product"}],"replies":[{"embeddable":true,"href":"https:\/\/cipokellekek.hu\/en\/wp-json\/wp\/v2\/comments?post=377234"}],"wp:featuredmedia":[{"embeddable":true,"href":"https:\/\/cipokellekek.hu\/en\/wp-json\/wp\/v2\/media\/377237"}],"wp:attachment":[{"href":"https:\/\/cipokellekek.hu\/en\/wp-json\/wp\/v2\/media?parent=377234"}],"wp:term":[{"taxonomy":"product_brand","embeddable":true,"href":"https:\/\/cipokellekek.hu\/en\/wp-json\/wp\/v2\/product_brand?post=377234"},{"taxonomy":"product_cat","embeddable":true,"href":"https:\/\/cipokellekek.hu\/en\/wp-json\/wp\/v2\/product_cat?post=377234"},{"taxonomy":"product_tag","embeddable":true,"href":"https:\/\/cipokellekek.hu\/en\/wp-json\/wp\/v2\/product_tag?post=377234"}],"curies":[{"name":"wp","href":"https:\/\/api.w.org\/{rel}","templated":true}]}}