{"id":376453,"date":"2025-09-22T12:06:54","date_gmt":"2025-09-22T10:06:54","guid":{"rendered":"https:\/\/cipokellekek.hu\/?post_type=product&#038;p=376453"},"modified":"2025-11-04T12:46:29","modified_gmt":"2025-11-04T10:46:29","slug":"szogletes-lemezcsat-50570","status":"publish","type":"product","link":"https:\/\/cipokellekek.hu\/en\/uzlet\/csatok\/lemezcsatok\/szogletes-lemezcsat-50570\/","title":{"rendered":"Sz\u00f6gletes lemezcsat (50570)"},"content":{"rendered":"<div class=\"note note-1\">A csat t\u00f6k\u00e9letes v\u00e1laszt\u00e1s gyerekcip\u0151kre, divat \u00e9s gy\u00f3gypapucsokra egyar\u00e1nt.<\/div>\n<div class=\"note note-2\">A minim\u00e1lisan rendelhet\u0151 mennyis\u00e9g bizonyos sz\u00edn vagy m\u00e9ret eset\u00e9n, a gy\u00e1rt\u00e1si minimum figyelembev\u00e9tele miatt v\u00e1ltozhat.<\/div>\n<div class=\"note note-3\"><\/div>","protected":false},"excerpt":{"rendered":"<p>A csat t\u00f6k\u00e9letes v\u00e1laszt\u00e1s divat \u00e9s gy\u00f3gypapucsokra egyar\u00e1nt.<\/p>","protected":false},"featured_media":376456,"comment_status":"closed","ping_status":"closed","template":"","meta":{"_seopress_robots_primary_cat":"none","_seopress_titles_title":"Sz\u00f6gletes lemezcsat (50570)","_seopress_titles_desc":"","_seopress_robots_index":""},"product_brand":[],"product_cat":[2102,2103],"product_tag":[2363],"class_list":{"0":"post-376453","1":"product","2":"type-product","3":"status-publish","4":"has-post-thumbnail","6":"product_cat-csatok","7":"product_cat-lemezcsatok","8":"product_tag-cipogyartas-es-cipojavitas","9":"pa_meret-1870","10":"pa_szin-arany","11":"pa_szin-bronz-antik","12":"pa_szin-bronzex","13":"pa_szin-ezust-antik","14":"pa_szin-fekete-nikkel","15":"pa_szin-fenyes-sargarez","16":"pa_szin-festett-ral","17":"pa_szin-matt-nikkel","18":"pa_szin-nikkel","19":"pa_szin-nikkelmentes-fekete-nikkel","20":"pa_szin-nikkelmentes-fenyes-sargarez","21":"pa_szin-nikkelmentes-nikkel","22":"pa_szin-rozsaszin-arany","23":"pa_szin-sargarez-antik","25":"first","26":"instock","27":"featured","28":"purchasable","29":"product-type-variable"},"_links":{"self":[{"href":"https:\/\/cipokellekek.hu\/en\/wp-json\/wp\/v2\/product\/376453","targetHints":{"allow":["GET"]}}],"collection":[{"href":"https:\/\/cipokellekek.hu\/en\/wp-json\/wp\/v2\/product"}],"about":[{"href":"https:\/\/cipokellekek.hu\/en\/wp-json\/wp\/v2\/types\/product"}],"replies":[{"embeddable":true,"href":"https:\/\/cipokellekek.hu\/en\/wp-json\/wp\/v2\/comments?post=376453"}],"wp:featuredmedia":[{"embeddable":true,"href":"https:\/\/cipokellekek.hu\/en\/wp-json\/wp\/v2\/media\/376456"}],"wp:attachment":[{"href":"https:\/\/cipokellekek.hu\/en\/wp-json\/wp\/v2\/media?parent=376453"}],"wp:term":[{"taxonomy":"product_brand","embeddable":true,"href":"https:\/\/cipokellekek.hu\/en\/wp-json\/wp\/v2\/product_brand?post=376453"},{"taxonomy":"product_cat","embeddable":true,"href":"https:\/\/cipokellekek.hu\/en\/wp-json\/wp\/v2\/product_cat?post=376453"},{"taxonomy":"product_tag","embeddable":true,"href":"https:\/\/cipokellekek.hu\/en\/wp-json\/wp\/v2\/product_tag?post=376453"}],"curies":[{"name":"wp","href":"https:\/\/api.w.org\/{rel}","templated":true}]}}