{"id":373064,"date":"2025-07-10T11:58:25","date_gmt":"2025-07-10T09:58:25","guid":{"rendered":"https:\/\/cipokellekek.hu\/?post_type=product&#038;p=373064"},"modified":"2026-03-17T13:39:02","modified_gmt":"2026-03-17T11:39:02","slug":"cseszetalp-d563","status":"publish","type":"product","link":"https:\/\/cipokellekek.hu\/en\/uzlet\/cipotalp-anyagok\/formatalpak\/cseszetalp-d563\/","title":{"rendered":"Cs\u00e9szetalp (D563)"},"content":{"rendered":"<div class=\"note note-1\">\u00daj fejleszt\u00e9s\u0171, cs\u00e9szetalp, rugalmas, k\u00f6nny\u0171 \u00e9s egyszer\u0171en ragaszthat\u00f3. A t\u00f6k\u00e9letes r\u00f6gz\u00edt\u00e9s \u00e9rdek\u00e9ben haszn\u00e1lja a speci\u00e1lis pr\u00e9sg\u00e9pet. Vastags\u00e1g a sarokn\u00e1l: 15 mm Vastags\u00e1g a l\u00e1bujjakn\u00e1l: 5 mm<\/div>\n<div class=\"note note-2\"><\/div>\n<div class=\"note note-3\"><\/div>","protected":false},"excerpt":{"rendered":"<p>\u00daj fejleszt\u00e9s\u0171, cs\u00e9szetalp, rugalmas, k\u00f6nny\u0171 \u00e9s egyszer\u0171en ragaszthat\u00f3. A t\u00f6k\u00e9letes r\u00f6gz\u00edt\u00e9s \u00e9rdek\u00e9ben haszn\u00e1lja a speci\u00e1lis pr\u00e9sg\u00e9pet. Vastags\u00e1g a sarokn\u00e1l: 15 mm Vastags\u00e1g a l\u00e1bujjakn\u00e1l: 5 mm<\/p>","protected":false},"featured_media":373103,"comment_status":"closed","ping_status":"closed","template":"","meta":{"_seopress_robots_primary_cat":"none","_seopress_titles_title":"Cs\u00e9szetalp (D563)","_seopress_titles_desc":"\u00daj fejleszt\u00e9s\u0171, cs\u00e9szetalp, rugalmas, k\u00f6nny\u0171 \u00e9s egyszer\u0171en ragaszthat\u00f3. A t\u00f6k\u00e9letes r\u00f6gz\u00edt\u00e9s \u00e9rdek\u00e9ben haszn\u00e1lja a speci\u00e1lis pr\u00e9sg\u00e9pet. Vastags\u00e1g a sarokn\u00e1l: 15 mm, a l\u00e1bujjakn\u00e1l: 5 mm","_seopress_robots_index":""},"product_brand":[],"product_cat":[2210,2225],"product_tag":[2363],"class_list":{"0":"post-373064","1":"product","2":"type-product","3":"status-publish","4":"has-post-thumbnail","6":"product_cat-cipotalp-anyagok","7":"product_cat-formatalpak","8":"product_tag-cipogyartas-es-cipojavitas","9":"pa_meret-2057","10":"pa_meret-2058","11":"pa_meret-2249","12":"pa_meret-2060","13":"pa_meret-2061","14":"pa_meret-2062","15":"pa_meret-2063","16":"pa_meret-2250","17":"pa_meret-2098","18":"pa_szin-feher","19":"pa_szin-fekete","20":"pa_szin-sotet-mez","22":"first","23":"instock","24":"purchasable","25":"product-type-variable"},"_links":{"self":[{"href":"https:\/\/cipokellekek.hu\/en\/wp-json\/wp\/v2\/product\/373064","targetHints":{"allow":["GET"]}}],"collection":[{"href":"https:\/\/cipokellekek.hu\/en\/wp-json\/wp\/v2\/product"}],"about":[{"href":"https:\/\/cipokellekek.hu\/en\/wp-json\/wp\/v2\/types\/product"}],"replies":[{"embeddable":true,"href":"https:\/\/cipokellekek.hu\/en\/wp-json\/wp\/v2\/comments?post=373064"}],"wp:featuredmedia":[{"embeddable":true,"href":"https:\/\/cipokellekek.hu\/en\/wp-json\/wp\/v2\/media\/373103"}],"wp:attachment":[{"href":"https:\/\/cipokellekek.hu\/en\/wp-json\/wp\/v2\/media?parent=373064"}],"wp:term":[{"taxonomy":"product_brand","embeddable":true,"href":"https:\/\/cipokellekek.hu\/en\/wp-json\/wp\/v2\/product_brand?post=373064"},{"taxonomy":"product_cat","embeddable":true,"href":"https:\/\/cipokellekek.hu\/en\/wp-json\/wp\/v2\/product_cat?post=373064"},{"taxonomy":"product_tag","embeddable":true,"href":"https:\/\/cipokellekek.hu\/en\/wp-json\/wp\/v2\/product_tag?post=373064"}],"curies":[{"name":"wp","href":"https:\/\/api.w.org\/{rel}","templated":true}]}}