{"id":373000,"date":"2025-07-08T15:18:33","date_gmt":"2025-07-08T13:18:33","guid":{"rendered":"https:\/\/cipokellekek.hu\/?post_type=product&#038;p=373000"},"modified":"2026-03-19T14:03:56","modified_gmt":"2026-03-19T12:03:56","slug":"sarokanyag-d292","status":"publish","type":"product","link":"https:\/\/cipokellekek.hu\/en\/uzlet\/cipotalp-anyagok\/sarokanyagok-sarokekek\/sarokanyag-d292\/","title":{"rendered":"Sarokanyag (D292)"},"content":{"rendered":"<div class=\"note note-1\">Norm\u00e1l kem\u00e9nys\u00e9g\u0171 sarokanyag 10 mm vastags\u00e1ggal is! Ide\u00e1lis s\u00edbakancsok jav\u00edt\u00e1s\u00e1hoz. T\u00e1bla m\u00e9ret: 63&#215;73 cm<\/div>\n<div class=\"note note-2\"><\/div>\n<div class=\"note note-3\"><\/div>","protected":false},"excerpt":{"rendered":"<p>Norm\u00e1l kem\u00e9nys\u00e9g\u0171 sarokanyag. T\u00e1bla m\u00e9ret: 63&#215;73 cm<\/p>","protected":false},"featured_media":373003,"comment_status":"closed","ping_status":"closed","template":"","meta":{"_seopress_robots_primary_cat":"none","_seopress_titles_title":"Sarokanyag (D292)","_seopress_titles_desc":"","_seopress_robots_index":""},"product_brand":[],"product_cat":[2210,2272],"product_tag":[2363],"class_list":{"0":"post-373000","1":"product","2":"type-product","3":"status-publish","4":"has-post-thumbnail","6":"product_cat-cipotalp-anyagok","7":"product_cat-sarokanyagok-sarokekek","8":"product_tag-cipogyartas-es-cipojavitas","9":"pa_meret-25-mm-2","10":"pa_meret-10-mm","11":"pa_szin-fekete","12":"pa_szin-sotet-barna","14":"first","15":"instock","16":"purchasable","17":"product-type-variable"},"_links":{"self":[{"href":"https:\/\/cipokellekek.hu\/en\/wp-json\/wp\/v2\/product\/373000","targetHints":{"allow":["GET"]}}],"collection":[{"href":"https:\/\/cipokellekek.hu\/en\/wp-json\/wp\/v2\/product"}],"about":[{"href":"https:\/\/cipokellekek.hu\/en\/wp-json\/wp\/v2\/types\/product"}],"replies":[{"embeddable":true,"href":"https:\/\/cipokellekek.hu\/en\/wp-json\/wp\/v2\/comments?post=373000"}],"wp:featuredmedia":[{"embeddable":true,"href":"https:\/\/cipokellekek.hu\/en\/wp-json\/wp\/v2\/media\/373003"}],"wp:attachment":[{"href":"https:\/\/cipokellekek.hu\/en\/wp-json\/wp\/v2\/media?parent=373000"}],"wp:term":[{"taxonomy":"product_brand","embeddable":true,"href":"https:\/\/cipokellekek.hu\/en\/wp-json\/wp\/v2\/product_brand?post=373000"},{"taxonomy":"product_cat","embeddable":true,"href":"https:\/\/cipokellekek.hu\/en\/wp-json\/wp\/v2\/product_cat?post=373000"},{"taxonomy":"product_tag","embeddable":true,"href":"https:\/\/cipokellekek.hu\/en\/wp-json\/wp\/v2\/product_tag?post=373000"}],"curies":[{"name":"wp","href":"https:\/\/api.w.org\/{rel}","templated":true}]}}