{"id":372996,"date":"2025-07-08T14:44:03","date_gmt":"2025-07-08T12:44:03","guid":{"rendered":"https:\/\/cipokellekek.hu\/?post_type=product&#038;p=372996"},"modified":"2025-10-11T12:55:22","modified_gmt":"2025-10-11T10:55:22","slug":"5-os-ringli-barazdalt-hof03-29-vas","status":"publish","type":"product","link":"https:\/\/cipokellekek.hu\/en\/uzlet\/fuzoszemek\/5-os-ringli-barazdalt-hof03-29-vas\/","title":{"rendered":"5-\u00f6s f\u0171z\u0151szem (ringli) bar\u00e1zd\u00e1lt (HOF03\/29) vas"},"content":{"rendered":"<div class=\"note note-1\">R\u00e9z alap\u00fa f\u0171z\u0151szem (ringli): A: 11,5 mm B: 5 mm C: 5,5<\/div>\n<div class=\"note note-2\"><\/div>\n<div class=\"note note-3\"><\/div>","protected":false},"excerpt":{"rendered":"<p>R\u00e9z alap\u00fa f\u0171z\u0151szem (ringli): A: 9,5 mm B: 5,5 mm C: 5,2<\/p>","protected":false},"featured_media":351337,"comment_status":"closed","ping_status":"closed","template":"","meta":{"_seopress_robots_primary_cat":"none","_seopress_titles_title":"5-\u00f6s f\u0171z\u0151szem (ringli) bar\u00e1zd\u00e1lt (HOF03\/29) vas","_seopress_titles_desc":"R\u00e9z alap\u00fa f\u0171z\u0151szem (ringli): A: 9,5 mm B: 5,5 mm C: 5,2","_seopress_robots_index":""},"product_brand":[],"product_cat":[2144],"product_tag":[2364,2363,2295],"class_list":{"0":"post-372996","1":"product","2":"type-product","3":"status-publish","4":"has-post-thumbnail","6":"product_cat-fuzoszemek","7":"product_tag-bordiszmu-es-ruhagyartas","8":"product_tag-cipogyartas-es-cipojavitas","9":"product_tag-nyomdaipar","10":"pa_szin-bronz-antik","11":"pa_szin-ezust-antik","12":"pa_szin-fekete-nikkel","13":"pa_szin-sargarez-antik","15":"first","16":"instock","17":"purchasable","18":"product-type-variable"},"_links":{"self":[{"href":"https:\/\/cipokellekek.hu\/en\/wp-json\/wp\/v2\/product\/372996","targetHints":{"allow":["GET"]}}],"collection":[{"href":"https:\/\/cipokellekek.hu\/en\/wp-json\/wp\/v2\/product"}],"about":[{"href":"https:\/\/cipokellekek.hu\/en\/wp-json\/wp\/v2\/types\/product"}],"replies":[{"embeddable":true,"href":"https:\/\/cipokellekek.hu\/en\/wp-json\/wp\/v2\/comments?post=372996"}],"wp:featuredmedia":[{"embeddable":true,"href":"https:\/\/cipokellekek.hu\/en\/wp-json\/wp\/v2\/media\/351337"}],"wp:attachment":[{"href":"https:\/\/cipokellekek.hu\/en\/wp-json\/wp\/v2\/media?parent=372996"}],"wp:term":[{"taxonomy":"product_brand","embeddable":true,"href":"https:\/\/cipokellekek.hu\/en\/wp-json\/wp\/v2\/product_brand?post=372996"},{"taxonomy":"product_cat","embeddable":true,"href":"https:\/\/cipokellekek.hu\/en\/wp-json\/wp\/v2\/product_cat?post=372996"},{"taxonomy":"product_tag","embeddable":true,"href":"https:\/\/cipokellekek.hu\/en\/wp-json\/wp\/v2\/product_tag?post=372996"}],"curies":[{"name":"wp","href":"https:\/\/api.w.org\/{rel}","templated":true}]}}