{"id":370405,"date":"2025-06-25T14:35:55","date_gmt":"2025-06-25T12:35:55","guid":{"rendered":"https:\/\/cipokellekek.hu\/?post_type=product&#038;p=370405"},"modified":"2026-03-19T17:31:09","modified_gmt":"2026-03-19T15:31:09","slug":"lagy-eva-d47-35-akcio","status":"publish","type":"product","link":"https:\/\/cipokellekek.hu\/en\/uzlet\/cipotalp-anyagok\/eva\/lagy-eva-d47-35-akcio\/","title":{"rendered":"L\u00e1gy EVA (D47.35) AKCI\u00d3!"},"content":{"rendered":"<div class=\"note note-1\">K\u00f6nny\u0171 \u00e9s rugalmas anyag, k\u00edv\u00e1l\u00f3 \u00fct\u00e9scsillap\u00edt\u00f3 tulajdons\u00e1ggal. S\u0171r\u0171s\u00e9ge: +\/- 0,20 gr\/cm3 Kem\u00e9nys\u00e9ge: +\/- 40 ShA. T\u00e1blam\u00e9ret: 90&#215;120 cm<\/div>\n<div class=\"note note-2\"><\/div>\n<div class=\"note note-3\"><\/div>","protected":false},"excerpt":{"rendered":"<p>K\u00f6nny\u0171 \u00e9s rugalmas anyag, k\u00edv\u00e1l\u00f3 \u00fct\u00e9scsillap\u00edt\u00f3 tulajdons\u00e1ggal. S\u0171r\u0171s\u00e9ge: +\/- 0,20 gr\/cm3 Kem\u00e9nys\u00e9ge: +\/- 40 ShA. T\u00e1blam\u00e9ret: 90&#215;120 cm<\/p>","protected":false},"featured_media":351462,"comment_status":"closed","ping_status":"closed","template":"","meta":{"_seopress_robots_primary_cat":"none","_seopress_titles_title":"L\u00e1gy EVA (D47.35) AKCI\u00d3!","_seopress_titles_desc":"","_seopress_robots_index":""},"product_brand":[],"product_cat":[2210,2211],"product_tag":[2363],"class_list":{"0":"post-370405","1":"product","2":"type-product","3":"status-publish","4":"has-post-thumbnail","6":"product_cat-cipotalp-anyagok","7":"product_cat-eva","8":"product_tag-cipogyartas-es-cipojavitas","9":"pa_meret-6-mm","10":"pa_szin-feher","12":"first","13":"instock","14":"purchasable","15":"product-type-variable"},"_links":{"self":[{"href":"https:\/\/cipokellekek.hu\/en\/wp-json\/wp\/v2\/product\/370405","targetHints":{"allow":["GET"]}}],"collection":[{"href":"https:\/\/cipokellekek.hu\/en\/wp-json\/wp\/v2\/product"}],"about":[{"href":"https:\/\/cipokellekek.hu\/en\/wp-json\/wp\/v2\/types\/product"}],"replies":[{"embeddable":true,"href":"https:\/\/cipokellekek.hu\/en\/wp-json\/wp\/v2\/comments?post=370405"}],"wp:featuredmedia":[{"embeddable":true,"href":"https:\/\/cipokellekek.hu\/en\/wp-json\/wp\/v2\/media\/351462"}],"wp:attachment":[{"href":"https:\/\/cipokellekek.hu\/en\/wp-json\/wp\/v2\/media?parent=370405"}],"wp:term":[{"taxonomy":"product_brand","embeddable":true,"href":"https:\/\/cipokellekek.hu\/en\/wp-json\/wp\/v2\/product_brand?post=370405"},{"taxonomy":"product_cat","embeddable":true,"href":"https:\/\/cipokellekek.hu\/en\/wp-json\/wp\/v2\/product_cat?post=370405"},{"taxonomy":"product_tag","embeddable":true,"href":"https:\/\/cipokellekek.hu\/en\/wp-json\/wp\/v2\/product_tag?post=370405"}],"curies":[{"name":"wp","href":"https:\/\/api.w.org\/{rel}","templated":true}]}}