{"id":352922,"date":"2024-06-14T17:12:47","date_gmt":"2024-06-14T15:12:47","guid":{"rendered":"https:\/\/dev.sysvol.hu\/belso\/?post_type=product&#038;p=352922"},"modified":"2025-11-04T14:28:52","modified_gmt":"2025-11-04T12:28:52","slug":"mappagumi-kapoccsal-50523","status":"publish","type":"product","link":"https:\/\/cipokellekek.hu\/en\/uzlet\/gumirugany-csatgumi\/mappagumi-kapoccsal-50523\/","title":{"rendered":"Mappagumi kapoccsal (50323)"},"content":{"rendered":"<div class=\"note note-1\">A mappagumi vastags\u00e1ga 3 mm, t\u00f6bb sz\u00ednben, kapoccsal egy\u00fctt rendelhet\u0151, a hossz\u00e1t ig\u00e9ny szerint alak\u00edtjuk.<\/div>\n<div><\/div>\n<div class=\"note note-3\"><\/div>","protected":false},"excerpt":{"rendered":"<p>A mappagumi vastags\u00e1ga 3 mm, t\u00f6bb sz\u00ednben, kapoccsal egy\u00fctt rendelhet\u0151, a hossz\u00e1t ig\u00e9ny szerint alak\u00edtjuk.<\/p>","protected":false},"featured_media":352918,"comment_status":"closed","ping_status":"closed","template":"","meta":{"_seopress_robots_primary_cat":"none","_seopress_titles_title":"Mappagumi kapoccsal (50323)","_seopress_titles_desc":"A mappagumi vastags\u00e1ga 3 mm, t\u00f6bb sz\u00ednben, kapoccsal egy\u00fctt rendelhet\u0151, a hossz\u00e1t ig\u00e9ny szerint alak\u00edtjuk.","_seopress_robots_index":""},"product_brand":[],"product_cat":[2159],"product_tag":[2295],"class_list":{"0":"post-352922","1":"product","2":"type-product","3":"status-publish","4":"has-post-thumbnail","6":"product_cat-gumirugany-csatgumi","7":"product_tag-nyomdaipar","8":"pa_szin-barna","9":"pa_szin-citromsarga","10":"pa_szin-feher","11":"pa_szin-fekete","12":"pa_szin-karamell","13":"pa_szin-lila","14":"pa_szin-narancssarga","15":"pa_szin-piros","16":"pa_szin-rozsaszin","17":"pa_szin-sotet-kek","18":"pa_szin-vilagos-kek","19":"pa_szin-zold","21":"first","22":"instock","23":"purchasable","24":"product-type-variable"},"_links":{"self":[{"href":"https:\/\/cipokellekek.hu\/en\/wp-json\/wp\/v2\/product\/352922","targetHints":{"allow":["GET"]}}],"collection":[{"href":"https:\/\/cipokellekek.hu\/en\/wp-json\/wp\/v2\/product"}],"about":[{"href":"https:\/\/cipokellekek.hu\/en\/wp-json\/wp\/v2\/types\/product"}],"replies":[{"embeddable":true,"href":"https:\/\/cipokellekek.hu\/en\/wp-json\/wp\/v2\/comments?post=352922"}],"wp:featuredmedia":[{"embeddable":true,"href":"https:\/\/cipokellekek.hu\/en\/wp-json\/wp\/v2\/media\/352918"}],"wp:attachment":[{"href":"https:\/\/cipokellekek.hu\/en\/wp-json\/wp\/v2\/media?parent=352922"}],"wp:term":[{"taxonomy":"product_brand","embeddable":true,"href":"https:\/\/cipokellekek.hu\/en\/wp-json\/wp\/v2\/product_brand?post=352922"},{"taxonomy":"product_cat","embeddable":true,"href":"https:\/\/cipokellekek.hu\/en\/wp-json\/wp\/v2\/product_cat?post=352922"},{"taxonomy":"product_tag","embeddable":true,"href":"https:\/\/cipokellekek.hu\/en\/wp-json\/wp\/v2\/product_tag?post=352922"}],"curies":[{"name":"wp","href":"https:\/\/api.w.org\/{rel}","templated":true}]}}