{"id":352919,"date":"2024-06-14T17:01:57","date_gmt":"2024-06-14T15:01:57","guid":{"rendered":"https:\/\/dev.sysvol.hu\/belso\/?post_type=product&#038;p=352919"},"modified":"2025-11-04T14:31:32","modified_gmt":"2025-11-04T12:31:32","slug":"mappagumi-kapocs-50522","status":"publish","type":"product","link":"https:\/\/cipokellekek.hu\/en\/uzlet\/fuzokapcsok\/vas\/mappagumi-kapocs-50522\/","title":{"rendered":"Mappagumi kapocs (50322)"},"content":{"rendered":"<div class=\"note note-1\">A kapocs 3 mm vastag gumit tud \u00f6sszez\u00e1rni. Sz\u00edne nikkel. Ig\u00e9ny eset\u00e9n kompletten, mappagumival egy\u00fctt sz\u00e1ll\u00edtjuk. Emellett haszn\u00e1lhat\u00f3 pap\u00edrt\u00e1sk\u00e1k szalagj\u00e1nak lez\u00e1r\u00e1s\u00e1hoz, hogy megakad\u00e1lyozzuk azok kics\u00fasz\u00e1s\u00e1t a hozz\u00e1 tartoz\u00f3 lyukb\u00f3l.<\/div>\n<div><\/div>\n<div class=\"note note-3\"><\/div>","protected":false},"excerpt":{"rendered":"<p>A kapocs 3 mm vastag gumit tud \u00f6sszez\u00e1rni. Ig\u00e9ny eset\u00e9n kompletten, mappagumival egy\u00fctt sz\u00e1ll\u00edtjuk. Emellett haszn\u00e1lhat\u00f3 pap\u00edrt\u00e1sk\u00e1k szalagj\u00e1nak lez\u00e1r\u00e1s\u00e1hoz, hogy megakad\u00e1lyozzuk azok kics\u00fasz\u00e1s\u00e1t a hozz\u00e1 tartoz\u00f3 lyukb\u00f3l.<\/p>","protected":false},"featured_media":352917,"comment_status":"closed","ping_status":"closed","template":"","meta":{"_seopress_robots_primary_cat":"none","_seopress_titles_title":"Mappagumi kapocs (50322)","_seopress_titles_desc":"A kapocs 3 mm vastag gumit tud \u00f6sszez\u00e1rni. Ig\u00e9ny eset\u00e9n kompletten, mappagumival egy\u00fctt sz\u00e1ll\u00edtjuk. Pap\u00edrt\u00e1sk\u00e1k szalagj\u00e1nak lez\u00e1r\u00e1s\u00e1hoz is haszn\u00e1lhat\u00f3.","_seopress_robots_index":""},"product_brand":[],"product_cat":[2141,2142],"product_tag":[2295],"class_list":{"0":"post-352919","1":"product","2":"type-product","3":"status-publish","4":"has-post-thumbnail","6":"product_cat-fuzokapcsok","7":"product_cat-vas","8":"product_tag-nyomdaipar","10":"first","11":"instock","12":"purchasable","13":"product-type-simple"},"_links":{"self":[{"href":"https:\/\/cipokellekek.hu\/en\/wp-json\/wp\/v2\/product\/352919","targetHints":{"allow":["GET"]}}],"collection":[{"href":"https:\/\/cipokellekek.hu\/en\/wp-json\/wp\/v2\/product"}],"about":[{"href":"https:\/\/cipokellekek.hu\/en\/wp-json\/wp\/v2\/types\/product"}],"replies":[{"embeddable":true,"href":"https:\/\/cipokellekek.hu\/en\/wp-json\/wp\/v2\/comments?post=352919"}],"wp:featuredmedia":[{"embeddable":true,"href":"https:\/\/cipokellekek.hu\/en\/wp-json\/wp\/v2\/media\/352917"}],"wp:attachment":[{"href":"https:\/\/cipokellekek.hu\/en\/wp-json\/wp\/v2\/media?parent=352919"}],"wp:term":[{"taxonomy":"product_brand","embeddable":true,"href":"https:\/\/cipokellekek.hu\/en\/wp-json\/wp\/v2\/product_brand?post=352919"},{"taxonomy":"product_cat","embeddable":true,"href":"https:\/\/cipokellekek.hu\/en\/wp-json\/wp\/v2\/product_cat?post=352919"},{"taxonomy":"product_tag","embeddable":true,"href":"https:\/\/cipokellekek.hu\/en\/wp-json\/wp\/v2\/product_tag?post=352919"}],"curies":[{"name":"wp","href":"https:\/\/api.w.org\/{rel}","templated":true}]}}