{"id":352889,"date":"2024-06-11T16:27:53","date_gmt":"2024-06-11T14:27:53","guid":{"rendered":"https:\/\/dev.sysvol.hu\/belso\/?post_type=product&#038;p=352889"},"modified":"2025-11-04T13:27:52","modified_gmt":"2025-11-04T11:27:52","slug":"fuzokapocs-50549","status":"publish","type":"product","link":"https:\/\/cipokellekek.hu\/en\/uzlet\/fuzokapcsok\/zamak\/fuzokapocs-50549\/","title":{"rendered":"F\u0171z\u0151kapocs (50549)"},"content":{"rendered":"<div class=\"note note-1\">A kapocs az SF3,0V + SL3,0V06-08 vagy 10 szegecsfej-l\u00e1b kombin\u00e1ci\u00f3val r\u00f6gz\u00edthet\u0151.<\/div>\n<div class=\"note note-2\">A minim\u00e1lisan rendelhet\u0151 mennyis\u00e9g bizonyos sz\u00edn vagy m\u00e9ret eset\u00e9n, a gy\u00e1rt\u00e1si minimum figyelembev\u00e9tele miatt v\u00e1ltozhat.<\/div>\n<div class=\"note note-3\"><\/div>","protected":false},"excerpt":{"rendered":"<p>A kapocs az SF3,0V + SL3,0V06-08 vagy 10 szegecsfej-l\u00e1b kombin\u00e1ci\u00f3val r\u00f6gz\u00edthet\u0151.<\/p>\n<p>A minim\u00e1lisan rendelhet\u0151 mennyis\u00e9g bizonyos sz\u00edn vagy m\u00e9ret eset\u00e9n, a gy\u00e1rt\u00e1si minimum figyelembev\u00e9tele miatt v\u00e1ltozhat.<\/p>","protected":false},"featured_media":373008,"comment_status":"closed","ping_status":"closed","template":"","meta":{"_seopress_robots_primary_cat":"none","_seopress_titles_title":"F\u0171z\u0151kapocs (50549)","_seopress_titles_desc":"","_seopress_robots_index":""},"product_brand":[],"product_cat":[2141,2143],"product_tag":[2363],"class_list":{"0":"post-352889","1":"product","2":"type-product","3":"status-publish","4":"has-post-thumbnail","6":"product_cat-fuzokapcsok","7":"product_cat-zamak","8":"product_tag-cipogyartas-es-cipojavitas","9":"pa_szin-bronz-antik","10":"pa_szin-ezust-antik","11":"pa_szin-fekete-nikkel","12":"pa_szin-fenyes-sargarez","13":"pa_szin-nikkel","14":"pa_szin-nikkelmentes-nikkel","15":"pa_szin-sargarez-antik","17":"first","18":"instock","19":"purchasable","20":"product-type-variable"},"_links":{"self":[{"href":"https:\/\/cipokellekek.hu\/en\/wp-json\/wp\/v2\/product\/352889","targetHints":{"allow":["GET"]}}],"collection":[{"href":"https:\/\/cipokellekek.hu\/en\/wp-json\/wp\/v2\/product"}],"about":[{"href":"https:\/\/cipokellekek.hu\/en\/wp-json\/wp\/v2\/types\/product"}],"replies":[{"embeddable":true,"href":"https:\/\/cipokellekek.hu\/en\/wp-json\/wp\/v2\/comments?post=352889"}],"wp:featuredmedia":[{"embeddable":true,"href":"https:\/\/cipokellekek.hu\/en\/wp-json\/wp\/v2\/media\/373008"}],"wp:attachment":[{"href":"https:\/\/cipokellekek.hu\/en\/wp-json\/wp\/v2\/media?parent=352889"}],"wp:term":[{"taxonomy":"product_brand","embeddable":true,"href":"https:\/\/cipokellekek.hu\/en\/wp-json\/wp\/v2\/product_brand?post=352889"},{"taxonomy":"product_cat","embeddable":true,"href":"https:\/\/cipokellekek.hu\/en\/wp-json\/wp\/v2\/product_cat?post=352889"},{"taxonomy":"product_tag","embeddable":true,"href":"https:\/\/cipokellekek.hu\/en\/wp-json\/wp\/v2\/product_tag?post=352889"}],"curies":[{"name":"wp","href":"https:\/\/api.w.org\/{rel}","templated":true}]}}