{"id":352877,"date":"2024-06-11T15:24:58","date_gmt":"2024-06-11T13:24:58","guid":{"rendered":"https:\/\/dev.sysvol.hu\/belso\/?post_type=product&#038;p=352877"},"modified":"2025-10-11T21:51:27","modified_gmt":"2025-10-11T19:51:27","slug":"bebi-patent-50023-bebi","status":"publish","type":"product","link":"https:\/\/cipokellekek.hu\/en\/uzlet\/patentok\/bebi-patent-50023-bebi\/","title":{"rendered":"Cic\u00e1s b\u00e9bi patent (50023\/B\u00c9BI) AKCI\u00d3!"},"content":{"rendered":"<div class=\"note note-1\">10 mm \u00e1tm\u00e9r\u0151j\u0171, r\u00e9z alap\u00fa b\u00e9bi patent halv\u00e1ny s\u00e1rga sz\u00ednben a k\u00e9szlet erej\u00e9ig.<\/div>\n<div class=\"note note-3\"><\/div>","protected":false},"excerpt":{"rendered":"<p>10 mm \u00e1tm\u00e9r\u0151j\u0171, r\u00e9z alap\u00fa b\u00e9bi patent halv\u00e1ny s\u00e1rga sz\u00ednben a k\u00e9szlet erej\u00e9ig.<\/p>","protected":false},"featured_media":352885,"comment_status":"closed","ping_status":"closed","template":"","meta":{"_seopress_robots_primary_cat":"none","_seopress_titles_title":"Cic\u00e1s b\u00e9bi patent (50023\/B\u00c9BI) AKCI\u00d3!","_seopress_titles_desc":"10 mm \u00e1tm\u00e9r\u0151j\u0171, r\u00e9z alap\u00fa b\u00e9bi patent halv\u00e1ny s\u00e1rga sz\u00ednben a k\u00e9szlet erej\u00e9ig.","_seopress_robots_index":""},"product_brand":[],"product_cat":[2174],"product_tag":[2364],"class_list":{"0":"post-352877","1":"product","2":"type-product","3":"status-publish","4":"has-post-thumbnail","6":"product_cat-patentok","7":"product_tag-bordiszmu-es-ruhagyartas","9":"first","10":"instock","11":"purchasable","12":"product-type-simple"},"_links":{"self":[{"href":"https:\/\/cipokellekek.hu\/en\/wp-json\/wp\/v2\/product\/352877","targetHints":{"allow":["GET"]}}],"collection":[{"href":"https:\/\/cipokellekek.hu\/en\/wp-json\/wp\/v2\/product"}],"about":[{"href":"https:\/\/cipokellekek.hu\/en\/wp-json\/wp\/v2\/types\/product"}],"replies":[{"embeddable":true,"href":"https:\/\/cipokellekek.hu\/en\/wp-json\/wp\/v2\/comments?post=352877"}],"wp:featuredmedia":[{"embeddable":true,"href":"https:\/\/cipokellekek.hu\/en\/wp-json\/wp\/v2\/media\/352885"}],"wp:attachment":[{"href":"https:\/\/cipokellekek.hu\/en\/wp-json\/wp\/v2\/media?parent=352877"}],"wp:term":[{"taxonomy":"product_brand","embeddable":true,"href":"https:\/\/cipokellekek.hu\/en\/wp-json\/wp\/v2\/product_brand?post=352877"},{"taxonomy":"product_cat","embeddable":true,"href":"https:\/\/cipokellekek.hu\/en\/wp-json\/wp\/v2\/product_cat?post=352877"},{"taxonomy":"product_tag","embeddable":true,"href":"https:\/\/cipokellekek.hu\/en\/wp-json\/wp\/v2\/product_tag?post=352877"}],"curies":[{"name":"wp","href":"https:\/\/api.w.org\/{rel}","templated":true}]}}