{"id":352752,"date":"2024-06-07T10:09:01","date_gmt":"2024-06-07T08:09:01","guid":{"rendered":"https:\/\/dev.sysvol.hu\/belso\/?post_type=product&#038;p=352752"},"modified":"2025-10-25T20:25:43","modified_gmt":"2025-10-25T18:25:43","slug":"sarokanyag-d45ex-fel-tabla","status":"publish","type":"product","link":"https:\/\/cipokellekek.hu\/en\/uzlet\/cipotalp-anyagok\/sarokanyagok-sarokekek\/sarokanyag-d45ex-fel-tabla\/","title":{"rendered":"Sarokanyag (D45EX) F\u00e9l t\u00e1bla"},"content":{"rendered":"<div class=\"note note-1\">Extr\u00e9m kem\u00e9nys\u00e9g\u0171, dupla r\u00e9teg\u0171 sarokanyag. T\u00e1bla m\u00e9ret: 63&#215;37 cm<\/div>\n<div class=\"note note-2\"><\/div>\n<div class=\"note note-3\"><\/div>","protected":false},"excerpt":{"rendered":"<p>Extr\u00e9m kem\u00e9nys\u00e9g\u0171, dupla r\u00e9teg\u0171 sarokanyag. T\u00e1bla m\u00e9ret: 63&#215;37 cm<\/p>","protected":false},"featured_media":351628,"comment_status":"closed","ping_status":"closed","template":"","meta":{"_seopress_robots_primary_cat":"none","_seopress_titles_title":"Sarokanyag (D45EX) F\u00e9l t\u00e1bla","_seopress_titles_desc":"","_seopress_robots_index":""},"product_brand":[],"product_cat":[2210,2272],"product_tag":[2363],"class_list":{"0":"post-352752","1":"product","2":"type-product","3":"status-publish","4":"has-post-thumbnail","6":"product_cat-cipotalp-anyagok","7":"product_cat-sarokanyagok-sarokekek","8":"product_tag-cipogyartas-es-cipojavitas","9":"pa_meret-6-mm","10":"pa_szin-fekete","11":"pa_szin-sotet-barna","13":"first","14":"instock","15":"purchasable","16":"product-type-variable"},"_links":{"self":[{"href":"https:\/\/cipokellekek.hu\/en\/wp-json\/wp\/v2\/product\/352752","targetHints":{"allow":["GET"]}}],"collection":[{"href":"https:\/\/cipokellekek.hu\/en\/wp-json\/wp\/v2\/product"}],"about":[{"href":"https:\/\/cipokellekek.hu\/en\/wp-json\/wp\/v2\/types\/product"}],"replies":[{"embeddable":true,"href":"https:\/\/cipokellekek.hu\/en\/wp-json\/wp\/v2\/comments?post=352752"}],"wp:featuredmedia":[{"embeddable":true,"href":"https:\/\/cipokellekek.hu\/en\/wp-json\/wp\/v2\/media\/351628"}],"wp:attachment":[{"href":"https:\/\/cipokellekek.hu\/en\/wp-json\/wp\/v2\/media?parent=352752"}],"wp:term":[{"taxonomy":"product_brand","embeddable":true,"href":"https:\/\/cipokellekek.hu\/en\/wp-json\/wp\/v2\/product_brand?post=352752"},{"taxonomy":"product_cat","embeddable":true,"href":"https:\/\/cipokellekek.hu\/en\/wp-json\/wp\/v2\/product_cat?post=352752"},{"taxonomy":"product_tag","embeddable":true,"href":"https:\/\/cipokellekek.hu\/en\/wp-json\/wp\/v2\/product_tag?post=352752"}],"curies":[{"name":"wp","href":"https:\/\/api.w.org\/{rel}","templated":true}]}}