{"id":352721,"date":"2024-06-04T15:04:50","date_gmt":"2024-06-04T13:04:50","guid":{"rendered":"https:\/\/dev.sysvol.hu\/belso\/?post_type=product&#038;p=352721"},"modified":"2026-03-19T17:20:41","modified_gmt":"2026-03-19T15:20:41","slug":"mikrogumi-d661-akcio","status":"publish","type":"product","link":"https:\/\/cipokellekek.hu\/en\/uzlet\/cipotalp-anyagok\/mikrogumi-muparafa\/mikrogumi-d661-akcio\/","title":{"rendered":"Mikrogumi (D661) AKCI\u00d3!"},"content":{"rendered":"<div class=\"note note-1\">\u00daj \u00f6sszet\u00e9tel\u0171 SVIG mikrogumi. \u2022 Nagy teljes\u00edtm\u00e9ny \u2022 Extr\u00e9m k\u00f6nnyeds\u00e9g \u2022 Szuper rugalmass\u00e1g \u2022 Nagyfok\u00fa cs\u00fasz\u00e1sg\u00e1tl\u00f3 hat\u00e1s \u2022 Magas kop\u00e1s\u00e1ll\u00f3s\u00e1g T\u00e1blam\u00e9ret: 92\u00d7106 cm<\/div>\n<div class=\"note note-2\"><\/div>\n<div class=\"note note-3\">Az akci\u00f3 a k\u00e9szlet erej\u00e9ig tart!<\/div>","protected":false},"excerpt":{"rendered":"<p>\u00daj \u00f6sszet\u00e9tel\u0171 SVIG mikrogumi. \u2022 Nagy teljes\u00edtm\u00e9ny \u2022 Extr\u00e9m k\u00f6nnyeds\u00e9g \u2022 Szuper rugalmass\u00e1g \u2022 Nagyfok\u00fa cs\u00fasz\u00e1sg\u00e1tl\u00f3 hat\u00e1s \u2022 Magas kop\u00e1s\u00e1ll\u00f3s\u00e1g T\u00e1blam\u00e9ret: 92\u00d7106 cm<\/p>","protected":false},"featured_media":351598,"comment_status":"closed","ping_status":"closed","template":"","meta":{"_seopress_robots_primary_cat":"none","_seopress_titles_title":"Mikrogumi (D661) AKCI\u00d3!","_seopress_titles_desc":"\u00daj \u00f6sszet\u00e9tel\u0171 SVIG mikrogumi. \u2022 Nagy teljes\u00edtm\u00e9ny \u2022 Extr\u00e9m k\u00f6nnyeds\u00e9g \u2022 Szuper rugalmass\u00e1g \u2022 Nagyfok\u00fa cs\u00fasz\u00e1sg\u00e1tl\u00f3 hat\u00e1s \u2022 Magas kop\u00e1s\u00e1ll\u00f3s\u00e1g T\u00e1blam\u00e9ret: 92\u00d7106 cm","_seopress_robots_index":""},"product_brand":[],"product_cat":[2210,2269],"product_tag":[2363],"class_list":{"0":"post-352721","1":"product","2":"type-product","3":"status-publish","4":"has-post-thumbnail","6":"product_cat-cipotalp-anyagok","7":"product_cat-mikrogumi-muparafa","8":"product_tag-cipogyartas-es-cipojavitas","9":"pa_meret-10-mm","10":"pa_szin-fekete","12":"first","13":"instock","14":"purchasable","15":"product-type-variable"},"_links":{"self":[{"href":"https:\/\/cipokellekek.hu\/en\/wp-json\/wp\/v2\/product\/352721","targetHints":{"allow":["GET"]}}],"collection":[{"href":"https:\/\/cipokellekek.hu\/en\/wp-json\/wp\/v2\/product"}],"about":[{"href":"https:\/\/cipokellekek.hu\/en\/wp-json\/wp\/v2\/types\/product"}],"replies":[{"embeddable":true,"href":"https:\/\/cipokellekek.hu\/en\/wp-json\/wp\/v2\/comments?post=352721"}],"wp:featuredmedia":[{"embeddable":true,"href":"https:\/\/cipokellekek.hu\/en\/wp-json\/wp\/v2\/media\/351598"}],"wp:attachment":[{"href":"https:\/\/cipokellekek.hu\/en\/wp-json\/wp\/v2\/media?parent=352721"}],"wp:term":[{"taxonomy":"product_brand","embeddable":true,"href":"https:\/\/cipokellekek.hu\/en\/wp-json\/wp\/v2\/product_brand?post=352721"},{"taxonomy":"product_cat","embeddable":true,"href":"https:\/\/cipokellekek.hu\/en\/wp-json\/wp\/v2\/product_cat?post=352721"},{"taxonomy":"product_tag","embeddable":true,"href":"https:\/\/cipokellekek.hu\/en\/wp-json\/wp\/v2\/product_tag?post=352721"}],"curies":[{"name":"wp","href":"https:\/\/api.w.org\/{rel}","templated":true}]}}