{"id":352718,"date":"2024-06-04T14:53:26","date_gmt":"2024-06-04T12:53:26","guid":{"rendered":"https:\/\/dev.sysvol.hu\/belso\/?post_type=product&#038;p=352718"},"modified":"2026-03-17T15:24:45","modified_gmt":"2026-03-17T13:24:45","slug":"formatalp-d553-akcio","status":"publish","type":"product","link":"https:\/\/cipokellekek.hu\/en\/uzlet\/cipotalp-anyagok\/formatalpak\/formatalp-d553-akcio\/","title":{"rendered":"Cs\u00e9szetalp (D553) AKCI\u00d3!"},"content":{"rendered":"<div class=\"note note-1\">K\u00f6nny\u0171 \u00e9s rugalmas cs\u00e9szetalp f\u00e9rfi cip\u0151kre. Egyszer\u0171en \u00e9s gyorsan r\u00f6gz\u00edthet\u0151. A t\u00f6k\u00e9letes eredm\u00e9ny \u00e9rdek\u00e9ben haszn\u00e1lja a speci\u00e1lis pr\u00e9sg\u00e9pet! Peremmagass\u00e1g a l\u00e1bujjn\u00e1l: 18 mm Peremmagass\u00e1g a sarokn\u00e1l: 33 mm<\/div>\n<div class=\"note note-2\"><\/div>\n<div class=\"note note-3\">Az akci\u00f3 a k\u00e9szlet erej\u00e9ig tart!<\/div>","protected":false},"excerpt":{"rendered":"<p>K\u00f6nny\u0171 \u00e9s rugalmas cs\u00e9szetalp f\u00e9rfi cip\u0151kre. Egyszer\u0171en \u00e9s gyorsan r\u00f6gz\u00edthet\u0151. A t\u00f6k\u00e9letes eredm\u00e9ny \u00e9rdek\u00e9ben haszn\u00e1lja a speci\u00e1lis pr\u00e9sg\u00e9pet! Peremmagass\u00e1g a l\u00e1bujjn\u00e1l: 18 mm Peremmagass\u00e1g a sarokn\u00e1l: 33 mm<\/p>","protected":false},"featured_media":351516,"comment_status":"closed","ping_status":"closed","template":"","meta":{"_seopress_robots_primary_cat":"none","_seopress_titles_title":"Cs\u00e9szetalp (D553) AKCI\u00d3!","_seopress_titles_desc":"K\u00f6nny\u0171 \u00e9s rugalmas cs\u00e9szetalp f\u00e9rfi cip\u0151kre. Egyszer\u0171en r\u00f6gz\u00edthet\u0151. A t\u00f6k\u00e9letes eredm\u00e9ny \u00e9rdek\u00e9ben haszn\u00e1lja a speci\u00e1lis pr\u00e9sg\u00e9pet! Vastags\u00e1g a sarokn\u00e1l: 25 mm, a l\u00e1bujjakn\u00e1l: 9 mm","_seopress_robots_index":""},"product_brand":[],"product_cat":[2210,2225],"product_tag":[2363],"class_list":{"0":"post-352718","1":"product","2":"type-product","3":"status-publish","4":"has-post-thumbnail","6":"product_cat-cipotalp-anyagok","7":"product_cat-formatalpak","8":"product_tag-cipogyartas-es-cipojavitas","9":"pa_meret-2250","10":"pa_szin-fekete","12":"first","13":"instock","14":"purchasable","15":"product-type-variable"},"_links":{"self":[{"href":"https:\/\/cipokellekek.hu\/en\/wp-json\/wp\/v2\/product\/352718","targetHints":{"allow":["GET"]}}],"collection":[{"href":"https:\/\/cipokellekek.hu\/en\/wp-json\/wp\/v2\/product"}],"about":[{"href":"https:\/\/cipokellekek.hu\/en\/wp-json\/wp\/v2\/types\/product"}],"replies":[{"embeddable":true,"href":"https:\/\/cipokellekek.hu\/en\/wp-json\/wp\/v2\/comments?post=352718"}],"wp:featuredmedia":[{"embeddable":true,"href":"https:\/\/cipokellekek.hu\/en\/wp-json\/wp\/v2\/media\/351516"}],"wp:attachment":[{"href":"https:\/\/cipokellekek.hu\/en\/wp-json\/wp\/v2\/media?parent=352718"}],"wp:term":[{"taxonomy":"product_brand","embeddable":true,"href":"https:\/\/cipokellekek.hu\/en\/wp-json\/wp\/v2\/product_brand?post=352718"},{"taxonomy":"product_cat","embeddable":true,"href":"https:\/\/cipokellekek.hu\/en\/wp-json\/wp\/v2\/product_cat?post=352718"},{"taxonomy":"product_tag","embeddable":true,"href":"https:\/\/cipokellekek.hu\/en\/wp-json\/wp\/v2\/product_tag?post=352718"}],"curies":[{"name":"wp","href":"https:\/\/api.w.org\/{rel}","templated":true}]}}