{"id":352712,"date":"2024-06-04T14:20:55","date_gmt":"2024-06-04T12:20:55","guid":{"rendered":"https:\/\/dev.sysvol.hu\/belso\/?post_type=product&#038;p=352712"},"modified":"2025-09-05T12:44:04","modified_gmt":"2025-09-05T10:44:04","slug":"extrem-kemeny-d47-ex-akcio","status":"publish","type":"product","link":"https:\/\/cipokellekek.hu\/en\/uzlet\/cipotalp-anyagok\/eva\/extrem-kemeny-d47-ex-akcio\/","title":{"rendered":"Extr\u00e9m kem\u00e9ny EVA (D47.EX) AKCI\u00d3!"},"content":{"rendered":"<div class=\"note note-1\">K\u00edv\u00e1l\u00f3 min\u0151s\u00e9g\u0171, extr\u00e9m kem\u00e9nys\u00e9g\u0171 EVA anyag, t\u00f6k\u00e9letes v\u00e1laszt\u00e1s talp\u00e9p\u00edt\u00e9shez. S\u0171r\u0171s\u00e9ge: +\/- 0,25 gr\/cm3 Kem\u00e9nys\u00e9ge: +\/- 60 ShA T\u00e1blam\u00e9ret: 90&#215;120 cm<\/div>\n<div class=\"note note-2\"><\/div>\n<div>Az akci\u00f3 a k\u00e9szlet erej\u00e9ig tart!<\/div>\n<div class=\"note note-3\"><\/div>","protected":false},"excerpt":{"rendered":"<p>K\u00edv\u00e1l\u00f3 min\u0151s\u00e9g\u0171, extr\u00e9m kem\u00e9nys\u00e9g\u0171 EVA anyag, t\u00f6k\u00e9letes v\u00e1laszt\u00e1s talp\u00e9p\u00edt\u00e9shez. S\u0171r\u0171s\u00e9ge: +\/- 0,25 gr\/cm3 Kem\u00e9nys\u00e9ge: +\/- 60 ShA T\u00e1blam\u00e9ret: 90&#215;120 cm<\/p>","protected":false},"featured_media":351464,"comment_status":"closed","ping_status":"closed","template":"","meta":{"_seopress_robots_primary_cat":"none","_seopress_titles_title":"Extr\u00e9m kem\u00e9ny EVA (D47.EX) AKCI\u00d3!","_seopress_titles_desc":"K\u00edv\u00e1l\u00f3 min\u0151s\u00e9g\u0171, extr\u00e9m kem\u00e9nys\u00e9g\u0171 EVA anyag, t\u00f6k\u00e9letes v\u00e1laszt\u00e1s talp\u00e9p\u00edt\u00e9shez. S\u0171r\u0171s\u00e9ge: +\/- 0,25 gr\/cm3 Kem\u00e9nys\u00e9ge: +\/- 60 ShA T\u00e1blam\u00e9ret: 90\u00d7120 cm","_seopress_robots_index":""},"product_brand":[],"product_cat":[2210,2211],"product_tag":[2363],"class_list":{"0":"post-352712","1":"product","2":"type-product","3":"status-publish","4":"has-post-thumbnail","6":"product_cat-cipotalp-anyagok","7":"product_cat-eva","8":"product_tag-cipogyartas-es-cipojavitas","9":"pa_meret-4-mm","10":"pa_szin-fekete","12":"first","13":"instock","14":"purchasable","15":"product-type-variable"},"_links":{"self":[{"href":"https:\/\/cipokellekek.hu\/en\/wp-json\/wp\/v2\/product\/352712","targetHints":{"allow":["GET"]}}],"collection":[{"href":"https:\/\/cipokellekek.hu\/en\/wp-json\/wp\/v2\/product"}],"about":[{"href":"https:\/\/cipokellekek.hu\/en\/wp-json\/wp\/v2\/types\/product"}],"replies":[{"embeddable":true,"href":"https:\/\/cipokellekek.hu\/en\/wp-json\/wp\/v2\/comments?post=352712"}],"wp:featuredmedia":[{"embeddable":true,"href":"https:\/\/cipokellekek.hu\/en\/wp-json\/wp\/v2\/media\/351464"}],"wp:attachment":[{"href":"https:\/\/cipokellekek.hu\/en\/wp-json\/wp\/v2\/media?parent=352712"}],"wp:term":[{"taxonomy":"product_brand","embeddable":true,"href":"https:\/\/cipokellekek.hu\/en\/wp-json\/wp\/v2\/product_brand?post=352712"},{"taxonomy":"product_cat","embeddable":true,"href":"https:\/\/cipokellekek.hu\/en\/wp-json\/wp\/v2\/product_cat?post=352712"},{"taxonomy":"product_tag","embeddable":true,"href":"https:\/\/cipokellekek.hu\/en\/wp-json\/wp\/v2\/product_tag?post=352712"}],"curies":[{"name":"wp","href":"https:\/\/api.w.org\/{rel}","templated":true}]}}