{"id":352686,"date":"2024-06-04T13:50:46","date_gmt":"2024-06-04T11:50:46","guid":{"rendered":"https:\/\/dev.sysvol.hu\/belso\/?post_type=product&#038;p=352686"},"modified":"2025-10-16T18:00:20","modified_gmt":"2025-10-16T16:00:20","slug":"csuszasgatlo-d46-akcio","status":"publish","type":"product","link":"https:\/\/cipokellekek.hu\/en\/uzlet\/cipotalp-anyagok\/magas-gumitartalmu-trekking-anyag-tablaban\/csuszasgatlo-d46-akcio\/","title":{"rendered":"Cs\u00fasz\u00e1sg\u00e1tl\u00f3 (D46) AKCI\u00d3!"},"content":{"rendered":"<div class=\"note note-1\">1,8 mm-es, \u00e9s 1,2 mm-es vastags\u00e1g\u00e1val k\u00edt\u0171n\u0151 megold\u00e1s a cs\u00fasz\u00e1sg\u00e1tl\u00e1shoz! T\u00e1bla m\u00e9ret: 63&#215;73 cm Sz\u00e9les sz\u00ednv\u00e1laszt\u00e9k!<\/div>\n<div class=\"note note-2\"><\/div>\n<div class=\"note note-3\">Az akci\u00f3 a k\u00e9szlet erej\u00e9ig tart!<\/div>","protected":false},"excerpt":{"rendered":"<p>1,8 mm-es, \u00e9s 1,2 mm-es vastags\u00e1g\u00e1val k\u00edt\u0171n\u0151 megold\u00e1s a cs\u00fasz\u00e1sg\u00e1tl\u00e1shoz! T\u00e1bla m\u00e9ret: 63&#215;73 cm Sz\u00e9les sz\u00ednv\u00e1laszt\u00e9k!<\/p>","protected":false},"featured_media":351563,"comment_status":"closed","ping_status":"closed","template":"","meta":{"_seopress_robots_primary_cat":"none","_seopress_titles_title":"Cs\u00fasz\u00e1sg\u00e1tl\u00f3 (D46) AKCI\u00d3!","_seopress_titles_desc":"1,8 mm-es, \u00e9s 1,2 mm-es vastags\u00e1g\u00e1val k\u00edt\u0171n\u0151 megold\u00e1s a cs\u00fasz\u00e1sg\u00e1tl\u00e1shoz! T\u00e1bla m\u00e9ret: 63x73 cm Sz\u00e9les sz\u00ednv\u00e1laszt\u00e9k!","_seopress_robots_index":""},"product_brand":[],"product_cat":[2210,2267],"product_tag":[2363],"class_list":{"0":"post-352686","1":"product","2":"type-product","3":"status-publish","4":"has-post-thumbnail","6":"product_cat-cipotalp-anyagok","7":"product_cat-magas-gumitartalmu-trekking-anyag-tablaban","8":"product_tag-cipogyartas-es-cipojavitas","9":"pa_meret-18-mm-2","10":"pa_szin-karamell","12":"first","13":"instock","14":"purchasable","15":"product-type-variable"},"_links":{"self":[{"href":"https:\/\/cipokellekek.hu\/en\/wp-json\/wp\/v2\/product\/352686","targetHints":{"allow":["GET"]}}],"collection":[{"href":"https:\/\/cipokellekek.hu\/en\/wp-json\/wp\/v2\/product"}],"about":[{"href":"https:\/\/cipokellekek.hu\/en\/wp-json\/wp\/v2\/types\/product"}],"replies":[{"embeddable":true,"href":"https:\/\/cipokellekek.hu\/en\/wp-json\/wp\/v2\/comments?post=352686"}],"wp:featuredmedia":[{"embeddable":true,"href":"https:\/\/cipokellekek.hu\/en\/wp-json\/wp\/v2\/media\/351563"}],"wp:attachment":[{"href":"https:\/\/cipokellekek.hu\/en\/wp-json\/wp\/v2\/media?parent=352686"}],"wp:term":[{"taxonomy":"product_brand","embeddable":true,"href":"https:\/\/cipokellekek.hu\/en\/wp-json\/wp\/v2\/product_brand?post=352686"},{"taxonomy":"product_cat","embeddable":true,"href":"https:\/\/cipokellekek.hu\/en\/wp-json\/wp\/v2\/product_cat?post=352686"},{"taxonomy":"product_tag","embeddable":true,"href":"https:\/\/cipokellekek.hu\/en\/wp-json\/wp\/v2\/product_tag?post=352686"}],"curies":[{"name":"wp","href":"https:\/\/api.w.org\/{rel}","templated":true}]}}