{"id":352651,"date":"2024-06-04T12:10:39","date_gmt":"2024-06-04T10:10:39","guid":{"rendered":"https:\/\/dev.sysvol.hu\/belso\/?post_type=product&#038;p=352651"},"modified":"2025-10-16T18:05:16","modified_gmt":"2025-10-16T16:05:16","slug":"talpanyag-d305-akcio","status":"publish","type":"product","link":"https:\/\/cipokellekek.hu\/en\/uzlet\/cipotalp-anyagok\/magas-gumitartalmu-trekking-anyag-tablaban\/talpanyag-d305-akcio\/","title":{"rendered":"Cip\u0151talp anyag (D305) AKCI\u00d3!"},"content":{"rendered":"<div class=\"note note-1\">A term\u00e9k magas gumitartalm\u00fa, ami \u00e1ltal kiv\u00e1l\u00f3 kop\u00e1s\u00e1ll\u00f3s\u00e1got biztos\u00edt. T\u00e1bla m\u00e9ret: 63&#215;73 cm<\/div>\n<div class=\"note note-2\">Az akci\u00f3 a k\u00e9szlet erej\u00e9ig tart!<\/div>\n<div class=\"note note-3\"><\/div>","protected":false},"excerpt":{"rendered":"<p>A term\u00e9k magas gumitartalm\u00fa, ami \u00e1ltal kiv\u00e1l\u00f3 kop\u00e1s\u00e1ll\u00f3s\u00e1got biztos\u00edt. T\u00e1bla m\u00e9ret: 63&#215;73 cm<\/p>","protected":false},"featured_media":351575,"comment_status":"closed","ping_status":"closed","template":"","meta":{"_seopress_robots_primary_cat":"none","_seopress_titles_title":"Cip\u0151talp anyag (D305) AKCI\u00d3!","_seopress_titles_desc":"A term\u00e9k magas gumitartalm\u00fa, ami \u00e1ltal kiv\u00e1l\u00f3 kop\u00e1s\u00e1ll\u00f3s\u00e1got biztos\u00edt. T\u00e1bla m\u00e9ret: 63x73 cm","_seopress_robots_index":""},"product_brand":[],"product_cat":[2210,2267],"product_tag":[2363],"class_list":{"0":"post-352651","1":"product","2":"type-product","3":"status-publish","4":"has-post-thumbnail","6":"product_cat-cipotalp-anyagok","7":"product_cat-magas-gumitartalmu-trekking-anyag-tablaban","8":"product_tag-cipogyartas-es-cipojavitas","9":"pa_meret-6-mm","10":"pa_szin-feher","12":"first","13":"instock","14":"purchasable","15":"product-type-variable"},"_links":{"self":[{"href":"https:\/\/cipokellekek.hu\/en\/wp-json\/wp\/v2\/product\/352651","targetHints":{"allow":["GET"]}}],"collection":[{"href":"https:\/\/cipokellekek.hu\/en\/wp-json\/wp\/v2\/product"}],"about":[{"href":"https:\/\/cipokellekek.hu\/en\/wp-json\/wp\/v2\/types\/product"}],"replies":[{"embeddable":true,"href":"https:\/\/cipokellekek.hu\/en\/wp-json\/wp\/v2\/comments?post=352651"}],"wp:featuredmedia":[{"embeddable":true,"href":"https:\/\/cipokellekek.hu\/en\/wp-json\/wp\/v2\/media\/351575"}],"wp:attachment":[{"href":"https:\/\/cipokellekek.hu\/en\/wp-json\/wp\/v2\/media?parent=352651"}],"wp:term":[{"taxonomy":"product_brand","embeddable":true,"href":"https:\/\/cipokellekek.hu\/en\/wp-json\/wp\/v2\/product_brand?post=352651"},{"taxonomy":"product_cat","embeddable":true,"href":"https:\/\/cipokellekek.hu\/en\/wp-json\/wp\/v2\/product_cat?post=352651"},{"taxonomy":"product_tag","embeddable":true,"href":"https:\/\/cipokellekek.hu\/en\/wp-json\/wp\/v2\/product_tag?post=352651"}],"curies":[{"name":"wp","href":"https:\/\/api.w.org\/{rel}","templated":true}]}}