{"id":352627,"date":"2024-05-29T16:32:57","date_gmt":"2024-05-29T14:32:57","guid":{"rendered":"https:\/\/dev.sysvol.hu\/belso\/?post_type=product&#038;p=352627"},"modified":"2026-03-17T15:42:58","modified_gmt":"2026-03-17T13:42:58","slug":"formatalp-d559","status":"publish","type":"product","link":"https:\/\/cipokellekek.hu\/en\/uzlet\/cipotalp-anyagok\/formatalpak\/formatalp-d559\/","title":{"rendered":"Cs\u00e9szetalp (D559)"},"content":{"rendered":"<div class=\"note note-1\">\n<p>\u00daj fejleszt\u00e9s\u0171, cs\u00e9szetalp, rugalmas, k\u00f6nny\u0171, j\u00f3l tapad \u00e9s egyszer\u0171en ragaszthat\u00f3. A t\u00f6k\u00e9letes r\u00f6gz\u00edt\u00e9s \u00e9rdek\u00e9ben haszn\u00e1lja a speci\u00e1lis pr\u00e9sg\u00e9pet. Peremmagass\u00e1g a l\u00e1bujjn\u00e1l: 19 mm Peremmagass\u00e1g a sarokn\u00e1l: 40 mm<\/p>\n<div class=\"note note-2\"><\/div>\n<\/div>\n<div class=\"note note-2\"><\/div>\n<div class=\"note note-3\"><\/div>","protected":false},"excerpt":{"rendered":"<p>\u00daj fejleszt\u00e9s\u0171, cs\u00e9szetalp, rugalmas, k\u00f6nny\u0171, j\u00f3l tapad \u00e9s egyszer\u0171en ragaszthat\u00f3. A t\u00f6k\u00e9letes r\u00f6gz\u00edt\u00e9s \u00e9rdek\u00e9ben haszn\u00e1lja a speci\u00e1lis pr\u00e9sg\u00e9pet. Peremmagass\u00e1g a l\u00e1bujjn\u00e1l: 19 mm Peremmagass\u00e1g a sarokn\u00e1l: 40 mm<\/p>","protected":false},"featured_media":352051,"comment_status":"closed","ping_status":"closed","template":"","meta":{"_seopress_robots_primary_cat":"none","_seopress_titles_title":"Cs\u00e9szetalp (D559)","_seopress_titles_desc":"\u00daj fejleszt\u00e9s\u0171, cs\u00e9szetalp, rugalmas, k\u00f6nny\u0171, j\u00f3l tapad \u00e9s egyszer\u0171en ragaszthat\u00f3. A t\u00f6k\u00e9letes r\u00f6gz\u00edt\u00e9s \u00e9rdek\u00e9ben haszn\u00e1lja a speci\u00e1lis pr\u00e9sg\u00e9pet.","_seopress_robots_index":""},"product_brand":[],"product_cat":[2210,2225],"product_tag":[2363],"class_list":{"0":"post-352627","1":"product","2":"type-product","3":"status-publish","4":"has-post-thumbnail","6":"product_cat-cipotalp-anyagok","7":"product_cat-formatalpak","8":"product_tag-cipogyartas-es-cipojavitas","9":"pa_meret-2249","10":"pa_meret-2060","11":"pa_meret-2061","12":"pa_meret-2062","13":"pa_meret-2063","14":"pa_meret-2250","15":"pa_szin-fekete","17":"first","18":"instock","19":"purchasable","20":"product-type-variable"},"_links":{"self":[{"href":"https:\/\/cipokellekek.hu\/en\/wp-json\/wp\/v2\/product\/352627","targetHints":{"allow":["GET"]}}],"collection":[{"href":"https:\/\/cipokellekek.hu\/en\/wp-json\/wp\/v2\/product"}],"about":[{"href":"https:\/\/cipokellekek.hu\/en\/wp-json\/wp\/v2\/types\/product"}],"replies":[{"embeddable":true,"href":"https:\/\/cipokellekek.hu\/en\/wp-json\/wp\/v2\/comments?post=352627"}],"wp:featuredmedia":[{"embeddable":true,"href":"https:\/\/cipokellekek.hu\/en\/wp-json\/wp\/v2\/media\/352051"}],"wp:attachment":[{"href":"https:\/\/cipokellekek.hu\/en\/wp-json\/wp\/v2\/media?parent=352627"}],"wp:term":[{"taxonomy":"product_brand","embeddable":true,"href":"https:\/\/cipokellekek.hu\/en\/wp-json\/wp\/v2\/product_brand?post=352627"},{"taxonomy":"product_cat","embeddable":true,"href":"https:\/\/cipokellekek.hu\/en\/wp-json\/wp\/v2\/product_cat?post=352627"},{"taxonomy":"product_tag","embeddable":true,"href":"https:\/\/cipokellekek.hu\/en\/wp-json\/wp\/v2\/product_tag?post=352627"}],"curies":[{"name":"wp","href":"https:\/\/api.w.org\/{rel}","templated":true}]}}