{"id":352624,"date":"2024-05-29T15:16:06","date_gmt":"2024-05-29T13:16:06","guid":{"rendered":"https:\/\/dev.sysvol.hu\/belso\/?post_type=product&#038;p=352624"},"modified":"2025-11-18T14:15:45","modified_gmt":"2025-11-18T12:15:45","slug":"ontott-csat-1905kcp35","status":"publish","type":"product","link":"https:\/\/cipokellekek.hu\/en\/uzlet\/csatok\/ontott-csatok\/forma-szerint\/szogletes\/ontott-csat-1905kcp35\/","title":{"rendered":"\u00d6nt\u00f6tt csat (1905KCP35)"},"content":{"rendered":"<div class=\"note note-2\">A minim\u00e1lisan rendelhet\u0151 mennyis\u00e9g bizonyos sz\u00edn vagy m\u00e9ret eset\u00e9n, a gy\u00e1rt\u00e1si minimum figyelembev\u00e9tele miatt v\u00e1ltozhat.<\/div>\n<div class=\"note note-3\"><\/div>","protected":false},"excerpt":{"rendered":"<p>T\u00f6k\u00e9letes v\u00e1laszt\u00e1s divatpapucsokra! A csat alapanyaga zamak, amely egy rozsdamentes f\u00e9m \u00f6tv\u00f6zet. Bels\u0151 sz\u00e9less\u00e9ge 35 mm. A k\u00f6z\u00e9pen t\u00f6rt\u00e9n\u0151 r\u00f6gz\u00edt\u00e9shez v\u00e1lassza az <a href=\"https:\/\/cipokellekek.hu\/en\/uzlet\/szegecsek\/dupla-szegecsek\/csat-rogzito-szegecs-50227\/\">50227<\/a> cikksz\u00e1m\u00fa term\u00e9ket.<\/p>","protected":false},"featured_media":352623,"comment_status":"closed","ping_status":"closed","template":"","meta":{"_seopress_robots_primary_cat":"none","_seopress_titles_title":"\u00d6nt\u00f6tt csat (1905KCP35)","_seopress_titles_desc":"T\u00f6k\u00e9letes v\u00e1laszt\u00e1s divatpapucsokra! A csat alapanyaga zamak, amely egy rozsdamentes f\u00e9m \u00f6tv\u00f6zet. Bels\u0151 sz\u00e9less\u00e9ge 35 mm. R\u00f6gz\u00edt\u00e9shez v\u00e1lassza az 50227 cikksz\u00e1m\u00fa term\u00e9ket.","_seopress_robots_index":""},"product_brand":[],"product_cat":[2135,2102,2111,2107,2106,2120],"product_tag":[2364,2363],"class_list":{"0":"post-352624","1":"product","2":"type-product","3":"status-publish","4":"has-post-thumbnail","6":"product_cat-35-mm","7":"product_cat-csatok","8":"product_cat-forma-szerint","9":"product_cat-meret-szerint","10":"product_cat-ontott-csatok","11":"product_cat-szogletes","12":"product_tag-bordiszmu-es-ruhagyartas","13":"product_tag-cipogyartas-es-cipojavitas","14":"pa_szin-arany","15":"pa_szin-bronz-antik","16":"pa_szin-bronzex","17":"pa_szin-fekete-nikkel","18":"pa_szin-fenyes-sargarez","19":"pa_szin-kezi-szatinalt-sargarez-antik","20":"pa_szin-matt-nikkel","21":"pa_szin-nikkel","22":"pa_szin-nikkel-antik","23":"pa_szin-nikkelmentes-arany","24":"pa_szin-nikkelmentes-fekete-nikkel","25":"pa_szin-nikkelmentes-matt-nikkel","26":"pa_szin-nikkelmentes-nikkel","27":"pa_szin-nikkelmentes-nikkel-antik","28":"pa_szin-nikkelmentes-vilagos-arany","29":"pa_szin-rozsaszin-arany","30":"pa_szin-sargarez-antik","31":"pa_szin-vilagos-arany","32":"pa_szin-vilagos-sargarez-antik","34":"first","35":"instock","36":"purchasable","37":"product-type-variable"},"_links":{"self":[{"href":"https:\/\/cipokellekek.hu\/en\/wp-json\/wp\/v2\/product\/352624","targetHints":{"allow":["GET"]}}],"collection":[{"href":"https:\/\/cipokellekek.hu\/en\/wp-json\/wp\/v2\/product"}],"about":[{"href":"https:\/\/cipokellekek.hu\/en\/wp-json\/wp\/v2\/types\/product"}],"replies":[{"embeddable":true,"href":"https:\/\/cipokellekek.hu\/en\/wp-json\/wp\/v2\/comments?post=352624"}],"wp:featuredmedia":[{"embeddable":true,"href":"https:\/\/cipokellekek.hu\/en\/wp-json\/wp\/v2\/media\/352623"}],"wp:attachment":[{"href":"https:\/\/cipokellekek.hu\/en\/wp-json\/wp\/v2\/media?parent=352624"}],"wp:term":[{"taxonomy":"product_brand","embeddable":true,"href":"https:\/\/cipokellekek.hu\/en\/wp-json\/wp\/v2\/product_brand?post=352624"},{"taxonomy":"product_cat","embeddable":true,"href":"https:\/\/cipokellekek.hu\/en\/wp-json\/wp\/v2\/product_cat?post=352624"},{"taxonomy":"product_tag","embeddable":true,"href":"https:\/\/cipokellekek.hu\/en\/wp-json\/wp\/v2\/product_tag?post=352624"}],"curies":[{"name":"wp","href":"https:\/\/api.w.org\/{rel}","templated":true}]}}