{"id":352620,"date":"2024-05-29T14:46:44","date_gmt":"2024-05-29T12:46:44","guid":{"rendered":"https:\/\/dev.sysvol.hu\/belso\/?post_type=product&#038;p=352620"},"modified":"2025-10-01T17:21:36","modified_gmt":"2025-10-01T15:21:36","slug":"gyongyos-strasszos-disz-50290","status":"publish","type":"product","link":"https:\/\/cipokellekek.hu\/en\/uzlet\/diszek\/gyongyos-strasszos-disz-50290\/","title":{"rendered":"Gy\u00f6ngy\u00f6s, strasszos d\u00edsz (50290)"},"content":{"rendered":"<div class=\"note note-1\">Gy\u00f6ngy\u00f6s, strasszos d\u00edsz nikkel sz\u00ednben. M\u00e9rete: 90 x 45 mm A p\u00e1ntb\u00fajtat\u00f3 bels\u0151 sz\u00e9less\u00e9ge: 6,6 mm<\/div>\n<div>Aj\u00e1nljuk szand\u00e1l, vagy cip\u0151 fels\u0151 r\u00e9sz\u00e9re, ruha d\u00edsz\u00edt\u00e9s\u00e9re.<\/div>\n<div class=\"note note-2\"><\/div>\n<div class=\"note note-3\"><\/div>","protected":false},"excerpt":{"rendered":"<div class=\"note note-1\">Gy\u00f6ngy\u00f6s, strasszos d\u00edsz nikkel sz\u00ednben. M\u00e9rete: 90 x 45 mm A p\u00e1ntb\u00fajtat\u00f3 bels\u0151 sz\u00e9less\u00e9ge: 6,6 mm<\/div>\n<div>Aj\u00e1nljuk szand\u00e1l, vagy cip\u0151 fels\u0151 r\u00e9sz\u00e9re, ruha d\u00edsz\u00edt\u00e9s\u00e9re.<\/div>","protected":false},"featured_media":352619,"comment_status":"closed","ping_status":"closed","template":"","meta":{"_seopress_robots_primary_cat":"none","_seopress_titles_title":"Gy\u00f6ngy\u00f6s, strasszos d\u00edsz (50290)","_seopress_titles_desc":"Gy\u00f6ngy\u00f6s, strasszos d\u00edsz nikkel sz\u00ednben. M\u00e9rete: 90 x 45 mm A p\u00e1ntb\u00fajtat\u00f3 bels\u0151 sz\u00e9less\u00e9ge: 6,6 m. Aj\u00e1nljuk szand\u00e1l, vagy cip\u0151 fels\u0151 r\u00e9sz\u00e9re, ruha d\u00edsz\u00edt\u00e9s\u00e9re.","_seopress_robots_index":""},"product_brand":[],"product_cat":[2140],"product_tag":[2364,2363],"class_list":{"0":"post-352620","1":"product","2":"type-product","3":"status-publish","4":"has-post-thumbnail","6":"product_cat-diszek","7":"product_tag-bordiszmu-es-ruhagyartas","8":"product_tag-cipogyartas-es-cipojavitas","10":"first","11":"instock","12":"purchasable","13":"product-type-simple"},"_links":{"self":[{"href":"https:\/\/cipokellekek.hu\/en\/wp-json\/wp\/v2\/product\/352620","targetHints":{"allow":["GET"]}}],"collection":[{"href":"https:\/\/cipokellekek.hu\/en\/wp-json\/wp\/v2\/product"}],"about":[{"href":"https:\/\/cipokellekek.hu\/en\/wp-json\/wp\/v2\/types\/product"}],"replies":[{"embeddable":true,"href":"https:\/\/cipokellekek.hu\/en\/wp-json\/wp\/v2\/comments?post=352620"}],"wp:featuredmedia":[{"embeddable":true,"href":"https:\/\/cipokellekek.hu\/en\/wp-json\/wp\/v2\/media\/352619"}],"wp:attachment":[{"href":"https:\/\/cipokellekek.hu\/en\/wp-json\/wp\/v2\/media?parent=352620"}],"wp:term":[{"taxonomy":"product_brand","embeddable":true,"href":"https:\/\/cipokellekek.hu\/en\/wp-json\/wp\/v2\/product_brand?post=352620"},{"taxonomy":"product_cat","embeddable":true,"href":"https:\/\/cipokellekek.hu\/en\/wp-json\/wp\/v2\/product_cat?post=352620"},{"taxonomy":"product_tag","embeddable":true,"href":"https:\/\/cipokellekek.hu\/en\/wp-json\/wp\/v2\/product_tag?post=352620"}],"curies":[{"name":"wp","href":"https:\/\/api.w.org\/{rel}","templated":true}]}}