{"id":352612,"date":"2024-05-28T13:50:23","date_gmt":"2024-05-28T11:50:23","guid":{"rendered":"https:\/\/dev.sysvol.hu\/belso\/?post_type=product&#038;p=352612"},"modified":"2025-10-11T17:50:00","modified_gmt":"2025-10-11T15:50:00","slug":"tepozar-vel","status":"publish","type":"product","link":"https:\/\/cipokellekek.hu\/en\/uzlet\/gumirugany-csatgumi\/tepozar-vel\/","title":{"rendered":"T\u00e9p\u0151z\u00e1r (VEL)"},"content":{"rendered":"<div class=\"note note-1\">T\u00e9p\u0151z\u00e1r m\u00e9terben, t\u00f6bb m\u00e9retben \u00e9s sz\u00ednben. Az el\u00e9rhet\u0151 m\u00e9ret sz\u00edn kombin\u00e1ci\u00f3kat a k\u00e9pen szerepl\u0151 t\u00e1bl\u00e1zat tartalmazza.<\/div>\n<div class=\"note note-2\">A minim\u00e1lisan rendelhet\u0151 mennyis\u00e9g bizonyos sz\u00edn vagy m\u00e9ret eset\u00e9n v\u00e1ltozhat.<\/div>\n<div class=\"note note-3\"><\/div>","protected":false},"excerpt":{"rendered":"<p>T\u00e9p\u0151z\u00e1r m\u00e9terben, t\u00f6bb m\u00e9retben \u00e9s sz\u00ednben. Az el\u00e9rhet\u0151 m\u00e9ret sz\u00edn kombin\u00e1ci\u00f3kat a k\u00e9pen szerepl\u0151 t\u00e1bl\u00e1zat tartalmazza.<\/p>","protected":false},"featured_media":352893,"comment_status":"closed","ping_status":"closed","template":"","meta":{"_seopress_robots_primary_cat":"none","_seopress_titles_title":"T\u00e9p\u0151z\u00e1r (VEL)","_seopress_titles_desc":"T\u00e9p\u0151z\u00e1r m\u00e9terben, t\u00f6bb m\u00e9retben \u00e9s sz\u00ednben. Az el\u00e9rhet\u0151 m\u00e9ret sz\u00edn kombin\u00e1ci\u00f3kat a k\u00e9pen szerepl\u0151 t\u00e1bl\u00e1zat tartalmazza.","_seopress_robots_index":""},"product_brand":[],"product_cat":[2159],"product_tag":[2363],"class_list":{"0":"post-352612","1":"product","2":"type-product","3":"status-publish","4":"has-post-thumbnail","6":"product_cat-gumirugany-csatgumi","7":"product_tag-cipogyartas-es-cipojavitas","8":"pa_meret-20-mm","9":"pa_meret-25-mm","10":"pa_meret-30-mm","11":"pa_meret-50-mm","12":"pa_szin-1957","13":"pa_szin-1958","14":"pa_szin-1940","15":"pa_szin-1964","16":"pa_szin-1943","17":"pa_szin-1967","18":"pa_szin-1952","19":"pa_szin-1953","20":"pa_szin-2033","22":"first","23":"instock","24":"purchasable","25":"product-type-variable"},"_links":{"self":[{"href":"https:\/\/cipokellekek.hu\/en\/wp-json\/wp\/v2\/product\/352612","targetHints":{"allow":["GET"]}}],"collection":[{"href":"https:\/\/cipokellekek.hu\/en\/wp-json\/wp\/v2\/product"}],"about":[{"href":"https:\/\/cipokellekek.hu\/en\/wp-json\/wp\/v2\/types\/product"}],"replies":[{"embeddable":true,"href":"https:\/\/cipokellekek.hu\/en\/wp-json\/wp\/v2\/comments?post=352612"}],"wp:featuredmedia":[{"embeddable":true,"href":"https:\/\/cipokellekek.hu\/en\/wp-json\/wp\/v2\/media\/352893"}],"wp:attachment":[{"href":"https:\/\/cipokellekek.hu\/en\/wp-json\/wp\/v2\/media?parent=352612"}],"wp:term":[{"taxonomy":"product_brand","embeddable":true,"href":"https:\/\/cipokellekek.hu\/en\/wp-json\/wp\/v2\/product_brand?post=352612"},{"taxonomy":"product_cat","embeddable":true,"href":"https:\/\/cipokellekek.hu\/en\/wp-json\/wp\/v2\/product_cat?post=352612"},{"taxonomy":"product_tag","embeddable":true,"href":"https:\/\/cipokellekek.hu\/en\/wp-json\/wp\/v2\/product_tag?post=352612"}],"curies":[{"name":"wp","href":"https:\/\/api.w.org\/{rel}","templated":true}]}}