{"id":352256,"date":"2024-01-25T07:40:40","date_gmt":"2024-01-25T05:40:40","guid":{"rendered":"https:\/\/dev.sysvol.hu\/belso\/termek\/ortoped-talpbetet-gyerekeknek-sarokkehellyel-kidsortopedic\/"},"modified":"2025-08-27T11:51:54","modified_gmt":"2025-08-27T09:51:54","slug":"ortoped-talpbetet-gyerekeknek-sarokkehellyel-kidsortopedic","status":"publish","type":"product","link":"https:\/\/cipokellekek.hu\/en\/uzlet\/cipoapolasi-kellekek\/talpbetetek\/ortoped-talpbetet-gyerekeknek-sarokkehellyel-kidsortopedic\/","title":{"rendered":"Gyermek ortop\u00e9diai talpbet\u00e9t"},"content":{"rendered":"<div class=\"note note-1\">\n<p>&nbsp;<\/p>\n<p>A <strong>form\u00e1zott<\/strong> bet\u00e9t EVA t\u00edpus\u00fa anyagb\u00f3l k\u00e9sz\u00fcl, a fels\u0151 r\u00e9teget vel\u00far anyag bor\u00edtja. <strong>Nagyon j\u00f3l stabiliz\u00e1lja<\/strong> <strong>a l\u00e1bakat, biztos\u00edtva azok helyes poz\u00edci\u00f3j\u00e1t j\u00e1r\u00e1s k\u00f6zben.<\/strong> A bet\u00e9t form\u00e1zza a h\u00e1ts\u00f3 \u00e9s k\u00f6z\u00e9ps\u0151 l\u00e1bfejet, er\u0151sen szupin\u00e1lja a sarkat, megel\u0151zve a l\u00e1b hosszanti boltozat\u00e1nak s\u00fcllyed\u00e9s\u00e9t. A m\u00e9ly \u00e1gyazatnak k\u00f6sz\u00f6nhet\u0151en megv\u00e9di a boka\u00edz\u00fcletet a valgus boka kialakul\u00e1s\u00e1t\u00f3l, megel\u0151zi a valgus sarkat \u00e9s t\u00e9rdet. A bet\u00e9t a lapos-valgus l\u00e1bak helyes pozicion\u00e1l\u00e1s\u00e1ra haszn\u00e1lhat\u00f3.<strong> Ezen k\u00edv\u00fcl elnyeli a j\u00e1r\u00e1s k\u00f6zben keletkez\u0151 mikro\u00fct\u0151d\u00e9seket, \u00e9s dinamikus munk\u00e1ra \u00f6szt\u00f6nzi az izmokat \u00e9s a szalagokat.<\/strong> Aj\u00e1nlott megel\u0151z\u0151, ortop\u00e9diai \u00e9s standard l\u00e1bbelikhez.<\/p>\n<\/div>\n<div class=\"note note-2\"><\/div>\n<div class=\"note note-3\"><\/div>","protected":false},"excerpt":{"rendered":"<p>Ortop\u00e9diai EVA talpbet\u00e9t, form\u00e1zott \u00e1gyazattal gyermekek sz\u00e1m\u00e1ra. Olyan gyermekeknek, akiknek ortop\u00e9d szempontb\u00f3l fontos a l\u00e1bboltozat t\u00e1mogat\u00e1sa, vagy hajlamosak a l\u00fadtalp kialakul\u00e1s\u00e1ra. Ide\u00e1lis iskolai cip\u0151be vagy h\u00e9tk\u00f6znapi haszn\u00e1latra.<\/p>","protected":false},"featured_media":352003,"comment_status":"closed","ping_status":"closed","template":"","meta":{"_seopress_robots_primary_cat":"none","_seopress_titles_title":"Gyermek ortop\u00e9diai talpbet\u00e9t","_seopress_titles_desc":"Ortop\u00e9diai gyermek EVA talpbet\u00e9t hosszanti boltozat t\u00e1mogat\u00e1ssal, J\u00f3l stabiliz\u00e1lja a l\u00e1bakat, biztos\u00edtva azok helyes poz\u00edci\u00f3j\u00e1t j\u00e1r\u00e1s k\u00f6zben.","_seopress_robots_index":""},"product_brand":[],"product_cat":[1928,1968],"product_tag":[],"class_list":{"0":"post-352256","1":"product","2":"type-product","3":"status-publish","4":"has-post-thumbnail","6":"product_cat-cipoapolasi-kellekek","7":"product_cat-talpbetetek","8":"pa_meret-23_24_25","9":"pa_meret-26_27_28","10":"pa_meret-29_30_31","11":"pa_meret-32_33_34","13":"first","14":"instock","15":"featured","16":"purchasable","17":"product-type-variable"},"_links":{"self":[{"href":"https:\/\/cipokellekek.hu\/en\/wp-json\/wp\/v2\/product\/352256","targetHints":{"allow":["GET"]}}],"collection":[{"href":"https:\/\/cipokellekek.hu\/en\/wp-json\/wp\/v2\/product"}],"about":[{"href":"https:\/\/cipokellekek.hu\/en\/wp-json\/wp\/v2\/types\/product"}],"replies":[{"embeddable":true,"href":"https:\/\/cipokellekek.hu\/en\/wp-json\/wp\/v2\/comments?post=352256"}],"wp:featuredmedia":[{"embeddable":true,"href":"https:\/\/cipokellekek.hu\/en\/wp-json\/wp\/v2\/media\/352003"}],"wp:attachment":[{"href":"https:\/\/cipokellekek.hu\/en\/wp-json\/wp\/v2\/media?parent=352256"}],"wp:term":[{"taxonomy":"product_brand","embeddable":true,"href":"https:\/\/cipokellekek.hu\/en\/wp-json\/wp\/v2\/product_brand?post=352256"},{"taxonomy":"product_cat","embeddable":true,"href":"https:\/\/cipokellekek.hu\/en\/wp-json\/wp\/v2\/product_cat?post=352256"},{"taxonomy":"product_tag","embeddable":true,"href":"https:\/\/cipokellekek.hu\/en\/wp-json\/wp\/v2\/product_tag?post=352256"}],"curies":[{"name":"wp","href":"https:\/\/api.w.org\/{rel}","templated":true}]}}