{"id":348958,"date":"2023-09-19T19:25:20","date_gmt":"2023-09-19T17:25:20","guid":{"rendered":"https:\/\/dev.sysvol.hu\/belso\/termek\/taskalanc-50481\/"},"modified":"2025-10-12T16:00:56","modified_gmt":"2025-10-12T14:00:56","slug":"taskalanc-50481","status":"publish","type":"product","link":"https:\/\/cipokellekek.hu\/en\/uzlet\/taska-es-ov-kiegeszitok\/taskalanc-50481\/","title":{"rendered":"T\u00e1skal\u00e1nc (50481)"},"content":{"rendered":"<div class=\"note note-1\">Divatos t\u00e1skal\u00e1nc arany \u00e9s nikkel sz\u00ednben. M\u00e9terben kaphat\u00f3. Sz\u00e9less\u00e9g: 8 mm<\/div>\n<div class=\"note note-2\"><\/div>\n<div class=\"note note-3\"><\/div>","protected":false},"excerpt":{"rendered":"<p>Divatos t\u00e1skal\u00e1nc arany \u00e9s nikkel sz\u00ednben. M\u00e9terben kaphat\u00f3. Sz\u00e9less\u00e9g: 8 mm<\/p>","protected":false},"featured_media":351699,"comment_status":"closed","ping_status":"closed","template":"","meta":{"_seopress_robots_primary_cat":"none","_seopress_titles_title":"T\u00e1skal\u00e1nc (50481)","_seopress_titles_desc":"Divatos t\u00e1skal\u00e1nc arany \u00e9s nikkel sz\u00ednben. M\u00e9terben kaphat\u00f3. Sz\u00e9less\u00e9g: 8 mm","_seopress_robots_index":""},"product_brand":[],"product_cat":[2273],"product_tag":[2364],"class_list":{"0":"post-348958","1":"product","2":"type-product","3":"status-publish","4":"has-post-thumbnail","6":"product_cat-taska-es-ov-kiegeszitok","7":"product_tag-bordiszmu-es-ruhagyartas","8":"pa_szin-arany","9":"pa_szin-nikkel","11":"first","12":"instock","13":"purchasable","14":"product-type-variable"},"_links":{"self":[{"href":"https:\/\/cipokellekek.hu\/en\/wp-json\/wp\/v2\/product\/348958","targetHints":{"allow":["GET"]}}],"collection":[{"href":"https:\/\/cipokellekek.hu\/en\/wp-json\/wp\/v2\/product"}],"about":[{"href":"https:\/\/cipokellekek.hu\/en\/wp-json\/wp\/v2\/types\/product"}],"replies":[{"embeddable":true,"href":"https:\/\/cipokellekek.hu\/en\/wp-json\/wp\/v2\/comments?post=348958"}],"wp:featuredmedia":[{"embeddable":true,"href":"https:\/\/cipokellekek.hu\/en\/wp-json\/wp\/v2\/media\/351699"}],"wp:attachment":[{"href":"https:\/\/cipokellekek.hu\/en\/wp-json\/wp\/v2\/media?parent=348958"}],"wp:term":[{"taxonomy":"product_brand","embeddable":true,"href":"https:\/\/cipokellekek.hu\/en\/wp-json\/wp\/v2\/product_brand?post=348958"},{"taxonomy":"product_cat","embeddable":true,"href":"https:\/\/cipokellekek.hu\/en\/wp-json\/wp\/v2\/product_cat?post=348958"},{"taxonomy":"product_tag","embeddable":true,"href":"https:\/\/cipokellekek.hu\/en\/wp-json\/wp\/v2\/product_tag?post=348958"}],"curies":[{"name":"wp","href":"https:\/\/api.w.org\/{rel}","templated":true}]}}