{"id":348952,"date":"2023-09-19T19:25:20","date_gmt":"2023-09-19T17:25:20","guid":{"rendered":"https:\/\/dev.sysvol.hu\/belso\/termek\/ultra-lagy-memoriahabos-talpbetet-sportolashoz-es-mindennapi-hasznalatra-mopro004\/"},"modified":"2025-10-25T18:11:19","modified_gmt":"2025-10-25T16:11:19","slug":"ultra-lagy-memoriahabos-talpbetet-sportolashoz-es-mindennapi-hasznalatra-mopro004","status":"publish","type":"product","link":"https:\/\/cipokellekek.hu\/en\/uzlet\/cipoapolasi-kellekek\/talpbetetek\/ultra-lagy-memoriahabos-talpbetet-sportolashoz-es-mindennapi-hasznalatra-mopro004\/","title":{"rendered":"ULTRAL\u00c1GY &#8211; Mem\u00f3riahabos talpbet\u00e9t sportol\u00e1shoz \u00e9s mindennapi haszn\u00e1latra (MOPRO004)"},"content":{"rendered":"<div class=\"note note-1\">Az ultral\u00e1gy t\u00e1maszt\u00e9k igazodik a l\u00e1b alakj\u00e1hoz, finoman al\u00e1t\u00e1masztja az \u00edvet, \u00e9s k\u00f6rbe vonja a sarkat. A sarok \u00e9s a l\u00e1bk\u00f6z\u00e9p alatti p\u00e1rn\u00e1k \u00fct\u00e9scsillap\u00edt\u00f3 g\u00e9lb\u0151l k\u00e9sz\u00fcltek, mely elnyeli az \u00fct\u00e9s okozta sokkot, seg\u00edtve a sarok \u00e9s az \u00edz\u00fcletek v\u00e9delm\u00e9t. A mem\u00f3ria hat\u00e1s\u00fa puha PU r\u00e9teg, p\u00e1rn\u00e1zott l\u00e1btart\u00f3t ny\u00fajt a l\u00e1bnak, m\u00edg a puha b\u00e1rsony b\u00e9l\u00e9s hat\u00e9konyan elnyeli izzads\u00e1got. Emellett a speci\u00e1lis lyukaszt\u00e1s lehet\u0151v\u00e9 teszi a l\u00e1b szell\u0151z\u00e9s\u00e9t is. Ide\u00e1lis azok sz\u00e1m\u00e1ra, akik hossz\u00fa ideig \u00e1llnak, munkacip\u0151kbe \u00e9s sportol\u00e1shoz egyar\u00e1nt. Minden cip\u0151h\u00f6z illeszkedik, sz\u00fcks\u00e9g eset\u00e9n a jelzett vonal ment\u00e9n m\u00e9retre v\u00e1ghat\u00f3. K\u00e9zzel moshat\u00f3<\/div>\n<div class=\"note note-2\">M\u00e9retez\u00e9s: S-34-37, 23 CM; M-38-41, 26,4 CM; L-42-44, 29,2 CM; XL-45-48, 32 CM<\/div>\n<div class=\"note note-3\"><\/div>","protected":false},"excerpt":{"rendered":"<p>Fedezze fel a maxim\u00e1lis k\u00e9nyelmet az Ultral\u00e1gy mem\u00f3riahabos talpbet\u00e9ttel, amelyet sportol\u00e1shoz \u00e9s mindennapi haszn\u00e1latra terveztek! Ez a kiv\u00e1l\u00f3 min\u0151s\u00e9g\u0171 talpbet\u00e9t speci\u00e1lis mem\u00f3riahabos kialak\u00edt\u00e1sa r\u00e9v\u00e9n t\u00f6k\u00e9letesen alkalmazkodik a l\u00e1b form\u00e1j\u00e1hoz, ezzel biztos\u00edtva a szem\u00e9lyre szabott k\u00e9nyelmet minden l\u00e9p\u00e9sn\u00e9l. A mem\u00f3riahab hat\u00e9konyan elosztja a tests\u00falyt \u00e9s cs\u00f6kkenti a nyom\u00e1spontokat, \u00edgy minimaliz\u00e1lva a f\u00e1radts\u00e1got \u00e9s a l\u00e1b f\u00e1jdalm\u00e1t.<\/p>\n<p>Az ultral\u00e1gy mem\u00f3riahab r\u00e9teg elnyeli az \u00fct\u00e9seket, ami k\u00fcl\u00f6n\u00f6sen fontos sportol\u00e1s k\u00f6zben, de a mindennapi tev\u00e9kenys\u00e9gek sor\u00e1n is jelent\u0151s el\u0151ny\u00f6ket biztos\u00edt. A talpbet\u00e9t l\u00e9g\u00e1tereszt\u0151 \u00e9s nedvess\u00e9gelvezet\u0151 anyagokb\u00f3l k\u00e9sz\u00fclt, \u00edgy a l\u00e1b hosszabb ideig friss \u00e9s sz\u00e1raz marad.<\/p>\n<p>A rugalmas \u00e9s tart\u00f3s kialak\u00edt\u00e1s\u00e1nak k\u00f6sz\u00f6nhet\u0151en a talpbet\u00e9t hossz\u00fa t\u00e1von meg\u0151rzi form\u00e1j\u00e1t \u00e9s hat\u00e9konys\u00e1g\u00e1t, \u00edgy t\u00f6k\u00e9letes v\u00e1laszt\u00e1s b\u00e1rmilyen cip\u0151h\u00f6z. Legyen sz\u00f3 sportol\u00e1sr\u00f3l vagy mindennapi viseletr\u0151l, az Ultral\u00e1gy mem\u00f3riahabos talpbet\u00e9t az optim\u00e1lis k\u00e9nyelmet \u00e9s t\u00e1mogat\u00e1st ny\u00fajtja.<\/p>\n<p>V\u00e1lassza ezt a talpbet\u00e9tet, \u00e9s \u00e9lvezze a puha, m\u00e9gis stabil l\u00e9p\u00e9seket eg\u00e9sz nap!<\/p>","protected":false},"featured_media":351697,"comment_status":"closed","ping_status":"closed","template":"","meta":{"_seopress_robots_primary_cat":"none","_seopress_titles_title":"Ultral\u00e1gy - Mem\u00f3riahabos talpbet\u00e9t sportol\u00e1shoz (MOPRO004)","_seopress_titles_desc":"Ultral\u00e1gy mem\u00f3riahabos talpbet\u00e9ttel, amelyet sportol\u00e1shoz \u00e9s mindennapi haszn\u00e1latra terveztek! A t\u00e1maszt\u00e9k igazodik a l\u00e1b alakj\u00e1hoz, al\u00e1t\u00e1masztja az \u00edvet.","_seopress_robots_index":""},"product_brand":[],"product_cat":[1928,1968],"product_tag":[2365],"class_list":{"0":"post-348952","1":"product","2":"type-product","3":"status-publish","4":"has-post-thumbnail","6":"product_cat-cipoapolasi-kellekek","7":"product_cat-talpbetetek","8":"product_tag-cipo-es-labapolas","9":"pa_meret-m","10":"pa_meret-s","11":"pa_meret-l","12":"pa_meret-xl","13":"pa_meret-xs","15":"first","16":"instock","17":"purchasable","18":"product-type-variable"},"_links":{"self":[{"href":"https:\/\/cipokellekek.hu\/en\/wp-json\/wp\/v2\/product\/348952","targetHints":{"allow":["GET"]}}],"collection":[{"href":"https:\/\/cipokellekek.hu\/en\/wp-json\/wp\/v2\/product"}],"about":[{"href":"https:\/\/cipokellekek.hu\/en\/wp-json\/wp\/v2\/types\/product"}],"replies":[{"embeddable":true,"href":"https:\/\/cipokellekek.hu\/en\/wp-json\/wp\/v2\/comments?post=348952"}],"wp:featuredmedia":[{"embeddable":true,"href":"https:\/\/cipokellekek.hu\/en\/wp-json\/wp\/v2\/media\/351697"}],"wp:attachment":[{"href":"https:\/\/cipokellekek.hu\/en\/wp-json\/wp\/v2\/media?parent=348952"}],"wp:term":[{"taxonomy":"product_brand","embeddable":true,"href":"https:\/\/cipokellekek.hu\/en\/wp-json\/wp\/v2\/product_brand?post=348952"},{"taxonomy":"product_cat","embeddable":true,"href":"https:\/\/cipokellekek.hu\/en\/wp-json\/wp\/v2\/product_cat?post=348952"},{"taxonomy":"product_tag","embeddable":true,"href":"https:\/\/cipokellekek.hu\/en\/wp-json\/wp\/v2\/product_tag?post=348952"}],"curies":[{"name":"wp","href":"https:\/\/api.w.org\/{rel}","templated":true}]}}