{"id":348946,"date":"2023-09-19T19:25:20","date_gmt":"2023-09-19T17:25:20","guid":{"rendered":"https:\/\/dev.sysvol.hu\/belso\/termek\/utescsillapito-memoriahabos-talpbetet-sportolashoz-es-mindennapi-hasznalatra-mopro003\/"},"modified":"2025-10-25T18:47:06","modified_gmt":"2025-10-25T16:47:06","slug":"utescsillapito-memoriahabos-talpbetet-sportolashoz-es-mindennapi-hasznalatra-mopro003","status":"publish","type":"product","link":"https:\/\/cipokellekek.hu\/en\/uzlet\/cipoapolasi-kellekek\/talpbetetek\/utescsillapito-memoriahabos-talpbetet-sportolashoz-es-mindennapi-hasznalatra-mopro003\/","title":{"rendered":"\u00dcT\u00c9SCSILLAP\u00cdT\u00d3 &#8211; Mem\u00f3riahabos talpbet\u00e9t sportol\u00e1shoz \u00e9s mindennapi haszn\u00e1latra (MOPRO003)"},"content":{"rendered":"<div class=\"note note-1\">A vastag \u00fct\u00e9scsillap\u00edt\u00f3 anyag elnyeli az \u00fct\u00e9seket, \u00e9s eloszlatja a talajjal t\u00f6rt\u00e9n\u0151 \u00fctk\u00f6z\u00e9sb\u0151l sz\u00e1rmaz\u00f3 energi\u00e1t, seg\u00edtve ezzel megel\u0151zni a sarkanty\u00fa kialakul\u00e1s\u00e1t \u00e9s az \u00edngyullad\u00e1st, v\u00e9di a t\u00e9rdeket \u00e9s a bok\u00e1t, cs\u00f6kkentve ezzel a gerincre h\u00e1rul\u00f3 stressz hat\u00e1st. A sz\u00f6vetb\u00e9l\u00e9s kop\u00e1s\u00e1ll\u00f3 \u00e9s hat\u00e9konyan nyeli el az izzads\u00e1got. A diff\u00faz perfor\u00e1ci\u00f3 el\u0151seg\u00edti a leveg\u0151 \u00e1raml\u00e1s\u00e1t a cip\u0151 belsej\u00e9ben, biztos\u00edtva ez\u00e1ltal a l\u00e1b szell\u0151z\u00e9s\u00e9t. Aj\u00e1nlott sportol\u00e1shoz, vagy mindennapi haszn\u00e1latra azoknak, akik hossz\u00fa ideig \u00e1llnak munk\u00e1juk sor\u00e1n. Minden cip\u0151h\u00f6z haszn\u00e1lhat\u00f3, sz\u00fcks\u00e9g eset\u00e9n m\u00e9retre v\u00e1gva. K\u00e9zzel moshat\u00f3.<\/div>\n<div class=\"note note-2\">M\u00e9retez\u00e9s: S-34-37, 24,7 CM; M-38-41, 26,1 CM; L-42-44, 28,5 CM; XL-45-47, 31 CM<\/div>\n<div class=\"note note-3\"><\/div>","protected":false},"excerpt":{"rendered":"<p>V\u00e9dje l\u00e1bait a mindennapi megterhel\u00e9st\u0151l \u00e9s sportol\u00e1s k\u00f6zben, az \u00dct\u00e9scsillap\u00edt\u00f3 mem\u00f3riahabos talpbet\u00e9ttel! Ez a pr\u00e9mium talpbet\u00e9t speci\u00e1lisan \u00fagy lett kifejlesztve, hogy maxim\u00e1lis k\u00e9nyelmet \u00e9s v\u00e9delmet ny\u00fajtson minden l\u00e9p\u00e9sn\u00e9l. A mem\u00f3riahab r\u00e9teg t\u00f6k\u00e9letesen k\u00f6veti a l\u00e1b form\u00e1j\u00e1t, \u00edgy szem\u00e9lyre szabott k\u00e9nyelmet biztos\u00edt, mik\u00f6zben hat\u00e9konyan elnyeli az \u00fct\u00e9seket, \u00e9s cs\u00f6kkenti a l\u00e1bakra, \u00edz\u00fcletekre nehezed\u0151 terhel\u00e9st.<\/p>\n<p>Az \u00fct\u00e9scsillap\u00edt\u00f3 technol\u00f3gia nemcsak a sportol\u00e1s k\u00f6zbeni intenz\u00edv ig\u00e9nybev\u00e9telt teszi elviselhet\u0151bb\u00e9, hanem a mindennapi tev\u00e9kenys\u00e9gek sor\u00e1n is cs\u00f6kkenti a f\u00e1radts\u00e1got \u00e9s a f\u00e1jdalom kialakul\u00e1s\u00e1nak es\u00e9ly\u00e9t. A talpbet\u00e9t l\u00e9g\u00e1tereszt\u0151 \u00e9s nedvess\u00e9gelvezet\u0151 anyaga gondoskodik a l\u00e1bak frissess\u00e9g\u00e9r\u0151l, megakad\u00e1lyozva a kellemetlen szagok \u00e9s a t\u00falzott izzad\u00e1s kialakul\u00e1s\u00e1t.<\/p>\n<p>Az \u00dct\u00e9scsillap\u00edt\u00f3 mem\u00f3riahabos talpbet\u00e9t ide\u00e1lis v\u00e1laszt\u00e1s b\u00e1rmilyen t\u00edpus\u00fa l\u00e1bbelihez, \u00e9s hossz\u00fa t\u00e1von is meg\u0151rzi form\u00e1j\u00e1t \u00e9s hat\u00e9konys\u00e1g\u00e1t. Ak\u00e1r intenz\u00edv sportol\u00e1shoz, ak\u00e1r mindennapi haszn\u00e1latra keres k\u00e9nyelmes megold\u00e1st, ez a talpbet\u00e9t t\u00f6k\u00e9letes v\u00e1laszt\u00e1s.<\/p>\n<p>V\u00e1lassza az \u00dct\u00e9scsillap\u00edt\u00f3 mem\u00f3riahabos talpbet\u00e9tet, \u00e9s \u00e9lvezze a pihentet\u0151, f\u00e1jdalommentes l\u00e9p\u00e9seket minden nap!<\/p>","protected":false},"featured_media":351695,"comment_status":"closed","ping_status":"closed","template":"","meta":{"_seopress_robots_primary_cat":"none","_seopress_titles_title":"\u00dcT\u00c9SCSILLAP\u00cdT\u00d3 - Mem\u00f3riahabos talpbet\u00e9t sportol\u00e1shoz (MOPRO003)","_seopress_titles_desc":"\u00dct\u00e9scsillap\u00edt\u00f3 mem\u00f3riahabos talpbet\u00e9t. A vastag \u00fct\u00e9scsillap\u00edt\u00f3 anyag elnyeli az \u00fct\u00e9seket, \u00e9s eloszlatja a talajjal t\u00f6rt\u00e9n\u0151 \u00fctk\u00f6z\u00e9sb\u0151l sz\u00e1rmaz\u00f3 energi\u00e1t.","_seopress_robots_index":""},"product_brand":[],"product_cat":[1928,1968],"product_tag":[2365],"class_list":{"0":"post-348946","1":"product","2":"type-product","3":"status-publish","4":"has-post-thumbnail","6":"product_cat-cipoapolasi-kellekek","7":"product_cat-talpbetetek","8":"product_tag-cipo-es-labapolas","9":"pa_meret-m","10":"pa_meret-s","11":"pa_meret-l","12":"pa_meret-xl","13":"pa_meret-xs","15":"first","16":"instock","17":"featured","18":"purchasable","19":"product-type-variable"},"_links":{"self":[{"href":"https:\/\/cipokellekek.hu\/en\/wp-json\/wp\/v2\/product\/348946","targetHints":{"allow":["GET"]}}],"collection":[{"href":"https:\/\/cipokellekek.hu\/en\/wp-json\/wp\/v2\/product"}],"about":[{"href":"https:\/\/cipokellekek.hu\/en\/wp-json\/wp\/v2\/types\/product"}],"replies":[{"embeddable":true,"href":"https:\/\/cipokellekek.hu\/en\/wp-json\/wp\/v2\/comments?post=348946"}],"wp:featuredmedia":[{"embeddable":true,"href":"https:\/\/cipokellekek.hu\/en\/wp-json\/wp\/v2\/media\/351695"}],"wp:attachment":[{"href":"https:\/\/cipokellekek.hu\/en\/wp-json\/wp\/v2\/media?parent=348946"}],"wp:term":[{"taxonomy":"product_brand","embeddable":true,"href":"https:\/\/cipokellekek.hu\/en\/wp-json\/wp\/v2\/product_brand?post=348946"},{"taxonomy":"product_cat","embeddable":true,"href":"https:\/\/cipokellekek.hu\/en\/wp-json\/wp\/v2\/product_cat?post=348946"},{"taxonomy":"product_tag","embeddable":true,"href":"https:\/\/cipokellekek.hu\/en\/wp-json\/wp\/v2\/product_tag?post=348946"}],"curies":[{"name":"wp","href":"https:\/\/api.w.org\/{rel}","templated":true}]}}