{"id":348941,"date":"2023-09-19T19:25:20","date_gmt":"2023-09-19T17:25:20","guid":{"rendered":"https:\/\/dev.sysvol.hu\/belso\/termek\/dinamikus-anatomiai-talpbetet-sportolashoz-es-mindennapi-hasznalatra-mopro002\/"},"modified":"2025-10-25T18:39:03","modified_gmt":"2025-10-25T16:39:03","slug":"dinamikus-anatomiai-talpbetet-sportolashoz-es-mindennapi-hasznalatra-mopro002","status":"publish","type":"product","link":"https:\/\/cipokellekek.hu\/en\/uzlet\/cipoapolasi-kellekek\/talpbetetek\/dinamikus-anatomiai-talpbetet-sportolashoz-es-mindennapi-hasznalatra-mopro002\/","title":{"rendered":"DINAMIKUS &#8211; Anat\u00f3miai talpbet\u00e9t sportol\u00e1shoz \u00e9s mindennapi haszn\u00e1latra (MOPRO002)"},"content":{"rendered":"<div class=\"note note-1\">\n<p>A k\u00f6nny\u0171 \u00e9s rugalmas t\u00e1masz megtartja a talpi \u00edvet \u00e9s a sarkat, stabiliz\u00e1lva a l\u00e1bat haszn\u00e1lat k\u00f6zben.<\/p>\n<p>A sarok \u00e9s l\u00e1bk\u00f6z\u00e9p alatti p\u00e1rn\u00e1k puha, \u00fct\u00e9scsillap\u00edt\u00f3 g\u00e9lb\u0151l k\u00e9sz\u00fcltek, amely cs\u00f6kkenti a sarok, az \u00edz\u00fcletek \u00e9s a gerinc terhel\u00e9s\u00e9t.<\/p>\n<p>A p\u00e1rn\u00e1zott talpi \u00edv a megfelel\u0151 helyzetben tarja a l\u00e1bat, \u00e9s seg\u00edt korrig\u00e1lni a t\u00falzott pron\u00e1ci\u00f3t..<\/p>\n<p>A PU r\u00e9teg puha p\u00e1rn\u00e1t k\u00edn\u00e1l l\u00e1ba sz\u00e1m\u00e1ra.<\/p>\n<p>A sz\u00f6vetb\u00e9l\u00e9s kop\u00e1s\u00e1ll\u00f3, hat\u00e9konyan nyeli el az izzadts\u00e1got, a speci\u00e1lis lyukaszt\u00e1snak k\u00f6sz\u00f6nhet\u0151en pedig biztos\u00edtja a l\u00e1b szell\u0151z\u00e9s\u00e9t. Gyorsan sz\u00e1rad. Ide\u00e1lis sportol\u00e1shoz \u00e9s azok sz\u00e1m\u00e1ra, akik munk\u00e1juk sor\u00e1n hossz\u00fa ideig \u00e1llnak. Minden cip\u0151h\u00f6z haszn\u00e1lhat\u00f3, sz\u00fcks\u00e9g eset\u00e9n m\u00e9retre v\u00e1gva. K\u00e9zzel moshat\u00f3.<\/p>\n<\/div>\n<div class=\"note note-2\">M\u00e9retez\u00e9s: XS-35-38, 24,5 CM; S-39-41, 27 CM; M-42-43, 29,5 CM; L-44-45, 32 CM<\/div>\n<div class=\"note note-3\"><\/div>","protected":false},"excerpt":{"rendered":"<p>Tapasztalja meg a k\u00e9nyelmet \u00e9s a teljes\u00edtm\u00e9nyt a Dinamikus anat\u00f3miai talpbet\u00e9ttel, amelyet kifejezetten sportol\u00e1shoz \u00e9s mindennapi haszn\u00e1latra terveztek! Ez a pr\u00e9mium min\u0151s\u00e9g\u0171 talpbet\u00e9t seg\u00edt optimaliz\u00e1lni a l\u00e1b term\u00e9szetes mozg\u00e1s\u00e1t, mik\u00f6zben hat\u00e9konyan cs\u00f6kkenti a f\u00e1radts\u00e1got \u00e9s a f\u00e1jdalmat. Az anat\u00f3miailag form\u00e1zott kialak\u00edt\u00e1s biztos\u00edtja a l\u00e1b megfelel\u0151 tart\u00e1s\u00e1t, m\u00edg a speci\u00e1lis anyagok elnyelik az \u00fct\u00e9seket, \u00edgy minden l\u00e9p\u00e9s k\u00f6nnyed \u00e9s k\u00e9nyelmes.<\/p>\n<p>A talpbet\u00e9t l\u00e9g\u00e1tereszt\u0151, nedvess\u00e9gelvezet\u0151 fel\u00fclete biztos\u00edtja a hosszan tart\u00f3 frissess\u00e9get, ami k\u00fcl\u00f6n\u00f6sen fontos az intenz\u00edv sportol\u00e1s sor\u00e1n. A rugalmas \u00e9s tart\u00f3s anyagok lehet\u0151v\u00e9 teszik a talpbet\u00e9t hossz\u00fa \u00e9lettartam\u00e1t, \u00edgy nem kell agg\u00f3dnia a kop\u00e1s miatt. Ak\u00e1r sportol\u00e1s, ak\u00e1r mindennapi tev\u00e9kenys\u00e9g k\u00f6zben haszn\u00e1lja, ez a talpbet\u00e9t t\u00f6k\u00e9letes v\u00e1laszt\u00e1s a maxim\u00e1lis k\u00e9nyelem \u00e9s a l\u00e1b eg\u00e9szs\u00e9ge \u00e9rdek\u00e9ben.<\/p>\n<p>V\u00e1lassza a Dinamikus anat\u00f3miai talpbet\u00e9tet, \u00e9s \u00e9lvezze a f\u00e1radts\u00e1g n\u00e9lk\u00fcli l\u00e9p\u00e9seket minden nap!<\/p>","protected":false},"featured_media":351693,"comment_status":"closed","ping_status":"closed","template":"","meta":{"_seopress_robots_primary_cat":"none","_seopress_titles_title":"DINAMIKUS - Anat\u00f3miai talpbet\u00e9t sportol\u00e1shoz (MOPRO002)","_seopress_titles_desc":"Tapasztalja meg a k\u00e9nyelmet \u00e9s a teljes\u00edtm\u00e9nyt a Dinamikus anat\u00f3miai talpbet\u00e9ttel, amelyet kifejezetten sportol\u00e1shoz \u00e9s mindennapi haszn\u00e1latra terveztek!","_seopress_robots_index":""},"product_brand":[],"product_cat":[1928,1968],"product_tag":[2365],"class_list":{"0":"post-348941","1":"product","2":"type-product","3":"status-publish","4":"has-post-thumbnail","6":"product_cat-cipoapolasi-kellekek","7":"product_cat-talpbetetek","8":"product_tag-cipo-es-labapolas","9":"pa_meret-m","10":"pa_meret-s","11":"pa_meret-l","12":"pa_meret-xs","14":"first","15":"instock","16":"purchasable","17":"product-type-variable"},"_links":{"self":[{"href":"https:\/\/cipokellekek.hu\/en\/wp-json\/wp\/v2\/product\/348941","targetHints":{"allow":["GET"]}}],"collection":[{"href":"https:\/\/cipokellekek.hu\/en\/wp-json\/wp\/v2\/product"}],"about":[{"href":"https:\/\/cipokellekek.hu\/en\/wp-json\/wp\/v2\/types\/product"}],"replies":[{"embeddable":true,"href":"https:\/\/cipokellekek.hu\/en\/wp-json\/wp\/v2\/comments?post=348941"}],"wp:featuredmedia":[{"embeddable":true,"href":"https:\/\/cipokellekek.hu\/en\/wp-json\/wp\/v2\/media\/351693"}],"wp:attachment":[{"href":"https:\/\/cipokellekek.hu\/en\/wp-json\/wp\/v2\/media?parent=348941"}],"wp:term":[{"taxonomy":"product_brand","embeddable":true,"href":"https:\/\/cipokellekek.hu\/en\/wp-json\/wp\/v2\/product_brand?post=348941"},{"taxonomy":"product_cat","embeddable":true,"href":"https:\/\/cipokellekek.hu\/en\/wp-json\/wp\/v2\/product_cat?post=348941"},{"taxonomy":"product_tag","embeddable":true,"href":"https:\/\/cipokellekek.hu\/en\/wp-json\/wp\/v2\/product_tag?post=348941"}],"curies":[{"name":"wp","href":"https:\/\/api.w.org\/{rel}","templated":true}]}}