{"id":348935,"date":"2023-09-19T19:25:20","date_gmt":"2023-09-19T17:25:20","guid":{"rendered":"https:\/\/dev.sysvol.hu\/belso\/termek\/multisport-anatomiai-sport-talpbetet-mopro001\/"},"modified":"2025-10-25T18:36:05","modified_gmt":"2025-10-25T16:36:05","slug":"multisport-anatomiai-sport-talpbetet-mopro001","status":"publish","type":"product","link":"https:\/\/cipokellekek.hu\/en\/uzlet\/cipoapolasi-kellekek\/talpbetetek\/multisport-anatomiai-sport-talpbetet-mopro001\/","title":{"rendered":"MULTISPORT &#8211; Anat\u00f3miai sport talpbet\u00e9t (MOPRO001)"},"content":{"rendered":"<p>A f\u00e9lmerev t\u00e1masz k\u00f6nny\u0171 \u00e9s rugalmas, megtartja a talpi \u00edvet \u00e9s a bok\u00e1t, stabiliz\u00e1lva a l\u00e1bat a sporttev\u00e9kenys\u00e9g k\u00f6zben. Seg\u00edt kijav\u00edtani a l\u00e1b t\u00falzott m\u00e9rt\u00e9k\u0171 pron\u00e1ci\u00f3j\u00e1t.<\/p>\n<p>A sarok \u00e9s a l\u00e1bk\u00f6z\u00e9p alatti p\u00e1rn\u00e1k speci\u00e1lis \u00fct\u00e9scsillap\u00edt\u00f3 anyagb\u00f3l k\u00e9sz\u00fcltek, melyek elnyelik a talajjal t\u00f6rt\u00e9n\u0151 \u00fctk\u00f6z\u00e9sb\u0151l sz\u00e1rmaz\u00f3 energi\u00e1t, seg\u00edtve ezzel megel\u0151zni a sarkanty\u00fa kialakul\u00e1s\u00e1t \u00e9s az \u00edngyullad\u00e1st, v\u00e9di a t\u00e9rdeket \u00e9s a bok\u00e1t, cs\u00f6kkentve ezzel a gerincre h\u00e1rul\u00f3 stressz hat\u00e1st.<\/p>\n<p>A PU r\u00e9teg puha, p\u00e1rn\u00e1s l\u00e1btart\u00f3t ny\u00fajt l\u00e1b\u00e1nak.<\/p>\n<p>A sz\u00f6vetb\u00e9l\u00e9s kop\u00e1s\u00e1ll\u00f3, hat\u00e9konyan nyeli el az izzadts\u00e1got, a speci\u00e1lis lyukaszt\u00e1snak k\u00f6sz\u00f6nhet\u0151en pedig biztos\u00edtja a l\u00e1b szell\u0151z\u00e9s\u00e9t. Gyorsan sz\u00e1rad. Ide\u00e1lis olyan sporttev\u00e9kenys\u00e9gekhez, mint fut\u00e1s, t\u00far\u00e1z\u00e1s, fitness, r\u00f6plabda, kos\u00e1rlabda, foci stb. Minden cip\u0151h\u00f6z haszn\u00e1lhat\u00f3, sz\u00fcks\u00e9g eset\u00e9n m\u00e9retre v\u00e1gva. K\u00e9zzel moshat\u00f3.<\/p>\n<div><\/div>\n<div class=\"note note-2\">M\u00e9retez\u00e9s: XS-35-38, 24,5 CM; S-39-41, 26,5 CM; M-42-43, 28 CM; L-44-45, 30,5 CM; XL-46-48, 31,5 CM<\/div>\n<p>&nbsp;<\/p>","protected":false},"excerpt":{"rendered":"<div class=\"note note-1\">\n<div class=\"flex-shrink-0 flex flex-col relative items-end\">\n<div>\n<div class=\"pt-0\">\n<div class=\"gizmo-bot-avatar flex h-8 w-8 items-center justify-center overflow-hidden rounded-full\">\n<div class=\"relative p-1 rounded-sm flex items-center justify-center bg-token-main-surface-primary text-token-text-primary h-8 w-8\"><\/div>\n<\/div>\n<\/div>\n<\/div>\n<\/div>\n<div class=\"group\/conversation-turn relative flex w-full min-w-0 flex-col agent-turn\">\n<div class=\"flex-col gap-1 md:gap-3\">\n<div class=\"flex max-w-full flex-col flex-grow\">\n<div class=\"min-h-[20px] text-message flex w-full flex-col items-end gap-2 break-words [.text-message+&amp;]:mt-5 overflow-x-auto whitespace-normal\" dir=\"auto\" data-message-author-role=\"assistant\" data-message-id=\"d52de424-c290-4ebd-b788-50fa557135af\">\n<div class=\"flex w-full flex-col gap-1 empty:hidden first:pt-[3px]\">\n<div class=\"markdown prose w-full break-words dark:prose-invert light\">\n<p>Legyen sz\u00f3 b\u00e1rmilyen sport\u00e1gr\u00f3l, a Multisport anat\u00f3miai sporttalpbet\u00e9t az \u00d6n legjobb t\u00e1rsa lehet az akt\u00edv \u00e9letm\u00f3dban! Ez a kiv\u00e1l\u00f3 min\u0151s\u00e9g\u0171 talpbet\u00e9t kifejezetten \u00fagy lett kialak\u00edtva, hogy maxim\u00e1lis k\u00e9nyelmet \u00e9s t\u00e1mogat\u00e1st ny\u00fajtson b\u00e1rmilyen sporttev\u00e9kenys\u00e9g sor\u00e1n. Az anat\u00f3miailag form\u00e1zott talpbet\u00e9t k\u00f6veti a l\u00e1b term\u00e9szetes vonalait, ez\u00e1ltal optimaliz\u00e1lva a mozg\u00e1st \u00e9s seg\u00edtve a helyes testtart\u00e1st.<\/p>\n<p>A talpbet\u00e9t speci\u00e1lis anyag\u00f6sszet\u00e9tele kiv\u00e1l\u00f3 \u00fct\u00e9selnyel\u0151 k\u00e9pess\u00e9get biztos\u00edt, amely cs\u00f6kkenti az \u00edz\u00fcletekre nehezed\u0151 terhel\u00e9st, \u00edgy seg\u00edt megel\u0151zni a sportol\u00e1s k\u00f6zben el\u0151fordul\u00f3 s\u00e9r\u00fcl\u00e9seket \u00e9s a f\u00e1radts\u00e1g\u00e9rzetet. A l\u00e9g\u00e1tereszt\u0151 anyagok seg\u00edtik a l\u00e1b megfelel\u0151 szell\u0151z\u00e9s\u00e9t, megakad\u00e1lyozva a t\u00falzott izzad\u00e1st \u00e9s a kellemetlen szagok kialakul\u00e1s\u00e1t, \u00edgy a l\u00e1b mindig friss \u00e9s sz\u00e1raz marad.<\/p>\n<p>A Multisport anat\u00f3miai sporttalpbet\u00e9t t\u00f6k\u00e9letesen illeszkedik b\u00e1rmilyen sportcip\u0151be, \u00e9s hossz\u00fa t\u00e1v\u00fa haszn\u00e1latra is alkalmas, k\u00f6sz\u00f6nhet\u0151en a tart\u00f3s, kop\u00e1s\u00e1ll\u00f3 anyagainak. Ak\u00e1r fut\u00e1s, ker\u00e9kp\u00e1roz\u00e1s, vagy edz\u00e9s k\u00f6zben viseli, ez a talpbet\u00e9t biztos\u00edtja a l\u00e1b megfelel\u0151 t\u00e1mogat\u00e1s\u00e1t \u00e9s k\u00e9nyelm\u00e9t.<\/p>\n<p>V\u00e1lassza a Multisport anat\u00f3miai sport talpbet\u00e9tet, hogy minden mozdulata er\u0151teljes \u00e9s magabiztos legyen!<\/p>\n<\/div>\n<\/div>\n<\/div>\n<\/div>\n<\/div>\n<\/div>\n<\/div>\n<div class=\"note note-2\"><\/div>\n<div class=\"note note-3\"><\/div>\n<p>&nbsp;<\/p>","protected":false},"featured_media":351691,"comment_status":"closed","ping_status":"closed","template":"","meta":{"_seopress_robots_primary_cat":"none","_seopress_titles_title":"MULTISPORT - Anat\u00f3miai sport talpbet\u00e9t (MOPRO001)","_seopress_titles_desc":"A f\u00e9lmerev t\u00e1masz k\u00f6nny\u0171 \u00e9s rugalmas, megtartja a talpi \u00edvet \u00e9s a bok\u00e1t, stabiliz\u00e1lva a l\u00e1bat a sporttev\u00e9kenys\u00e9g k\u00f6zben. Kijav\u00edtja a l\u00e1b t\u00falzott m\u00e9rt\u00e9k\u0171 pron\u00e1ci\u00f3j\u00e1t.","_seopress_robots_index":""},"product_brand":[],"product_cat":[1928,1968],"product_tag":[2365],"class_list":{"0":"post-348935","1":"product","2":"type-product","3":"status-publish","4":"has-post-thumbnail","6":"product_cat-cipoapolasi-kellekek","7":"product_cat-talpbetetek","8":"product_tag-cipo-es-labapolas","9":"pa_meret-m","10":"pa_meret-s","11":"pa_meret-l","12":"pa_meret-xl","13":"pa_meret-xs","15":"first","16":"instock","17":"purchasable","18":"product-type-variable"},"_links":{"self":[{"href":"https:\/\/cipokellekek.hu\/en\/wp-json\/wp\/v2\/product\/348935","targetHints":{"allow":["GET"]}}],"collection":[{"href":"https:\/\/cipokellekek.hu\/en\/wp-json\/wp\/v2\/product"}],"about":[{"href":"https:\/\/cipokellekek.hu\/en\/wp-json\/wp\/v2\/types\/product"}],"replies":[{"embeddable":true,"href":"https:\/\/cipokellekek.hu\/en\/wp-json\/wp\/v2\/comments?post=348935"}],"wp:featuredmedia":[{"embeddable":true,"href":"https:\/\/cipokellekek.hu\/en\/wp-json\/wp\/v2\/media\/351691"}],"wp:attachment":[{"href":"https:\/\/cipokellekek.hu\/en\/wp-json\/wp\/v2\/media?parent=348935"}],"wp:term":[{"taxonomy":"product_brand","embeddable":true,"href":"https:\/\/cipokellekek.hu\/en\/wp-json\/wp\/v2\/product_brand?post=348935"},{"taxonomy":"product_cat","embeddable":true,"href":"https:\/\/cipokellekek.hu\/en\/wp-json\/wp\/v2\/product_cat?post=348935"},{"taxonomy":"product_tag","embeddable":true,"href":"https:\/\/cipokellekek.hu\/en\/wp-json\/wp\/v2\/product_tag?post=348935"}],"curies":[{"name":"wp","href":"https:\/\/api.w.org\/{rel}","templated":true}]}}