{"id":346100,"date":"2023-09-11T17:04:01","date_gmt":"2023-09-11T15:04:01","guid":{"rendered":"https:\/\/dev.sysvol.hu\/belso\/termek\/ontott-disz-2928\/"},"modified":"2025-10-16T15:10:34","modified_gmt":"2025-10-16T13:10:34","slug":"ontott-disz-2928","status":"publish","type":"product","link":"https:\/\/cipokellekek.hu\/en\/uzlet\/diszek\/ontott-disz-2928\/","title":{"rendered":"\u00d6nt\u00f6tt d\u00edsz (2928)"},"content":{"rendered":"<div class=\"note note-1\">St\u00edlusos, divatos \u00f6nt\u00f6tt f\u00e9m d\u00edsz, ide\u00e1lis b\u0151rd\u00edszm\u0171ves munk\u00e1khoz. Tart\u00f3s \u00e9s eszt\u00e9tikus kivitel, k\u00f6nnyen illeszthet\u0151 k\u00fcl\u00f6nb\u00f6z\u0151 st\u00edlus\u00fa term\u00e9kekhez.<\/div>\n<div class=\"note note-2\">\n<div>M\u00e9ret: 15 mm<\/div>\n<div>R\u00f6gz\u00edt\u00e9si m\u00f3d: szegecses<\/div>\n<\/div>\n<div class=\"note note-3\"><\/div>","protected":false},"excerpt":{"rendered":"<div class=\"note note-1\">St\u00edlusos, divatos \u00f6nt\u00f6tt f\u00e9m d\u00edsz, ide\u00e1lis b\u0151rd\u00edszm\u0171ves munk\u00e1khoz. Tart\u00f3s \u00e9s eszt\u00e9tikus kivitel, k\u00f6nnyen illeszthet\u0151 k\u00fcl\u00f6nb\u00f6z\u0151 st\u00edlus\u00fa term\u00e9kekhez.<\/div>\n<div>\n<div class=\"note note-2\">\n<div>M\u00e9ret: 15 mm<\/div>\n<div>R\u00f6gz\u00edt\u00e9si m\u00f3d: szegecses<\/div>\n<\/div>\n<div class=\"note note-3\"><\/div>\n<\/div>","protected":false},"featured_media":351690,"comment_status":"closed","ping_status":"closed","template":"","meta":{"_seopress_robots_primary_cat":"none","_seopress_titles_title":"\u00d6nt\u00f6tt d\u00edsz (2928)","_seopress_titles_desc":"","_seopress_robots_index":""},"product_brand":[],"product_cat":[2140],"product_tag":[2364,2363],"class_list":{"0":"post-346100","1":"product","2":"type-product","3":"status-publish","4":"has-post-thumbnail","6":"product_cat-diszek","7":"product_tag-bordiszmu-es-ruhagyartas","8":"product_tag-cipogyartas-es-cipojavitas","9":"pa_szin-arany","10":"pa_szin-bronz-antik","11":"pa_szin-bronzex","12":"pa_szin-fekete-nikkel","13":"pa_szin-fenyes-sargarez","14":"pa_szin-kezi-szatinalt-sargarez-antik","15":"pa_szin-matt-nikkel","16":"pa_szin-nikkel","17":"pa_szin-nikkel-antik","18":"pa_szin-nikkelmentes-arany","19":"pa_szin-nikkelmentes-fekete-nikkel","20":"pa_szin-nikkelmentes-matt-nikkel","21":"pa_szin-nikkelmentes-nikkel","22":"pa_szin-nikkelmentes-nikkel-antik","23":"pa_szin-nikkelmentes-vilagos-arany","24":"pa_szin-rozsaszin-arany","25":"pa_szin-sargarez-antik","26":"pa_szin-vilagos-arany","27":"pa_szin-vilagos-sargarez-antik","29":"first","30":"instock","31":"purchasable","32":"product-type-variable"},"_links":{"self":[{"href":"https:\/\/cipokellekek.hu\/en\/wp-json\/wp\/v2\/product\/346100","targetHints":{"allow":["GET"]}}],"collection":[{"href":"https:\/\/cipokellekek.hu\/en\/wp-json\/wp\/v2\/product"}],"about":[{"href":"https:\/\/cipokellekek.hu\/en\/wp-json\/wp\/v2\/types\/product"}],"replies":[{"embeddable":true,"href":"https:\/\/cipokellekek.hu\/en\/wp-json\/wp\/v2\/comments?post=346100"}],"wp:featuredmedia":[{"embeddable":true,"href":"https:\/\/cipokellekek.hu\/en\/wp-json\/wp\/v2\/media\/351690"}],"wp:attachment":[{"href":"https:\/\/cipokellekek.hu\/en\/wp-json\/wp\/v2\/media?parent=346100"}],"wp:term":[{"taxonomy":"product_brand","embeddable":true,"href":"https:\/\/cipokellekek.hu\/en\/wp-json\/wp\/v2\/product_brand?post=346100"},{"taxonomy":"product_cat","embeddable":true,"href":"https:\/\/cipokellekek.hu\/en\/wp-json\/wp\/v2\/product_cat?post=346100"},{"taxonomy":"product_tag","embeddable":true,"href":"https:\/\/cipokellekek.hu\/en\/wp-json\/wp\/v2\/product_tag?post=346100"}],"curies":[{"name":"wp","href":"https:\/\/api.w.org\/{rel}","templated":true}]}}