{"id":346060,"date":"2023-09-11T17:04:01","date_gmt":"2023-09-11T15:04:01","guid":{"rendered":"https:\/\/dev.sysvol.hu\/belso\/termek\/ontott-csat-1913-24\/"},"modified":"2025-10-16T13:43:49","modified_gmt":"2025-10-16T11:43:49","slug":"ontott-csat-1913-24","status":"publish","type":"product","link":"https:\/\/cipokellekek.hu\/en\/uzlet\/csatok\/ontott-csatok\/forma-szerint\/ives-ovalis\/ontott-csat-1913-24\/","title":{"rendered":"\u00d6nt\u00f6tt csat (1913-24)"},"content":{"rendered":"<div class=\"note note-1\">St\u00edlusos, divatos \u00f6vcsat \u00f6nt\u00f6tt f\u00e9mb\u0151l, 24 mm-es \u00f6vekhez. Eleg\u00e1ns \u00edves-ov\u00e1lis forma, tart\u00f3s \u00e9s eszt\u00e9tikus kivitel b\u0151rd\u00edszm\u0171ves term\u00e9kekhez.<\/div>\n<div class=\"note note-2\"><\/div>\n<div class=\"note note-3\"><\/div>","protected":false},"excerpt":{"rendered":"<div class=\"note note-1\">St\u00edlusos, divatos \u00f6vcsat \u00f6nt\u00f6tt f\u00e9mb\u0151l, 24 mm-es \u00f6vekhez. Eleg\u00e1ns \u00edves-ov\u00e1lis forma, tart\u00f3s \u00e9s eszt\u00e9tikus kivitel b\u0151rd\u00edszm\u0171ves term\u00e9kekhez.<\/div>\n<div class=\"note note-2\"><\/div>","protected":false},"featured_media":352060,"comment_status":"closed","ping_status":"closed","template":"","meta":{"_seopress_robots_primary_cat":"none","_seopress_titles_title":"\u00d6nt\u00f6tt csat (1913-24)","_seopress_titles_desc":"","_seopress_robots_index":""},"product_brand":[],"product_cat":[2126,2102,2111,2112,2107,2106],"product_tag":[2364,2363],"class_list":{"0":"post-346060","1":"product","2":"type-product","3":"status-publish","4":"has-post-thumbnail","6":"product_cat-24-mm","7":"product_cat-csatok","8":"product_cat-forma-szerint","9":"product_cat-ives-ovalis","10":"product_cat-meret-szerint","11":"product_cat-ontott-csatok","12":"product_tag-bordiszmu-es-ruhagyartas","13":"product_tag-cipogyartas-es-cipojavitas","14":"pa_szin-arany","15":"pa_szin-bronz-antik","16":"pa_szin-bronzex","17":"pa_szin-fekete-nikkel","18":"pa_szin-fenyes-sargarez","19":"pa_szin-kezi-szatinalt-sargarez-antik","20":"pa_szin-matt-nikkel","21":"pa_szin-nikkel","22":"pa_szin-nikkel-antik","23":"pa_szin-nikkelmentes-arany","24":"pa_szin-nikkelmentes-fekete-nikkel","25":"pa_szin-nikkelmentes-matt-nikkel","26":"pa_szin-nikkelmentes-nikkel","27":"pa_szin-nikkelmentes-nikkel-antik","28":"pa_szin-nikkelmentes-vilagos-arany","29":"pa_szin-rozsaszin-arany","30":"pa_szin-sargarez-antik","31":"pa_szin-vilagos-arany","32":"pa_szin-vilagos-sargarez-antik","34":"first","35":"instock","36":"purchasable","37":"product-type-variable"},"_links":{"self":[{"href":"https:\/\/cipokellekek.hu\/en\/wp-json\/wp\/v2\/product\/346060","targetHints":{"allow":["GET"]}}],"collection":[{"href":"https:\/\/cipokellekek.hu\/en\/wp-json\/wp\/v2\/product"}],"about":[{"href":"https:\/\/cipokellekek.hu\/en\/wp-json\/wp\/v2\/types\/product"}],"replies":[{"embeddable":true,"href":"https:\/\/cipokellekek.hu\/en\/wp-json\/wp\/v2\/comments?post=346060"}],"wp:featuredmedia":[{"embeddable":true,"href":"https:\/\/cipokellekek.hu\/en\/wp-json\/wp\/v2\/media\/352060"}],"wp:attachment":[{"href":"https:\/\/cipokellekek.hu\/en\/wp-json\/wp\/v2\/media?parent=346060"}],"wp:term":[{"taxonomy":"product_brand","embeddable":true,"href":"https:\/\/cipokellekek.hu\/en\/wp-json\/wp\/v2\/product_brand?post=346060"},{"taxonomy":"product_cat","embeddable":true,"href":"https:\/\/cipokellekek.hu\/en\/wp-json\/wp\/v2\/product_cat?post=346060"},{"taxonomy":"product_tag","embeddable":true,"href":"https:\/\/cipokellekek.hu\/en\/wp-json\/wp\/v2\/product_tag?post=346060"}],"curies":[{"name":"wp","href":"https:\/\/api.w.org\/{rel}","templated":true}]}}