{"id":346001,"date":"2023-09-11T17:04:01","date_gmt":"2023-09-11T15:04:01","guid":{"rendered":"https:\/\/dev.sysvol.hu\/belso\/termek\/ontott-csat-1915-40\/"},"modified":"2025-11-18T12:00:10","modified_gmt":"2025-11-18T10:00:10","slug":"ontott-csat-1915-40","status":"publish","type":"product","link":"https:\/\/cipokellekek.hu\/en\/uzlet\/csatok\/ontott-csatok\/forma-szerint\/szogletes\/ontott-csat-1915-40\/","title":{"rendered":"\u00d6nt\u00f6tt csat (1915-40)"},"content":{"rendered":"<div class=\"note note-1\">Zamak alapanyag\u00fa, rozsdamentes f\u00e9m csat. Bels\u0151 sz\u00e9less\u00e9ge 40 mm. Eleg\u00e1ns megold\u00e1s n\u0151i \u00f6vekre!<\/div>\n<div class=\"note note-2\"><\/div>\n<div class=\"note note-3\"><\/div>","protected":false},"excerpt":{"rendered":"<p>Zamak alapanyag\u00fa f\u00e9m csat. Bels\u0151 sz\u00e9less\u00e9ge 40 mm. Eleg\u00e1ns megold\u00e1s n\u0151i \u00f6vekre!<\/p>","protected":false},"featured_media":352062,"comment_status":"closed","ping_status":"closed","template":"","meta":{"_seopress_robots_primary_cat":"none","_seopress_titles_title":"\u00d6nt\u00f6tt csat (1915-40)","_seopress_titles_desc":"Zamak alapanyag\u00fa, rozsdamentes f\u00e9m csat. Bels\u0151 sz\u00e9less\u00e9ge 40 mm.","_seopress_robots_index":""},"product_brand":[],"product_cat":[2116,2125,2102,2111,2107,2106,2120],"product_tag":[2364],"class_list":{"0":"post-346001","1":"product","2":"type-product","3":"status-publish","4":"has-post-thumbnail","6":"product_cat-30-mm","7":"product_cat-40-mm","8":"product_cat-csatok","9":"product_cat-forma-szerint","10":"product_cat-meret-szerint","11":"product_cat-ontott-csatok","12":"product_cat-szogletes","13":"product_tag-bordiszmu-es-ruhagyartas","14":"pa_meret-1870","15":"pa_meret-1871","16":"pa_szin-arany","17":"pa_szin-bronz-antik","18":"pa_szin-bronzex","19":"pa_szin-fekete-nikkel","20":"pa_szin-fenyes-sargarez","21":"pa_szin-kezi-szatinalt-sargarez-antik","22":"pa_szin-matt-nikkel","23":"pa_szin-nikkel","24":"pa_szin-nikkel-antik","25":"pa_szin-nikkelmentes-arany","26":"pa_szin-nikkelmentes-fekete-nikkel","27":"pa_szin-nikkelmentes-matt-nikkel","28":"pa_szin-nikkelmentes-nikkel","29":"pa_szin-nikkelmentes-nikkel-antik","30":"pa_szin-nikkelmentes-vilagos-arany","31":"pa_szin-rozsaszin-arany","32":"pa_szin-sargarez-antik","33":"pa_szin-vilagos-arany","34":"pa_szin-vilagos-sargarez-antik","36":"first","37":"instock","38":"purchasable","39":"product-type-variable"},"_links":{"self":[{"href":"https:\/\/cipokellekek.hu\/en\/wp-json\/wp\/v2\/product\/346001","targetHints":{"allow":["GET"]}}],"collection":[{"href":"https:\/\/cipokellekek.hu\/en\/wp-json\/wp\/v2\/product"}],"about":[{"href":"https:\/\/cipokellekek.hu\/en\/wp-json\/wp\/v2\/types\/product"}],"replies":[{"embeddable":true,"href":"https:\/\/cipokellekek.hu\/en\/wp-json\/wp\/v2\/comments?post=346001"}],"wp:featuredmedia":[{"embeddable":true,"href":"https:\/\/cipokellekek.hu\/en\/wp-json\/wp\/v2\/media\/352062"}],"wp:attachment":[{"href":"https:\/\/cipokellekek.hu\/en\/wp-json\/wp\/v2\/media?parent=346001"}],"wp:term":[{"taxonomy":"product_brand","embeddable":true,"href":"https:\/\/cipokellekek.hu\/en\/wp-json\/wp\/v2\/product_brand?post=346001"},{"taxonomy":"product_cat","embeddable":true,"href":"https:\/\/cipokellekek.hu\/en\/wp-json\/wp\/v2\/product_cat?post=346001"},{"taxonomy":"product_tag","embeddable":true,"href":"https:\/\/cipokellekek.hu\/en\/wp-json\/wp\/v2\/product_tag?post=346001"}],"curies":[{"name":"wp","href":"https:\/\/api.w.org\/{rel}","templated":true}]}}