{"id":345905,"date":"2023-09-11T17:03:19","date_gmt":"2023-09-11T15:03:19","guid":{"rendered":"https:\/\/dev.sysvol.hu\/belso\/termek\/ontott-bujtato-2924\/"},"modified":"2025-10-16T11:45:17","modified_gmt":"2025-10-16T09:45:17","slug":"ontott-bujtato-2924","status":"publish","type":"product","link":"https:\/\/cipokellekek.hu\/en\/uzlet\/bujtatok\/ontott-bujtatok\/ontott-bujtato-2924\/","title":{"rendered":"\u00d6nt\u00f6tt b\u00fajtat\u00f3 (2924)"},"content":{"rendered":"<div class=\"note note-1\">\n<p>\u00d6nt\u00f6tt b\u00fajtat\u00f3 20 mm-es bels\u0151 sz\u00e9less\u00e9ggel.<\/p>\n<p>Pontos m\u00e9ret:<\/p>\n<p>k\u00edv\u00fcl: 24 mm x 15 mm<\/p>\n<p>bel\u00fcl: 20 mm x 12 mm<\/p>\n<\/div>\n<div class=\"note note-2\"><\/div>\n<div class=\"note note-3\"><\/div>","protected":false},"excerpt":{"rendered":"<p>\u00d6nt\u00f6tt b\u00fajtat\u00f3 20 mm-es bels\u0151 sz\u00e9less\u00e9ggel.<\/p>\n<p>Pontos m\u00e9ret:<\/p>\n<p>k\u00edv\u00fcl: 24 mm x 15 mm<\/p>\n<p>bel\u00fcl: 20 mm x 12 mm<\/p>","protected":false},"featured_media":351689,"comment_status":"closed","ping_status":"closed","template":"","meta":{"_seopress_robots_primary_cat":"none","_seopress_titles_title":"\u00d6nt\u00f6tt b\u00fajtat\u00f3 (2924)","_seopress_titles_desc":"\u00d6nt\u00f6tt b\u00fajtat\u00f3 20 mm-es bels\u0151 sz\u00e9less\u00e9ggel. Pontos m\u00e9ret: k\u00edv\u00fcl: 24 mm x 15 mm, bel\u00fcl: 20 mm x 12 mm.","_seopress_robots_index":""},"product_brand":[],"product_cat":[1910,1921],"product_tag":[2364,2363],"class_list":{"0":"post-345905","1":"product","2":"type-product","3":"status-publish","4":"has-post-thumbnail","6":"product_cat-bujtatok","7":"product_cat-ontott-bujtatok","8":"product_tag-bordiszmu-es-ruhagyartas","9":"product_tag-cipogyartas-es-cipojavitas","10":"pa_meret-2133","11":"pa_meret-1903","12":"pa_meret-1906","13":"pa_meret-1870","14":"pa_meret-1871","15":"pa_szin-arany","16":"pa_szin-bronz-antik","17":"pa_szin-bronzex","18":"pa_szin-fekete-nikkel","19":"pa_szin-fenyes-sargarez","20":"pa_szin-kezi-szatinalt-sargarez-antik","21":"pa_szin-matt-nikkel","22":"pa_szin-nikkel","23":"pa_szin-nikkel-antik","24":"pa_szin-nikkelmentes-arany","25":"pa_szin-nikkelmentes-fekete-nikkel","26":"pa_szin-nikkelmentes-matt-nikkel","27":"pa_szin-nikkelmentes-nikkel","28":"pa_szin-nikkelmentes-nikkel-antik","29":"pa_szin-nikkelmentes-vilagos-arany","30":"pa_szin-rozsaszin-arany","31":"pa_szin-sargarez-antik","32":"pa_szin-vilagos-arany","33":"pa_szin-vilagos-sargarez-antik","35":"first","36":"instock","37":"purchasable","38":"product-type-variable"},"_links":{"self":[{"href":"https:\/\/cipokellekek.hu\/en\/wp-json\/wp\/v2\/product\/345905","targetHints":{"allow":["GET"]}}],"collection":[{"href":"https:\/\/cipokellekek.hu\/en\/wp-json\/wp\/v2\/product"}],"about":[{"href":"https:\/\/cipokellekek.hu\/en\/wp-json\/wp\/v2\/types\/product"}],"replies":[{"embeddable":true,"href":"https:\/\/cipokellekek.hu\/en\/wp-json\/wp\/v2\/comments?post=345905"}],"wp:featuredmedia":[{"embeddable":true,"href":"https:\/\/cipokellekek.hu\/en\/wp-json\/wp\/v2\/media\/351689"}],"wp:attachment":[{"href":"https:\/\/cipokellekek.hu\/en\/wp-json\/wp\/v2\/media?parent=345905"}],"wp:term":[{"taxonomy":"product_brand","embeddable":true,"href":"https:\/\/cipokellekek.hu\/en\/wp-json\/wp\/v2\/product_brand?post=345905"},{"taxonomy":"product_cat","embeddable":true,"href":"https:\/\/cipokellekek.hu\/en\/wp-json\/wp\/v2\/product_cat?post=345905"},{"taxonomy":"product_tag","embeddable":true,"href":"https:\/\/cipokellekek.hu\/en\/wp-json\/wp\/v2\/product_tag?post=345905"}],"curies":[{"name":"wp","href":"https:\/\/api.w.org\/{rel}","templated":true}]}}