{"id":345866,"date":"2023-09-11T17:03:19","date_gmt":"2023-09-11T15:03:19","guid":{"rendered":"https:\/\/dev.sysvol.hu\/belso\/termek\/ontott-bujtato-2925\/"},"modified":"2025-10-16T11:42:28","modified_gmt":"2025-10-16T09:42:28","slug":"ontott-bujtato-2925","status":"publish","type":"product","link":"https:\/\/cipokellekek.hu\/en\/uzlet\/bujtatok\/ontott-bujtatok\/ontott-bujtato-2925\/","title":{"rendered":"\u00d6nt\u00f6tt b\u00fajtat\u00f3 (2925)"},"content":{"rendered":"<div class=\"note note-1\">T\u00e1ska b\u00fajtat\u00f3 15 mm vagy 25 mm sz\u00e9les p\u00e1nthoz.<\/div>\n<div>M\u00e9ret:<\/div>\n<div>15 mm &#8211; k\u00edv\u00fcl 24 x 17 mm; bel\u00fcl 15 x 10 mm<\/div>\n<div>25 mm &#8211; k\u00edv\u00fcl 35 x 13 mm, bel\u00fcl 27 x 10 mm<\/div>\n<div class=\"note note-2\"><\/div>\n<div class=\"note note-3\"><\/div>","protected":false},"excerpt":{"rendered":"<div class=\"note note-1\">T\u00e1ska b\u00fajtat\u00f3 15 mm vagy 25 mm sz\u00e9les p\u00e1nthoz.<\/div>\n<div>M\u00e9ret:<\/div>\n<div>15 mm &#8211; k\u00edv\u00fcl 24 x 17 mm; bel\u00fcl 15 x 10 mm<\/div>\n<div>25 mm &#8211; k\u00edv\u00fcl 35 x 13 mm, bel\u00fcl 27 x 10 mm<\/div>\n<div class=\"note note-2\"><\/div>","protected":false},"featured_media":352854,"comment_status":"closed","ping_status":"closed","template":"","meta":{"_seopress_robots_primary_cat":"none","_seopress_titles_title":"\u00d6nt\u00f6tt b\u00fajtat\u00f3 (2925)","_seopress_titles_desc":"T\u00e1ska b\u00fajtat\u00f3 15 mm vagy 25 mm sz\u00e9les p\u00e1nthoz. M\u00e9ret: 15 mm - k\u00edv\u00fcl 24 x 17 mm; bel\u00fcl 15 x 10 mm.  25 mm - k\u00edv\u00fcl 35 x 13 mm, bel\u00fcl 27 x 10 mm","_seopress_robots_index":""},"product_brand":[],"product_cat":[1910,1921],"product_tag":[2364,2363],"class_list":{"0":"post-345866","1":"product","2":"type-product","3":"status-publish","4":"has-post-thumbnail","6":"product_cat-bujtatok","7":"product_cat-ontott-bujtatok","8":"product_tag-bordiszmu-es-ruhagyartas","9":"product_tag-cipogyartas-es-cipojavitas","10":"pa_meret-2133","11":"pa_meret-1906","12":"pa_szin-arany","13":"pa_szin-bronz-antik","14":"pa_szin-bronzex","15":"pa_szin-fekete-nikkel","16":"pa_szin-fenyes-sargarez","17":"pa_szin-kezi-szatinalt-sargarez-antik","18":"pa_szin-matt-nikkel","19":"pa_szin-nikkel","20":"pa_szin-nikkel-antik","21":"pa_szin-nikkelmentes-arany","22":"pa_szin-nikkelmentes-fekete-nikkel","23":"pa_szin-nikkelmentes-matt-nikkel","24":"pa_szin-nikkelmentes-nikkel","25":"pa_szin-nikkelmentes-nikkel-antik","26":"pa_szin-nikkelmentes-vilagos-arany","27":"pa_szin-rozsaszin-arany","28":"pa_szin-sargarez-antik","29":"pa_szin-vilagos-arany","30":"pa_szin-vilagos-sargarez-antik","32":"first","33":"instock","34":"purchasable","35":"product-type-variable"},"_links":{"self":[{"href":"https:\/\/cipokellekek.hu\/en\/wp-json\/wp\/v2\/product\/345866","targetHints":{"allow":["GET"]}}],"collection":[{"href":"https:\/\/cipokellekek.hu\/en\/wp-json\/wp\/v2\/product"}],"about":[{"href":"https:\/\/cipokellekek.hu\/en\/wp-json\/wp\/v2\/types\/product"}],"replies":[{"embeddable":true,"href":"https:\/\/cipokellekek.hu\/en\/wp-json\/wp\/v2\/comments?post=345866"}],"wp:featuredmedia":[{"embeddable":true,"href":"https:\/\/cipokellekek.hu\/en\/wp-json\/wp\/v2\/media\/352854"}],"wp:attachment":[{"href":"https:\/\/cipokellekek.hu\/en\/wp-json\/wp\/v2\/media?parent=345866"}],"wp:term":[{"taxonomy":"product_brand","embeddable":true,"href":"https:\/\/cipokellekek.hu\/en\/wp-json\/wp\/v2\/product_brand?post=345866"},{"taxonomy":"product_cat","embeddable":true,"href":"https:\/\/cipokellekek.hu\/en\/wp-json\/wp\/v2\/product_cat?post=345866"},{"taxonomy":"product_tag","embeddable":true,"href":"https:\/\/cipokellekek.hu\/en\/wp-json\/wp\/v2\/product_tag?post=345866"}],"curies":[{"name":"wp","href":"https:\/\/api.w.org\/{rel}","templated":true}]}}