{"id":345827,"date":"2023-09-11T17:03:19","date_gmt":"2023-09-11T15:03:19","guid":{"rendered":"https:\/\/dev.sysvol.hu\/belso\/termek\/fuzoveg-2882\/"},"modified":"2025-10-16T15:13:11","modified_gmt":"2025-10-16T13:13:11","slug":"fuzoveg-2882","status":"publish","type":"product","link":"https:\/\/cipokellekek.hu\/en\/uzlet\/diszek\/fuzoveg-2882\/","title":{"rendered":"F\u0171z\u0151v\u00e9g (2882)"},"content":{"rendered":"<div class=\"note note-1\">St\u00edlusos, divatos \u00f6nt\u00f6tt f\u00e9m f\u0171z\u0151d\u00edsz, ide\u00e1lis b\u0151rd\u00edszm\u0171ves munk\u00e1khoz, vagy ruh\u00e1khoz. Tart\u00f3s \u00e9s eszt\u00e9tikus kivitel, k\u00f6nnyen illeszthet\u0151 k\u00fcl\u00f6nb\u00f6z\u0151 st\u00edlus\u00fa term\u00e9kekhez.<\/div>\n<div>\n<div>M\u00e9ret:<\/div>\n<div>furat 10 mm, magass\u00e1g 8 mm<\/div>\n<div>furat 12 mm, magass\u00e1g 10 mm<\/div>\n<\/div>\n<div><\/div>\n<div class=\"note note-2\"><\/div>\n<div class=\"note note-3\"><\/div>","protected":false},"excerpt":{"rendered":"<div class=\"note note-1\">\n<div class=\"note note-1\">St\u00edlusos, divatos \u00f6nt\u00f6tt f\u00e9m f\u0171z\u0151d\u00edsz, ide\u00e1lis b\u0151rd\u00edszm\u0171ves munk\u00e1khoz, vagy ruh\u00e1khoz. Tart\u00f3s \u00e9s eszt\u00e9tikus kivitel, k\u00f6nnyen illeszthet\u0151 k\u00fcl\u00f6nb\u00f6z\u0151 st\u00edlus\u00fa term\u00e9kekhez.<\/div>\n<div>\n<div>M\u00e9ret:<\/div>\n<div>furat 10 mm, magass\u00e1g 8 mm<\/div>\n<div>furat 12 mm, magass\u00e1g 10 mm<\/div>\n<\/div>\n<div><\/div>\n<\/div>\n<div><\/div>","protected":false},"featured_media":352063,"comment_status":"closed","ping_status":"closed","template":"","meta":{"_seopress_robots_primary_cat":"none","_seopress_titles_title":"F\u0171z\u0151v\u00e9g (2882)","_seopress_titles_desc":"St\u00edlusos, divatos \u00f6nt\u00f6tt f\u00e9m f\u0171z\u0151d\u00edsz, ide\u00e1lis b\u0151rd\u00edszm\u0171ves munk\u00e1khoz, vagy ruh\u00e1khoz. Tart\u00f3s \u00e9s eszt\u00e9tikus kivitel, k\u00f6nnyen illeszthet\u0151 k\u00fcl\u00f6nb\u00f6z\u0151 st\u00edlus\u00fa term\u00e9kekhez.","_seopress_robots_index":""},"product_brand":[],"product_cat":[2140],"product_tag":[2364,2363],"class_list":{"0":"post-345827","1":"product","2":"type-product","3":"status-publish","4":"has-post-thumbnail","6":"product_cat-diszek","7":"product_tag-bordiszmu-es-ruhagyartas","8":"product_tag-cipogyartas-es-cipojavitas","9":"pa_meret-1898","10":"pa_meret-1899","11":"pa_szin-arany","12":"pa_szin-bronz-antik","13":"pa_szin-bronzex","14":"pa_szin-fekete-nikkel","15":"pa_szin-fenyes-sargarez","16":"pa_szin-kezi-szatinalt-sargarez-antik","17":"pa_szin-matt-nikkel","18":"pa_szin-nikkel","19":"pa_szin-nikkel-antik","20":"pa_szin-nikkelmentes-arany","21":"pa_szin-nikkelmentes-fekete-nikkel","22":"pa_szin-nikkelmentes-matt-nikkel","23":"pa_szin-nikkelmentes-nikkel","24":"pa_szin-nikkelmentes-nikkel-antik","25":"pa_szin-nikkelmentes-vilagos-arany","26":"pa_szin-rozsaszin-arany","27":"pa_szin-sargarez-antik","28":"pa_szin-vilagos-arany","29":"pa_szin-vilagos-sargarez-antik","31":"first","32":"instock","33":"purchasable","34":"product-type-variable"},"_links":{"self":[{"href":"https:\/\/cipokellekek.hu\/en\/wp-json\/wp\/v2\/product\/345827","targetHints":{"allow":["GET"]}}],"collection":[{"href":"https:\/\/cipokellekek.hu\/en\/wp-json\/wp\/v2\/product"}],"about":[{"href":"https:\/\/cipokellekek.hu\/en\/wp-json\/wp\/v2\/types\/product"}],"replies":[{"embeddable":true,"href":"https:\/\/cipokellekek.hu\/en\/wp-json\/wp\/v2\/comments?post=345827"}],"wp:featuredmedia":[{"embeddable":true,"href":"https:\/\/cipokellekek.hu\/en\/wp-json\/wp\/v2\/media\/352063"}],"wp:attachment":[{"href":"https:\/\/cipokellekek.hu\/en\/wp-json\/wp\/v2\/media?parent=345827"}],"wp:term":[{"taxonomy":"product_brand","embeddable":true,"href":"https:\/\/cipokellekek.hu\/en\/wp-json\/wp\/v2\/product_brand?post=345827"},{"taxonomy":"product_cat","embeddable":true,"href":"https:\/\/cipokellekek.hu\/en\/wp-json\/wp\/v2\/product_cat?post=345827"},{"taxonomy":"product_tag","embeddable":true,"href":"https:\/\/cipokellekek.hu\/en\/wp-json\/wp\/v2\/product_tag?post=345827"}],"curies":[{"name":"wp","href":"https:\/\/api.w.org\/{rel}","templated":true}]}}