{"id":345787,"date":"2023-09-11T17:03:19","date_gmt":"2023-09-11T15:03:19","guid":{"rendered":"https:\/\/dev.sysvol.hu\/belso\/termek\/ontott-disz-2927\/"},"modified":"2025-10-12T10:10:58","modified_gmt":"2025-10-12T08:10:58","slug":"ontott-disz-2927","status":"publish","type":"product","link":"https:\/\/cipokellekek.hu\/en\/uzlet\/szabalyzok\/ontott-disz-2927\/","title":{"rendered":"\u00d6nt\u00f6tt zsin\u00f3rszor\u00edt\u00f3 (2927)"},"content":{"rendered":"<div class=\"note note-1\">\u00d6nt\u00f6tt zsin\u00f3rszor\u00edt\u00f3 ruh\u00e1ra, rozsdamentes anyagb\u00f3l. M\u00e9rete: 20&#215;10 mm Furat: 6 mm<\/div>\n<div class=\"note note-2\"><\/div>\n<div class=\"note note-3\"><\/div>","protected":false},"excerpt":{"rendered":"<p>\u00d6nt\u00f6tt zsin\u00f3rszor\u00edt\u00f3 ruh\u00e1ra, rozsdamentes anyagb\u00f3l. M\u00e9rete: 20&#215;10 mm Furat: 6 mm<\/p>","protected":false},"featured_media":351686,"comment_status":"closed","ping_status":"closed","template":"","meta":{"_seopress_robots_primary_cat":"none","_seopress_titles_title":"\u00d6nt\u00f6tt zsin\u00f3rszor\u00edt\u00f3 (2927)","_seopress_titles_desc":"\u00d6nt\u00f6tt zsin\u00f3rszor\u00edt\u00f3 ruh\u00e1ra, rozsdamentes anyagb\u00f3l. M\u00e9rete: 20\u00d710 mm Furat: 6 mm","_seopress_robots_index":""},"product_brand":[],"product_cat":[2177],"product_tag":[2364,2363],"class_list":{"0":"post-345787","1":"product","2":"type-product","3":"status-publish","4":"has-post-thumbnail","6":"product_cat-szabalyzok","7":"product_tag-bordiszmu-es-ruhagyartas","8":"product_tag-cipogyartas-es-cipojavitas","9":"pa_szin-arany","10":"pa_szin-bronz-antik","11":"pa_szin-bronzex","12":"pa_szin-fekete-nikkel","13":"pa_szin-fenyes-sargarez","14":"pa_szin-kezi-szatinalt-sargarez-antik","15":"pa_szin-matt-nikkel","16":"pa_szin-nikkel","17":"pa_szin-nikkel-antik","18":"pa_szin-nikkelmentes-arany","19":"pa_szin-nikkelmentes-fekete-nikkel","20":"pa_szin-nikkelmentes-matt-nikkel","21":"pa_szin-nikkelmentes-nikkel","22":"pa_szin-nikkelmentes-nikkel-antik","23":"pa_szin-nikkelmentes-vilagos-arany","24":"pa_szin-rozsaszin-arany","25":"pa_szin-sargarez-antik","26":"pa_szin-vilagos-arany","27":"pa_szin-vilagos-sargarez-antik","29":"first","30":"instock","31":"purchasable","32":"product-type-variable"},"_links":{"self":[{"href":"https:\/\/cipokellekek.hu\/en\/wp-json\/wp\/v2\/product\/345787","targetHints":{"allow":["GET"]}}],"collection":[{"href":"https:\/\/cipokellekek.hu\/en\/wp-json\/wp\/v2\/product"}],"about":[{"href":"https:\/\/cipokellekek.hu\/en\/wp-json\/wp\/v2\/types\/product"}],"replies":[{"embeddable":true,"href":"https:\/\/cipokellekek.hu\/en\/wp-json\/wp\/v2\/comments?post=345787"}],"wp:featuredmedia":[{"embeddable":true,"href":"https:\/\/cipokellekek.hu\/en\/wp-json\/wp\/v2\/media\/351686"}],"wp:attachment":[{"href":"https:\/\/cipokellekek.hu\/en\/wp-json\/wp\/v2\/media?parent=345787"}],"wp:term":[{"taxonomy":"product_brand","embeddable":true,"href":"https:\/\/cipokellekek.hu\/en\/wp-json\/wp\/v2\/product_brand?post=345787"},{"taxonomy":"product_cat","embeddable":true,"href":"https:\/\/cipokellekek.hu\/en\/wp-json\/wp\/v2\/product_cat?post=345787"},{"taxonomy":"product_tag","embeddable":true,"href":"https:\/\/cipokellekek.hu\/en\/wp-json\/wp\/v2\/product_tag?post=345787"}],"curies":[{"name":"wp","href":"https:\/\/api.w.org\/{rel}","templated":true}]}}