{"id":345783,"date":"2023-09-11T17:03:19","date_gmt":"2023-09-11T15:03:19","guid":{"rendered":"https:\/\/dev.sysvol.hu\/belso\/termek\/formatalp-d624\/"},"modified":"2026-03-17T15:55:53","modified_gmt":"2026-03-17T13:55:53","slug":"formatalp-d624","status":"publish","type":"product","link":"https:\/\/cipokellekek.hu\/en\/uzlet\/cipotalp-anyagok\/formatalpak\/formatalp-d624\/","title":{"rendered":"Formatalp (D624)"},"content":{"rendered":"<div class=\"note note-1\">Lapos \u00e9s sokoldal\u00fa, rendk\u00edv\u00fcl rugalmas, k\u00f6nny\u0171, massz\u00edv \u00e9s tapad\u00f3s talp. Ide\u00e1lis ortop\u00e9d \u00e9s k\u00e9nyelmi cip\u0151kh\u00f6z. Vastags\u00e1g: 10 mm<\/div>\n<div class=\"note note-3\"><\/div>","protected":false},"excerpt":{"rendered":"<div class=\"note note-1\">Lapos \u00e9s sokoldal\u00fa, rendk\u00edv\u00fcl rugalmas, k\u00f6nny\u0171, massz\u00edv \u00e9s tapad\u00f3s talp. Ide\u00e1lis ortop\u00e9d \u00e9s k\u00e9nyelmi cip\u0151kh\u00f6z. Vastags\u00e1g: 10 mm<\/div>","protected":false},"featured_media":352072,"comment_status":"closed","ping_status":"closed","template":"","meta":{"_seopress_robots_primary_cat":"none","_seopress_titles_title":"Formatalp (D624)","_seopress_titles_desc":"Lapos \u00e9s sokoldal\u00fa, rendk\u00edv\u00fcl rugalmas, k\u00f6nny\u0171, massz\u00edv \u00e9s tapad\u00f3s talp. Ide\u00e1lis ortop\u00e9d \u00e9s k\u00e9nyelmi cip\u0151kh\u00f6z.","_seopress_robots_index":""},"product_brand":[],"product_cat":[2210,2225],"product_tag":[2363],"class_list":{"0":"post-345783","1":"product","2":"type-product","3":"status-publish","4":"has-post-thumbnail","6":"product_cat-cipotalp-anyagok","7":"product_cat-formatalpak","8":"product_tag-cipogyartas-es-cipojavitas","9":"pa_meret-m","10":"pa_meret-s","11":"pa_meret-l","12":"pa_szin-bezs","13":"pa_szin-feher","14":"pa_szin-fekete","16":"first","17":"instock","18":"purchasable","19":"product-type-variable"},"_links":{"self":[{"href":"https:\/\/cipokellekek.hu\/en\/wp-json\/wp\/v2\/product\/345783","targetHints":{"allow":["GET"]}}],"collection":[{"href":"https:\/\/cipokellekek.hu\/en\/wp-json\/wp\/v2\/product"}],"about":[{"href":"https:\/\/cipokellekek.hu\/en\/wp-json\/wp\/v2\/types\/product"}],"replies":[{"embeddable":true,"href":"https:\/\/cipokellekek.hu\/en\/wp-json\/wp\/v2\/comments?post=345783"}],"wp:featuredmedia":[{"embeddable":true,"href":"https:\/\/cipokellekek.hu\/en\/wp-json\/wp\/v2\/media\/352072"}],"wp:attachment":[{"href":"https:\/\/cipokellekek.hu\/en\/wp-json\/wp\/v2\/media?parent=345783"}],"wp:term":[{"taxonomy":"product_brand","embeddable":true,"href":"https:\/\/cipokellekek.hu\/en\/wp-json\/wp\/v2\/product_brand?post=345783"},{"taxonomy":"product_cat","embeddable":true,"href":"https:\/\/cipokellekek.hu\/en\/wp-json\/wp\/v2\/product_cat?post=345783"},{"taxonomy":"product_tag","embeddable":true,"href":"https:\/\/cipokellekek.hu\/en\/wp-json\/wp\/v2\/product_tag?post=345783"}],"curies":[{"name":"wp","href":"https:\/\/api.w.org\/{rel}","templated":true}]}}