{"id":345106,"date":"2023-09-11T17:01:45","date_gmt":"2023-09-11T15:01:45","guid":{"rendered":"https:\/\/dev.sysvol.hu\/belso\/termek\/ontott-disz-2904\/"},"modified":"2025-10-02T21:55:07","modified_gmt":"2025-10-02T19:55:07","slug":"ontott-disz-2904","status":"publish","type":"product","link":"https:\/\/cipokellekek.hu\/en\/uzlet\/diszek\/ontott-disz-2904\/","title":{"rendered":"\u00d6nt\u00f6tt d\u00edsz (2904)"},"content":{"rendered":"<div class=\"note note-1\">\u00d6nt\u00f6tt d\u00edsz, szegecses r\u00f6gz\u00edt\u00e9ssel a h\u00e1toldal\u00e1n. Aj\u00e1nljuk cip\u0151k, papucsok, t\u00e1sk\u00e1k \u00e9s egy\u00e9b b\u0151rtem\u00e9kek d\u00edsz\u00edt\u00e9s\u00e9re. M\u00e9rete: 25 mm<\/div>\n<div class=\"note note-2\">A minim\u00e1lisan rendelhet\u0151 mennyis\u00e9g bizonyos sz\u00ednek eset\u00e9ben, a gy\u00e1rt\u00e1si minimum figyelembev\u00e9tel\u00e9vel v\u00e1ltozhat.<\/div>\n<div class=\"note note-3\"><\/div>","protected":false},"excerpt":{"rendered":"<p>\u00d6nt\u00f6tt d\u00edsz, szegecses r\u00f6gz\u00edt\u00e9ssel a h\u00e1toldal\u00e1n. Aj\u00e1nljuk cip\u0151k, papucsok, t\u00e1sk\u00e1k \u00e9s egy\u00e9b b\u0151rtem\u00e9kek d\u00edsz\u00edt\u00e9s\u00e9re. M\u00e9rete: 25 mm<\/p>","protected":false},"featured_media":351653,"comment_status":"closed","ping_status":"closed","template":"","meta":{"_seopress_robots_primary_cat":"none","_seopress_titles_title":"\u00d6nt\u00f6tt d\u00edsz (2904)","_seopress_titles_desc":"\u00d6nt\u00f6tt d\u00edsz, szegecses r\u00f6gz\u00edt\u00e9ssel a h\u00e1toldal\u00e1n. Aj\u00e1nljuk cip\u0151k, papucsok, t\u00e1sk\u00e1k \u00e9s egy\u00e9b b\u0151rtem\u00e9kek d\u00edsz\u00edt\u00e9s\u00e9re. M\u00e9rete: 25 mm","_seopress_robots_index":""},"product_brand":[],"product_cat":[2140],"product_tag":[2364,2363],"class_list":{"0":"post-345106","1":"product","2":"type-product","3":"status-publish","4":"has-post-thumbnail","6":"product_cat-diszek","7":"product_tag-bordiszmu-es-ruhagyartas","8":"product_tag-cipogyartas-es-cipojavitas","9":"pa_szin-arany","10":"pa_szin-bronz-antik","11":"pa_szin-bronzex","12":"pa_szin-fekete-nikkel","13":"pa_szin-fenyes-sargarez","14":"pa_szin-kezi-szatinalt-sargarez-antik","15":"pa_szin-matt-nikkel","16":"pa_szin-nikkel","17":"pa_szin-nikkel-antik","18":"pa_szin-nikkelmentes-arany","19":"pa_szin-nikkelmentes-fekete-nikkel","20":"pa_szin-nikkelmentes-matt-nikkel","21":"pa_szin-nikkelmentes-nikkel","22":"pa_szin-nikkelmentes-nikkel-antik","23":"pa_szin-nikkelmentes-vilagos-arany","24":"pa_szin-rozsaszin-arany","25":"pa_szin-sargarez-antik","26":"pa_szin-vilagos-arany","27":"pa_szin-vilagos-sargarez-antik","29":"first","30":"instock","31":"purchasable","32":"product-type-variable"},"_links":{"self":[{"href":"https:\/\/cipokellekek.hu\/en\/wp-json\/wp\/v2\/product\/345106","targetHints":{"allow":["GET"]}}],"collection":[{"href":"https:\/\/cipokellekek.hu\/en\/wp-json\/wp\/v2\/product"}],"about":[{"href":"https:\/\/cipokellekek.hu\/en\/wp-json\/wp\/v2\/types\/product"}],"replies":[{"embeddable":true,"href":"https:\/\/cipokellekek.hu\/en\/wp-json\/wp\/v2\/comments?post=345106"}],"wp:featuredmedia":[{"embeddable":true,"href":"https:\/\/cipokellekek.hu\/en\/wp-json\/wp\/v2\/media\/351653"}],"wp:attachment":[{"href":"https:\/\/cipokellekek.hu\/en\/wp-json\/wp\/v2\/media?parent=345106"}],"wp:term":[{"taxonomy":"product_brand","embeddable":true,"href":"https:\/\/cipokellekek.hu\/en\/wp-json\/wp\/v2\/product_brand?post=345106"},{"taxonomy":"product_cat","embeddable":true,"href":"https:\/\/cipokellekek.hu\/en\/wp-json\/wp\/v2\/product_cat?post=345106"},{"taxonomy":"product_tag","embeddable":true,"href":"https:\/\/cipokellekek.hu\/en\/wp-json\/wp\/v2\/product_tag?post=345106"}],"curies":[{"name":"wp","href":"https:\/\/api.w.org\/{rel}","templated":true}]}}