{"id":345018,"date":"2023-09-11T17:01:24","date_gmt":"2023-09-11T15:01:24","guid":{"rendered":"https:\/\/dev.sysvol.hu\/belso\/termek\/ontott-csat-6078-27\/"},"modified":"2025-09-12T17:11:12","modified_gmt":"2025-09-12T15:11:12","slug":"ontott-csat-6078-27","status":"publish","type":"product","link":"https:\/\/cipokellekek.hu\/en\/uzlet\/csatok\/ontott-csatok\/forma-szerint\/szogletes\/ontott-csat-6078-27\/","title":{"rendered":"\u00d6nt\u00f6tt csat (6078-27)"},"content":{"rendered":"<div class=\"note note-1\">A csat alapanyaga zamak, amely egy rozsdamentes f\u00e9m \u00f6tv\u00f6zet. T\u00f6bb m\u00e9retben rendelhet\u0151, melyet a k\u00e9p mellett l\u00e9v\u0151 felsorol\u00e1sb\u00f3l tud kiv\u00e1lasztani. A megadott m\u00e9retek a csat bels\u0151 sz\u00e9less\u00e9g\u00e9t, vagyis a p\u00e1ntsz\u00e9less\u00e9get jel\u00f6lik mm-ben.<\/div>\n<div class=\"note note-2\"><\/div>\n<div class=\"note note-3\"><\/div>","protected":false},"excerpt":{"rendered":"<p>A csat alapanyaga zamak, amely egy rozsdamentes f\u00e9m \u00f6tv\u00f6zet. T\u00f6bb m\u00e9retben rendelhet\u0151, melyet a k\u00e9p mellett l\u00e9v\u0151 felsorol\u00e1sb\u00f3l tud kiv\u00e1lasztani. A megadott m\u00e9retek a csat bels\u0151 sz\u00e9less\u00e9g\u00e9t, vagyis a p\u00e1ntsz\u00e9less\u00e9get jel\u00f6lik mm-ben.<\/p>","protected":false},"featured_media":351647,"comment_status":"closed","ping_status":"closed","template":"","meta":{"_seopress_robots_primary_cat":"none","_seopress_titles_title":"\u00d6nt\u00f6tt csat (6078-27)","_seopress_titles_desc":"A csat alapanyaga zamak, amely egy rozsdamentes f\u00e9m \u00f6tv\u00f6zet. T\u00f6bb m\u00e9retben rendelhet\u0151. A megadott m\u00e9retek a csat bels\u0151 sz\u00e9less\u00e9g\u00e9t (p\u00e1ntsz\u00e9less\u00e9get) jel\u00f6lik mm-ben.","_seopress_robots_index":""},"product_brand":[],"product_cat":[2118,2108,2102,2111,2107,2106,2120],"product_tag":[2364,2363],"class_list":{"0":"post-345018","1":"product","2":"type-product","3":"status-publish","4":"has-post-thumbnail","6":"product_cat-14-mm","7":"product_cat-16-mm","8":"product_cat-csatok","9":"product_cat-forma-szerint","10":"product_cat-meret-szerint","11":"product_cat-ontott-csatok","12":"product_cat-szogletes","13":"product_tag-bordiszmu-es-ruhagyartas","14":"product_tag-cipogyartas-es-cipojavitas","15":"pa_meret-1900","16":"pa_meret-1901","17":"pa_szin-nikkel-antik","19":"first","20":"instock","21":"purchasable","22":"product-type-variable"},"_links":{"self":[{"href":"https:\/\/cipokellekek.hu\/en\/wp-json\/wp\/v2\/product\/345018","targetHints":{"allow":["GET"]}}],"collection":[{"href":"https:\/\/cipokellekek.hu\/en\/wp-json\/wp\/v2\/product"}],"about":[{"href":"https:\/\/cipokellekek.hu\/en\/wp-json\/wp\/v2\/types\/product"}],"replies":[{"embeddable":true,"href":"https:\/\/cipokellekek.hu\/en\/wp-json\/wp\/v2\/comments?post=345018"}],"wp:featuredmedia":[{"embeddable":true,"href":"https:\/\/cipokellekek.hu\/en\/wp-json\/wp\/v2\/media\/351647"}],"wp:attachment":[{"href":"https:\/\/cipokellekek.hu\/en\/wp-json\/wp\/v2\/media?parent=345018"}],"wp:term":[{"taxonomy":"product_brand","embeddable":true,"href":"https:\/\/cipokellekek.hu\/en\/wp-json\/wp\/v2\/product_brand?post=345018"},{"taxonomy":"product_cat","embeddable":true,"href":"https:\/\/cipokellekek.hu\/en\/wp-json\/wp\/v2\/product_cat?post=345018"},{"taxonomy":"product_tag","embeddable":true,"href":"https:\/\/cipokellekek.hu\/en\/wp-json\/wp\/v2\/product_tag?post=345018"}],"curies":[{"name":"wp","href":"https:\/\/api.w.org\/{rel}","templated":true}]}}