{"id":345011,"date":"2023-09-11T17:01:24","date_gmt":"2023-09-11T15:01:24","guid":{"rendered":"https:\/\/dev.sysvol.hu\/belso\/termek\/cipzar-huzo-50533\/"},"modified":"2025-10-12T16:08:02","modified_gmt":"2025-10-12T14:08:02","slug":"cipzar-huzo-50533","status":"publish","type":"product","link":"https:\/\/cipokellekek.hu\/en\/uzlet\/taska-es-ov-kiegeszitok\/cipzar-huzo-50533\/","title":{"rendered":"Cipz\u00e1r h\u00faz\u00f3 (50533)"},"content":{"rendered":"<div class=\"note note-1\">Nikkel sz\u00edn\u0171 cipz\u00e1rh\u00faz\u00f3. M\u00e9ret: 33 mm x 10 mm<\/div>\n<div class=\"note note-2\"><\/div>\n<div class=\"note note-3\"><\/div>","protected":false},"excerpt":{"rendered":"<p>Nikkel sz\u00edn\u0171 cipz\u00e1rh\u00faz\u00f3. M\u00e9ret: 33 mm x 10 mm<\/p>","protected":false},"featured_media":351644,"comment_status":"closed","ping_status":"closed","template":"","meta":{"_seopress_robots_primary_cat":"none","_seopress_titles_title":"Cipz\u00e1r h\u00faz\u00f3 (50533)","_seopress_titles_desc":"Nikkel sz\u00edn\u0171 cipz\u00e1rh\u00faz\u00f3. M\u00e9ret: 33 mm x 10 mm","_seopress_robots_index":""},"product_brand":[],"product_cat":[2273],"product_tag":[2364],"class_list":{"0":"post-345011","1":"product","2":"type-product","3":"status-publish","4":"has-post-thumbnail","6":"product_cat-taska-es-ov-kiegeszitok","7":"product_tag-bordiszmu-es-ruhagyartas","9":"first","10":"instock","11":"purchasable","12":"product-type-simple"},"_links":{"self":[{"href":"https:\/\/cipokellekek.hu\/en\/wp-json\/wp\/v2\/product\/345011","targetHints":{"allow":["GET"]}}],"collection":[{"href":"https:\/\/cipokellekek.hu\/en\/wp-json\/wp\/v2\/product"}],"about":[{"href":"https:\/\/cipokellekek.hu\/en\/wp-json\/wp\/v2\/types\/product"}],"replies":[{"embeddable":true,"href":"https:\/\/cipokellekek.hu\/en\/wp-json\/wp\/v2\/comments?post=345011"}],"wp:featuredmedia":[{"embeddable":true,"href":"https:\/\/cipokellekek.hu\/en\/wp-json\/wp\/v2\/media\/351644"}],"wp:attachment":[{"href":"https:\/\/cipokellekek.hu\/en\/wp-json\/wp\/v2\/media?parent=345011"}],"wp:term":[{"taxonomy":"product_brand","embeddable":true,"href":"https:\/\/cipokellekek.hu\/en\/wp-json\/wp\/v2\/product_brand?post=345011"},{"taxonomy":"product_cat","embeddable":true,"href":"https:\/\/cipokellekek.hu\/en\/wp-json\/wp\/v2\/product_cat?post=345011"},{"taxonomy":"product_tag","embeddable":true,"href":"https:\/\/cipokellekek.hu\/en\/wp-json\/wp\/v2\/product_tag?post=345011"}],"curies":[{"name":"wp","href":"https:\/\/api.w.org\/{rel}","templated":true}]}}