{"id":344991,"date":"2023-09-11T17:01:24","date_gmt":"2023-09-11T15:01:24","guid":{"rendered":"https:\/\/dev.sysvol.hu\/belso\/termek\/cipzar-huzo-2878\/"},"modified":"2025-10-12T16:06:24","modified_gmt":"2025-10-12T14:06:24","slug":"cipzar-huzo-2878","status":"publish","type":"product","link":"https:\/\/cipokellekek.hu\/en\/uzlet\/taska-es-ov-kiegeszitok\/cipzar-huzo-2878\/","title":{"rendered":"Cipz\u00e1r h\u00faz\u00f3 (2878)"},"content":{"rendered":"<div class=\"note note-1\">Cipz\u00e1rh\u00faz\u00f3 30 x 7 mm<\/div>\n<div class=\"note note-2\">A minim\u00e1lisan rendelhet\u0151 mennyis\u00e9g bizonyos sz\u00edn vagy m\u00e9ret eset\u00e9n, a gy\u00e1rt\u00e1si minimum figyelembev\u00e9tele miatt v\u00e1ltozhat.<\/div>\n<div class=\"note note-3\"><\/div>","protected":false},"excerpt":{"rendered":"<p>Cipz\u00e1rh\u00faz\u00f3 30 x 7 mm<\/p>","protected":false},"featured_media":351643,"comment_status":"closed","ping_status":"closed","template":"","meta":{"_seopress_robots_primary_cat":"none","_seopress_titles_title":"Cipz\u00e1r h\u00faz\u00f3 (2878)","_seopress_titles_desc":"Cipz\u00e1rh\u00faz\u00f3 30 x 7 mm","_seopress_robots_index":""},"product_brand":[],"product_cat":[2273],"product_tag":[2364],"class_list":{"0":"post-344991","1":"product","2":"type-product","3":"status-publish","4":"has-post-thumbnail","6":"product_cat-taska-es-ov-kiegeszitok","7":"product_tag-bordiszmu-es-ruhagyartas","8":"pa_szin-arany","9":"pa_szin-bronz-antik","10":"pa_szin-bronzex","11":"pa_szin-fekete-nikkel","12":"pa_szin-fenyes-sargarez","13":"pa_szin-kezi-szatinalt-sargarez-antik","14":"pa_szin-matt-nikkel","15":"pa_szin-nikkel","16":"pa_szin-nikkel-antik","17":"pa_szin-nikkelmentes-arany","18":"pa_szin-nikkelmentes-fekete-nikkel","19":"pa_szin-nikkelmentes-matt-nikkel","20":"pa_szin-nikkelmentes-nikkel","21":"pa_szin-nikkelmentes-nikkel-antik","22":"pa_szin-nikkelmentes-vilagos-arany","23":"pa_szin-rozsaszin-arany","24":"pa_szin-sargarez-antik","25":"pa_szin-vilagos-arany","26":"pa_szin-vilagos-sargarez-antik","28":"first","29":"instock","30":"purchasable","31":"product-type-variable"},"_links":{"self":[{"href":"https:\/\/cipokellekek.hu\/en\/wp-json\/wp\/v2\/product\/344991","targetHints":{"allow":["GET"]}}],"collection":[{"href":"https:\/\/cipokellekek.hu\/en\/wp-json\/wp\/v2\/product"}],"about":[{"href":"https:\/\/cipokellekek.hu\/en\/wp-json\/wp\/v2\/types\/product"}],"replies":[{"embeddable":true,"href":"https:\/\/cipokellekek.hu\/en\/wp-json\/wp\/v2\/comments?post=344991"}],"wp:featuredmedia":[{"embeddable":true,"href":"https:\/\/cipokellekek.hu\/en\/wp-json\/wp\/v2\/media\/351643"}],"wp:attachment":[{"href":"https:\/\/cipokellekek.hu\/en\/wp-json\/wp\/v2\/media?parent=344991"}],"wp:term":[{"taxonomy":"product_brand","embeddable":true,"href":"https:\/\/cipokellekek.hu\/en\/wp-json\/wp\/v2\/product_brand?post=344991"},{"taxonomy":"product_cat","embeddable":true,"href":"https:\/\/cipokellekek.hu\/en\/wp-json\/wp\/v2\/product_cat?post=344991"},{"taxonomy":"product_tag","embeddable":true,"href":"https:\/\/cipokellekek.hu\/en\/wp-json\/wp\/v2\/product_tag?post=344991"}],"curies":[{"name":"wp","href":"https:\/\/api.w.org\/{rel}","templated":true}]}}