{"id":344951,"date":"2023-09-11T17:01:09","date_gmt":"2023-09-11T15:01:09","guid":{"rendered":"https:\/\/dev.sysvol.hu\/belso\/termek\/taskafenek-szeg-felgomb-50272-l\/"},"modified":"2025-10-12T16:27:17","modified_gmt":"2025-10-12T14:27:17","slug":"taskafenek-szeg-felgomb-50272-l","status":"publish","type":"product","link":"https:\/\/cipokellekek.hu\/en\/uzlet\/taska-es-ov-kiegeszitok\/taskafenek-szeg-felgomb-50272-l\/","title":{"rendered":"T\u00e1skafen\u00e9k szeg (f\u00e9lg\u00f6mb) (50272\/L)"},"content":{"rendered":"<div class=\"note note-1\">Sz\u00e9thajthat\u00f3 l\u00e1bas fen\u00e9kszeg t\u00f6bb m\u00e9retben. (7-9-12-16-18-20-22 mm)<\/div>\n<div class=\"note note-2\">A minim\u00e1lisan rendelhet\u0151 mennyis\u00e9g bizonyos sz\u00edn vagy m\u00e9ret eset\u00e9n, a gy\u00e1rt\u00e1si minimum figyelembev\u00e9tele miatt v\u00e1ltozhat.<\/div>\n<div class=\"note note-3\"><\/div>","protected":false},"excerpt":{"rendered":"<p>Sz\u00e9thajthat\u00f3 l\u00e1bas fen\u00e9kszeg t\u00f6bb m\u00e9retben. (7-9-12-16-18-20-22 mm)<\/p>","protected":false},"featured_media":351640,"comment_status":"closed","ping_status":"closed","template":"","meta":{"_seopress_robots_primary_cat":"none","_seopress_titles_title":"T\u00e1skafen\u00e9k szeg (f\u00e9lg\u00f6mb) (50272\/L)","_seopress_titles_desc":"Sz\u00e9thajthat\u00f3 l\u00e1bas fen\u00e9kszeg t\u00f6bb m\u00e9retben. (7-9-12-16-18-20-22 mm)","_seopress_robots_index":""},"product_brand":[],"product_cat":[2273],"product_tag":[2364],"class_list":{"0":"post-344951","1":"product","2":"type-product","3":"status-publish","4":"has-post-thumbnail","6":"product_cat-taska-es-ov-kiegeszitok","7":"product_tag-bordiszmu-es-ruhagyartas","8":"pa_meret-2131","9":"pa_meret-2180","10":"pa_meret-1899","11":"pa_meret-1901","12":"pa_meret-1902","13":"pa_meret-1903","14":"pa_meret-1904","15":"pa_szin-arany","16":"pa_szin-bronz-antik","17":"pa_szin-fekete-nikkel","18":"pa_szin-nikkel","19":"pa_szin-sargarez-antik","21":"first","22":"instock","23":"purchasable","24":"product-type-variable"},"_links":{"self":[{"href":"https:\/\/cipokellekek.hu\/en\/wp-json\/wp\/v2\/product\/344951","targetHints":{"allow":["GET"]}}],"collection":[{"href":"https:\/\/cipokellekek.hu\/en\/wp-json\/wp\/v2\/product"}],"about":[{"href":"https:\/\/cipokellekek.hu\/en\/wp-json\/wp\/v2\/types\/product"}],"replies":[{"embeddable":true,"href":"https:\/\/cipokellekek.hu\/en\/wp-json\/wp\/v2\/comments?post=344951"}],"wp:featuredmedia":[{"embeddable":true,"href":"https:\/\/cipokellekek.hu\/en\/wp-json\/wp\/v2\/media\/351640"}],"wp:attachment":[{"href":"https:\/\/cipokellekek.hu\/en\/wp-json\/wp\/v2\/media?parent=344951"}],"wp:term":[{"taxonomy":"product_brand","embeddable":true,"href":"https:\/\/cipokellekek.hu\/en\/wp-json\/wp\/v2\/product_brand?post=344951"},{"taxonomy":"product_cat","embeddable":true,"href":"https:\/\/cipokellekek.hu\/en\/wp-json\/wp\/v2\/product_cat?post=344951"},{"taxonomy":"product_tag","embeddable":true,"href":"https:\/\/cipokellekek.hu\/en\/wp-json\/wp\/v2\/product_tag?post=344951"}],"curies":[{"name":"wp","href":"https:\/\/api.w.org\/{rel}","templated":true}]}}