{"id":344946,"date":"2023-09-11T17:01:09","date_gmt":"2023-09-11T15:01:09","guid":{"rendered":"https:\/\/dev.sysvol.hu\/belso\/termek\/pisztolytaska-gomb-50245-ii\/"},"modified":"2025-10-12T16:23:58","modified_gmt":"2025-10-12T14:23:58","slug":"pisztolytaska-gomb-50245-ii","status":"publish","type":"product","link":"https:\/\/cipokellekek.hu\/en\/uzlet\/taska-es-ov-kiegeszitok\/pisztolytaska-gomb-50245-ii\/","title":{"rendered":"Pisztolyt\u00e1ska gomb (50245\/II)"},"content":{"rendered":"<div class=\"note note-1\">G\u00f6mfej\u0171 d\u00edsz csavaros d\u00edsz. Aj\u00e1nlott t\u00e1sk\u00e1khoz, tarsolyokhoz, \u00f6vekhez. G\u00f6mb \u00e1tm\u00e9r\u0151: 7 mm, csavar hossz\u00fas\u00e1g: 7 mm.<\/div>\n<div class=\"note note-2\">A minim\u00e1lisan rendelhet\u0151 mennyis\u00e9g bizonyos sz\u00edn vagy m\u00e9ret eset\u00e9n, a gy\u00e1rt\u00e1si minimum figyelembev\u00e9tele miatt v\u00e1ltozhat.<\/div>\n<div class=\"note note-3\"><\/div>","protected":false},"excerpt":{"rendered":"<p>G\u00f6mfej\u0171 d\u00edsz csavaros d\u00edsz. Aj\u00e1nlott t\u00e1sk\u00e1khoz, tarsolyokhoz, \u00f6vekhez. G\u00f6mb \u00e1tm\u00e9r\u0151: 7 mm, csavar hossz\u00fas\u00e1g: 7 mm.<\/p>","protected":false},"featured_media":352074,"comment_status":"closed","ping_status":"closed","template":"","meta":{"_seopress_robots_primary_cat":"none","_seopress_titles_title":"Pisztolyt\u00e1ska gomb (50245\/II)","_seopress_titles_desc":"G\u00f6mfej\u0171 d\u00edsz csavaros d\u00edsz. Aj\u00e1nlott t\u00e1sk\u00e1khoz, tarsolyokhoz, \u00f6vekhez. G\u00f6mb \u00e1tm\u00e9r\u0151: 7 mm, csavar hossz\u00fas\u00e1g: 7 mm.","_seopress_robots_index":""},"product_brand":[],"product_cat":[2273],"product_tag":[2364],"class_list":{"0":"post-344946","1":"product","2":"type-product","3":"status-publish","4":"has-post-thumbnail","6":"product_cat-taska-es-ov-kiegeszitok","7":"product_tag-bordiszmu-es-ruhagyartas","8":"pa_szin-arany","9":"pa_szin-fekete-nikkel","10":"pa_szin-nikkel","11":"pa_szin-sargarez-antik","13":"first","14":"instock","15":"purchasable","16":"product-type-variable"},"_links":{"self":[{"href":"https:\/\/cipokellekek.hu\/en\/wp-json\/wp\/v2\/product\/344946","targetHints":{"allow":["GET"]}}],"collection":[{"href":"https:\/\/cipokellekek.hu\/en\/wp-json\/wp\/v2\/product"}],"about":[{"href":"https:\/\/cipokellekek.hu\/en\/wp-json\/wp\/v2\/types\/product"}],"replies":[{"embeddable":true,"href":"https:\/\/cipokellekek.hu\/en\/wp-json\/wp\/v2\/comments?post=344946"}],"wp:featuredmedia":[{"embeddable":true,"href":"https:\/\/cipokellekek.hu\/en\/wp-json\/wp\/v2\/media\/352074"}],"wp:attachment":[{"href":"https:\/\/cipokellekek.hu\/en\/wp-json\/wp\/v2\/media?parent=344946"}],"wp:term":[{"taxonomy":"product_brand","embeddable":true,"href":"https:\/\/cipokellekek.hu\/en\/wp-json\/wp\/v2\/product_brand?post=344946"},{"taxonomy":"product_cat","embeddable":true,"href":"https:\/\/cipokellekek.hu\/en\/wp-json\/wp\/v2\/product_cat?post=344946"},{"taxonomy":"product_tag","embeddable":true,"href":"https:\/\/cipokellekek.hu\/en\/wp-json\/wp\/v2\/product_tag?post=344946"}],"curies":[{"name":"wp","href":"https:\/\/api.w.org\/{rel}","templated":true}]}}