{"id":344945,"date":"2023-09-11T17:01:09","date_gmt":"2023-09-11T15:01:09","guid":{"rendered":"https:\/\/dev.sysvol.hu\/belso\/termek\/taskafenek-szeg-piramis-50019\/"},"modified":"2025-10-12T16:21:55","modified_gmt":"2025-10-12T14:21:55","slug":"taskafenek-szeg-piramis-50019","status":"publish","type":"product","link":"https:\/\/cipokellekek.hu\/en\/uzlet\/taska-es-ov-kiegeszitok\/taskafenek-szeg-piramis-50019\/","title":{"rendered":"T\u00e1skafen\u00e9k szeg (piramis) (50019)"},"content":{"rendered":"<div class=\"note note-1\">Szegeccsel r\u00f6gz\u00edthet\u0151 t\u00e1skaalj d\u00edsz\u00edt\u0151 elem. M\u00e9rete: 9 mm x 9 mm<\/div>\n<div class=\"note note-2\"><\/div>\n<div class=\"note note-3\"><\/div>","protected":false},"excerpt":{"rendered":"<p>Szegeccsel r\u00f6gz\u00edthet\u0151 t\u00e1skaalj d\u00edsz\u00edt\u0151 elem. M\u00e9rete: 9 mm x 9 mm<\/p>","protected":false},"featured_media":351639,"comment_status":"closed","ping_status":"closed","template":"","meta":{"_seopress_robots_primary_cat":"none","_seopress_titles_title":"T\u00e1skafen\u00e9k szeg (piramis) (50019)","_seopress_titles_desc":"Szegeccsel r\u00f6gz\u00edthet\u0151 t\u00e1skaalj d\u00edsz\u00edt\u0151 elem. M\u00e9rete: 9 mm x 9 mm","_seopress_robots_index":""},"product_brand":[],"product_cat":[2273],"product_tag":[2364],"class_list":{"0":"post-344945","1":"product","2":"type-product","3":"status-publish","4":"has-post-thumbnail","6":"product_cat-taska-es-ov-kiegeszitok","7":"product_tag-bordiszmu-es-ruhagyartas","8":"pa_szin-nikkel","10":"first","11":"instock","12":"purchasable","13":"product-type-simple"},"_links":{"self":[{"href":"https:\/\/cipokellekek.hu\/en\/wp-json\/wp\/v2\/product\/344945","targetHints":{"allow":["GET"]}}],"collection":[{"href":"https:\/\/cipokellekek.hu\/en\/wp-json\/wp\/v2\/product"}],"about":[{"href":"https:\/\/cipokellekek.hu\/en\/wp-json\/wp\/v2\/types\/product"}],"replies":[{"embeddable":true,"href":"https:\/\/cipokellekek.hu\/en\/wp-json\/wp\/v2\/comments?post=344945"}],"wp:featuredmedia":[{"embeddable":true,"href":"https:\/\/cipokellekek.hu\/en\/wp-json\/wp\/v2\/media\/351639"}],"wp:attachment":[{"href":"https:\/\/cipokellekek.hu\/en\/wp-json\/wp\/v2\/media?parent=344945"}],"wp:term":[{"taxonomy":"product_brand","embeddable":true,"href":"https:\/\/cipokellekek.hu\/en\/wp-json\/wp\/v2\/product_brand?post=344945"},{"taxonomy":"product_cat","embeddable":true,"href":"https:\/\/cipokellekek.hu\/en\/wp-json\/wp\/v2\/product_cat?post=344945"},{"taxonomy":"product_tag","embeddable":true,"href":"https:\/\/cipokellekek.hu\/en\/wp-json\/wp\/v2\/product_tag?post=344945"}],"curies":[{"name":"wp","href":"https:\/\/api.w.org\/{rel}","templated":true}]}}