{"id":344934,"date":"2023-09-11T17:01:09","date_gmt":"2023-09-11T15:01:09","guid":{"rendered":"https:\/\/dev.sysvol.hu\/belso\/termek\/taskafenek-szeg-csonka-kup-50010\/"},"modified":"2025-10-12T16:19:23","modified_gmt":"2025-10-12T14:19:23","slug":"taskafenek-szeg-csonka-kup-50010","status":"publish","type":"product","link":"https:\/\/cipokellekek.hu\/en\/uzlet\/taska-es-ov-kiegeszitok\/taskafenek-szeg-csonka-kup-50010\/","title":{"rendered":"T\u00e1skafen\u00e9k szeg (csonka k\u00fap) (50010)"},"content":{"rendered":"<div class=\"note note-1\">Szegeccsel r\u00f6gz\u00edthet\u0151 t\u00e1skalj d\u00edsz\u00edt\u0151 elem, k\u00e9t m\u00e9retben: 8 mm \u00e9s 11 mm m\u00e9retben (alap m\u00e9rete).<\/div>\n<div class=\"note note-2\">A minim\u00e1lisan rendelhet\u0151 mennyis\u00e9g bizonyos sz\u00edn vagy m\u00e9ret eset\u00e9n, a gy\u00e1rt\u00e1si minimum figyelembev\u00e9tele miatt v\u00e1ltozhat.<\/div>\n<div class=\"note note-3\"><\/div>","protected":false},"excerpt":{"rendered":"<p>Szegeccsel r\u00f6gz\u00edthet\u0151 t\u00e1skalj d\u00edsz\u00edt\u0151 elem, k\u00e9t m\u00e9retben: 8 mm \u00e9s 11 mm m\u00e9retben (alap m\u00e9rete).<\/p>","protected":false},"featured_media":351638,"comment_status":"closed","ping_status":"closed","template":"","meta":{"_seopress_robots_primary_cat":"none","_seopress_titles_title":"T\u00e1skafen\u00e9k szeg (csonka k\u00fap) (50010)","_seopress_titles_desc":"Szegeccsel r\u00f6gz\u00edthet\u0151 t\u00e1skalj d\u00edsz\u00edt\u0151 elem, k\u00e9t m\u00e9retben: 8 mm \u00e9s 11 mm m\u00e9retben (alap m\u00e9rete).","_seopress_robots_index":""},"product_brand":[],"product_cat":[2273],"product_tag":[2364],"class_list":{"0":"post-344934","1":"product","2":"type-product","3":"status-publish","4":"has-post-thumbnail","6":"product_cat-taska-es-ov-kiegeszitok","7":"product_tag-bordiszmu-es-ruhagyartas","8":"pa_meret-2101","9":"pa_meret-2183","10":"pa_szin-bronz-antik","11":"pa_szin-fekete-nikkel","12":"pa_szin-fenyes-sargarez","13":"pa_szin-nikkel","14":"pa_szin-sargarez-antik","16":"first","17":"instock","18":"purchasable","19":"product-type-variable"},"_links":{"self":[{"href":"https:\/\/cipokellekek.hu\/en\/wp-json\/wp\/v2\/product\/344934","targetHints":{"allow":["GET"]}}],"collection":[{"href":"https:\/\/cipokellekek.hu\/en\/wp-json\/wp\/v2\/product"}],"about":[{"href":"https:\/\/cipokellekek.hu\/en\/wp-json\/wp\/v2\/types\/product"}],"replies":[{"embeddable":true,"href":"https:\/\/cipokellekek.hu\/en\/wp-json\/wp\/v2\/comments?post=344934"}],"wp:featuredmedia":[{"embeddable":true,"href":"https:\/\/cipokellekek.hu\/en\/wp-json\/wp\/v2\/media\/351638"}],"wp:attachment":[{"href":"https:\/\/cipokellekek.hu\/en\/wp-json\/wp\/v2\/media?parent=344934"}],"wp:term":[{"taxonomy":"product_brand","embeddable":true,"href":"https:\/\/cipokellekek.hu\/en\/wp-json\/wp\/v2\/product_brand?post=344934"},{"taxonomy":"product_cat","embeddable":true,"href":"https:\/\/cipokellekek.hu\/en\/wp-json\/wp\/v2\/product_cat?post=344934"},{"taxonomy":"product_tag","embeddable":true,"href":"https:\/\/cipokellekek.hu\/en\/wp-json\/wp\/v2\/product_tag?post=344934"}],"curies":[{"name":"wp","href":"https:\/\/api.w.org\/{rel}","templated":true}]}}