{"id":344919,"date":"2023-09-11T17:01:09","date_gmt":"2023-09-11T15:01:09","guid":{"rendered":"https:\/\/dev.sysvol.hu\/belso\/termek\/ontott-ovveg-4144\/"},"modified":"2025-10-12T16:13:31","modified_gmt":"2025-10-12T14:13:31","slug":"ontott-ovveg-4144","status":"publish","type":"product","link":"https:\/\/cipokellekek.hu\/en\/uzlet\/taska-es-ov-kiegeszitok\/ontott-ovveg-4144\/","title":{"rendered":"\u00d6nt\u00f6tt \u00f6vv\u00e9g (4144)"},"content":{"rendered":"<div class=\"note note-1\">\u00d6nt\u00f6tt \u00f6vv\u00e9g, k\u00fcl\u00f6nb\u00f6z\u0151 sz\u00e9less\u00e9g\u0171 \u00f6vekhez.<\/div>\n<div class=\"note note-2\"><\/div>\n<div class=\"note note-3\"><\/div>","protected":false},"excerpt":{"rendered":"<p>\u00d6nt\u00f6tt \u00f6vv\u00e9g, k\u00fcl\u00f6nb\u00f6z\u0151 sz\u00e9less\u00e9g\u0171 \u00f6vekhez.<\/p>","protected":false},"featured_media":351635,"comment_status":"closed","ping_status":"closed","template":"","meta":{"_seopress_robots_primary_cat":"none","_seopress_titles_title":"\u00d6nt\u00f6tt \u00f6vv\u00e9g (4144)","_seopress_titles_desc":"\u00d6nt\u00f6tt \u00f6vv\u00e9g, k\u00fcl\u00f6nb\u00f6z\u0151 sz\u00e9less\u00e9g\u0171 \u00f6vekhez.","_seopress_robots_index":""},"product_brand":[],"product_cat":[2273],"product_tag":[2364],"class_list":{"0":"post-344919","1":"product","2":"type-product","3":"status-publish","4":"has-post-thumbnail","6":"product_cat-taska-es-ov-kiegeszitok","7":"product_tag-bordiszmu-es-ruhagyartas","8":"pa_meret-1900","9":"pa_meret-1901","10":"pa_szin-fenyes-sargarez","11":"pa_szin-nikkel","13":"first","14":"instock","15":"purchasable","16":"product-type-variable"},"_links":{"self":[{"href":"https:\/\/cipokellekek.hu\/en\/wp-json\/wp\/v2\/product\/344919","targetHints":{"allow":["GET"]}}],"collection":[{"href":"https:\/\/cipokellekek.hu\/en\/wp-json\/wp\/v2\/product"}],"about":[{"href":"https:\/\/cipokellekek.hu\/en\/wp-json\/wp\/v2\/types\/product"}],"replies":[{"embeddable":true,"href":"https:\/\/cipokellekek.hu\/en\/wp-json\/wp\/v2\/comments?post=344919"}],"wp:featuredmedia":[{"embeddable":true,"href":"https:\/\/cipokellekek.hu\/en\/wp-json\/wp\/v2\/media\/351635"}],"wp:attachment":[{"href":"https:\/\/cipokellekek.hu\/en\/wp-json\/wp\/v2\/media?parent=344919"}],"wp:term":[{"taxonomy":"product_brand","embeddable":true,"href":"https:\/\/cipokellekek.hu\/en\/wp-json\/wp\/v2\/product_brand?post=344919"},{"taxonomy":"product_cat","embeddable":true,"href":"https:\/\/cipokellekek.hu\/en\/wp-json\/wp\/v2\/product_cat?post=344919"},{"taxonomy":"product_tag","embeddable":true,"href":"https:\/\/cipokellekek.hu\/en\/wp-json\/wp\/v2\/product_tag?post=344919"}],"curies":[{"name":"wp","href":"https:\/\/api.w.org\/{rel}","templated":true}]}}