{"id":344908,"date":"2023-09-11T17:01:09","date_gmt":"2023-09-11T15:01:09","guid":{"rendered":"https:\/\/dev.sysvol.hu\/belso\/termek\/sarokek-d292-ek\/"},"modified":"2025-09-06T17:46:06","modified_gmt":"2025-09-06T15:46:06","slug":"sarokek-d292-ek","status":"publish","type":"product","link":"https:\/\/cipokellekek.hu\/en\/uzlet\/cipotalp-anyagok\/sarokanyagok-sarokekek\/sarokek-d292-ek\/","title":{"rendered":"Sarok\u00e9k (D292\/\u00c9k)"},"content":{"rendered":"<div class=\"note note-1\">Sarok\u00e9k norm\u00e1l kem\u00e9nys\u00e9g\u0171 sarokanyagb\u00f3l. M\u00e9retek: 625 mm x 40 mm x 8 mm, 625 mm x 50 mm x 10 mm, 625 mm x 60 mm x 15 mm<\/div>\n<div class=\"note note-2\"><\/div>\n<div class=\"note note-3\"><\/div>","protected":false},"excerpt":{"rendered":"<p>Sarok\u00e9k norm\u00e1l kem\u00e9nys\u00e9g\u0171 sarokanyagb\u00f3l. M\u00e9retek: 625 mm x 40 mm x 8 mm, 625 mm x 50 mm x 10 mm, 625 mm x 60 mm x 15 mm<\/p>","protected":false},"featured_media":351633,"comment_status":"closed","ping_status":"closed","template":"","meta":{"_seopress_robots_primary_cat":"none","_seopress_titles_title":"Sarok\u00e9k (D292\/\u00c9k)","_seopress_titles_desc":"Sarok\u00e9k norm\u00e1l kem\u00e9nys\u00e9g\u0171 sarokanyagb\u00f3l. M\u00e9retek: 625 mm x 40 mm x 8 mm, 625 mm x 50 mm x 10 mm, 625 mm x 60 mm x 15 mm","_seopress_robots_index":""},"product_brand":[],"product_cat":[2210,2272],"product_tag":[2363],"class_list":{"0":"post-344908","1":"product","2":"type-product","3":"status-publish","4":"has-post-thumbnail","6":"product_cat-cipotalp-anyagok","7":"product_cat-sarokanyagok-sarokekek","8":"product_tag-cipogyartas-es-cipojavitas","9":"pa_meret-2101","10":"pa_meret-1898","11":"pa_meret-2133","12":"pa_szin-fekete","13":"pa_szin-sotet-barna","15":"first","16":"instock","17":"purchasable","18":"product-type-variable"},"_links":{"self":[{"href":"https:\/\/cipokellekek.hu\/en\/wp-json\/wp\/v2\/product\/344908","targetHints":{"allow":["GET"]}}],"collection":[{"href":"https:\/\/cipokellekek.hu\/en\/wp-json\/wp\/v2\/product"}],"about":[{"href":"https:\/\/cipokellekek.hu\/en\/wp-json\/wp\/v2\/types\/product"}],"replies":[{"embeddable":true,"href":"https:\/\/cipokellekek.hu\/en\/wp-json\/wp\/v2\/comments?post=344908"}],"wp:featuredmedia":[{"embeddable":true,"href":"https:\/\/cipokellekek.hu\/en\/wp-json\/wp\/v2\/media\/351633"}],"wp:attachment":[{"href":"https:\/\/cipokellekek.hu\/en\/wp-json\/wp\/v2\/media?parent=344908"}],"wp:term":[{"taxonomy":"product_brand","embeddable":true,"href":"https:\/\/cipokellekek.hu\/en\/wp-json\/wp\/v2\/product_brand?post=344908"},{"taxonomy":"product_cat","embeddable":true,"href":"https:\/\/cipokellekek.hu\/en\/wp-json\/wp\/v2\/product_cat?post=344908"},{"taxonomy":"product_tag","embeddable":true,"href":"https:\/\/cipokellekek.hu\/en\/wp-json\/wp\/v2\/product_tag?post=344908"}],"curies":[{"name":"wp","href":"https:\/\/api.w.org\/{rel}","templated":true}]}}